{"id":1774,"date":"2018-06-18T17:41:12","date_gmt":"2018-06-18T15:41:12","guid":{"rendered":"https:\/\/www.lgcge.fr\/?page_id=1774"},"modified":"2020-06-26T16:57:58","modified_gmt":"2020-06-26T14:57:58","slug":"international-rilem-worlshop-on-rheological-measurements-of-cement-based-materials","status":"publish","type":"page","link":"https:\/\/www.lgcge.fr\/en\/productions-scientifiques\/colloques-seminaires\/international-rilem-worlshop-on-rheological-measurements-of-cement-based-materials\/","title":{"rendered":"International RILEM Workshop on Rheological Measurements of Cement-based Materials"},"content":{"rendered":"<h1><strong>30-31 mai 2018, Universit\u00e9 d&#8217;Artois &#8211; Arras<\/strong><\/h1>\n<p>L\u2019\u00e9quipe de recherche (ER3) \u00ab\u00a0Mat\u00e9riaux b\u00e9ton et composites\u00a0\u00bb du LGCgE universit\u00e9 d\u2019Artois a organis\u00e9 derni\u00e8rement deux manifestations majeures sur les propri\u00e9t\u00e9s rh\u00e9ologiques des b\u00e9tons en partenariat avec la RILEM.<\/p>\n<p>Ces derni\u00e8res ann\u00e9es, l\u2019\u00e9tude du comportement rh\u00e9ologique et tribologique des b\u00e9tons a connu des avanc\u00e9es importantes avec l\u2019apparition de nombreux b\u00e9tons fluides et la construction d\u2019ouvrages de plus en plus complexes. De nombreux moyens pour caract\u00e9riser le b\u00e9ton ont \u00e9galement \u00e9t\u00e9 mis au point.<\/p>\n<p>Du 29 au 30 mai \u00e0 l\u2019IUT de B\u00e9thune &#8211; Universit\u00e9 d\u2019Artois, s\u2019est tenue une campagne exp\u00e9rimentale internationale de mesure des propri\u00e9t\u00e9s rh\u00e9ologiques des mat\u00e9riaux \u00e0 base de ciment. Plusieurs entreprises et chercheurs de diff\u00e9rentes nationalit\u00e9s (allemands, anglais, am\u00e9ricains, br\u00e9siliens, chiliens etc\u2026) sont venus avec leurs rh\u00e9om\u00e8tres pour tester 6 compositions diff\u00e9rentes de b\u00e9tons. Les proc\u00e9dures d\u2019essai mise en places permettront ainsi de comparer les r\u00e9sultats obtenus par les diff\u00e9rents rh\u00e9om\u00e8tres existants. Suite \u00e0 ces essais un document sera \u00e9dit\u00e9 en collaboration avec la RILEM regroupant une description des rh\u00e9om\u00e8tres, l\u2019exploitation des r\u00e9sultats et une corr\u00e9lation sera \u00e9tablie entre les diff\u00e9rents appareils.<\/p>\n<p>Cette manifestation a \u00e9t\u00e9 tr\u00e8s appr\u00e9ci\u00e9e par ses participants qui ont salu\u00e9 le travail effectu\u00e9 par les organisateurs et la disponibilit\u00e9 du partenaire EQIOM qui a \u00e9t\u00e9 tr\u00e8s r\u00e9actif sur les diff\u00e9rentes compositions de b\u00e9tons.<\/p>\n<p>Le 31 mai 2018, lors d\u2019un workshop, une soixantaine de chercheurs, industriels et \u00e9tudiants sont venus \u00e9changer et proposer des solutions sur les probl\u00e9matiques industrielles concernant les propri\u00e9t\u00e9s rh\u00e9ologique et tribologique des b\u00e9tons et les nouvelles instrumentations permettant d\u2019acc\u00e9der au comportement du b\u00e9ton lors de sa mise en \u0153uvre sur les chantiers.<\/p>\n<h3><\/h3>\n<h2>\n<h4 style=\"font-size: inherit; white-space: normal;\"><strong>Comparison of concrete Rheometers 29-30 May, 2018<\/strong><\/h4>\n<\/h2>\n<style type=\"text\/css\">\n\t\t\t#gallery-5 {\n\t\t\t\tmargin: auto;\n\t\t\t}\n\t\t\t#gallery-5 .gallery-item {\n\t\t\t\tfloat: left;\n\t\t\t\tmargin-top: 10px;\n\t\t\t\ttext-align: center;\n\t\t\t\twidth: 25%;\n\t\t\t}\n\t\t\t#gallery-5 img {\n\t\t\t\tborder: 2px solid #cfcfcf;\n\t\t\t}\n\t\t\t#gallery-5 .gallery-caption {\n\t\t\t\tmargin-left: 0;\n\t\t\t}\n\t\t\t\/* see gallery_shortcode() in wp-includes\/media.php *\/\n\t\t<\/style>\n<dl class='gallery-item'>\n<dt class='gallery-icon portrait'>\n\t\t\t\t<a data-elementor-open-lightbox=\"yes\" data-elementor-lightbox-slideshow=\"5988071\" data-elementor-lightbox-title=\"DSC05983\" href='https:\/\/www.lgcge.fr\/wp-content\/uploads\/2018\/06\/DSC05983.jpg'><img loading=\"lazy\" decoding=\"async\" width=\"150\" height=\"150\" src=\"https:\/\/www.lgcge.fr\/wp-content\/uploads\/2018\/06\/DSC05983-150x150.jpg\" alt=\"\" \/><\/a>\n\t\t\t<\/dt>\n<\/dl>\n<dl class='gallery-item'>\n<dt class='gallery-icon portrait'>\n\t\t\t\t<a data-elementor-open-lightbox=\"yes\" data-elementor-lightbox-slideshow=\"5988071\" data-elementor-lightbox-title=\"DSC05991\" href='https:\/\/www.lgcge.fr\/wp-content\/uploads\/2018\/06\/DSC05991.jpg'><img loading=\"lazy\" decoding=\"async\" width=\"150\" height=\"150\" src=\"https:\/\/www.lgcge.fr\/wp-content\/uploads\/2018\/06\/DSC05991-150x150.jpg\" alt=\"\" \/><\/a>\n\t\t\t<\/dt>\n<\/dl>\n<dl class='gallery-item'>\n<dt class='gallery-icon portrait'>\n\t\t\t\t<a data-elementor-open-lightbox=\"yes\" data-elementor-lightbox-slideshow=\"5988071\" data-elementor-lightbox-title=\"DSC05992\" href='https:\/\/www.lgcge.fr\/wp-content\/uploads\/2018\/06\/DSC05992.jpg'><img loading=\"lazy\" decoding=\"async\" width=\"150\" height=\"150\" src=\"https:\/\/www.lgcge.fr\/wp-content\/uploads\/2018\/06\/DSC05992-150x150.jpg\" alt=\"\" \/><\/a>\n\t\t\t<\/dt>\n<\/dl>\n<dl class='gallery-item'>\n<dt class='gallery-icon portrait'>\n\t\t\t\t<a data-elementor-open-lightbox=\"yes\" data-elementor-lightbox-slideshow=\"5988071\" data-elementor-lightbox-title=\"DSC05994\" href='https:\/\/www.lgcge.fr\/wp-content\/uploads\/2018\/06\/DSC05994.jpg'><img loading=\"lazy\" decoding=\"async\" width=\"150\" height=\"150\" src=\"https:\/\/www.lgcge.fr\/wp-content\/uploads\/2018\/06\/DSC05994-150x150.jpg\" alt=\"\" \/><\/a>\n\t\t\t<\/dt>\n<\/dl>\n<p><br style=\"clear: both\" \/><\/p>\n<dl class='gallery-item'>\n<dt class='gallery-icon portrait'>\n\t\t\t\t<a data-elementor-open-lightbox=\"yes\" data-elementor-lightbox-slideshow=\"5988071\" data-elementor-lightbox-title=\"DSC05997\" href='https:\/\/www.lgcge.fr\/wp-content\/uploads\/2018\/06\/DSC05997.jpg'><img loading=\"lazy\" decoding=\"async\" width=\"150\" height=\"150\" src=\"https:\/\/www.lgcge.fr\/wp-content\/uploads\/2018\/06\/DSC05997-150x150.jpg\" alt=\"\" \/><\/a>\n\t\t\t<\/dt>\n<\/dl>\n<dl class='gallery-item'>\n<dt class='gallery-icon landscape'>\n\t\t\t\t<a data-elementor-open-lightbox=\"yes\" data-elementor-lightbox-slideshow=\"5988071\" data-elementor-lightbox-title=\"DSC06008\" href='https:\/\/www.lgcge.fr\/wp-content\/uploads\/2018\/06\/DSC06008.jpg'><img loading=\"lazy\" decoding=\"async\" width=\"150\" height=\"150\" src=\"https:\/\/www.lgcge.fr\/wp-content\/uploads\/2018\/06\/DSC06008-150x150.jpg\" alt=\"\" \/><\/a>\n\t\t\t<\/dt>\n<\/dl>\n<dl class='gallery-item'>\n<dt class='gallery-icon portrait'>\n\t\t\t\t<a data-elementor-open-lightbox=\"yes\" data-elementor-lightbox-slideshow=\"5988071\" data-elementor-lightbox-title=\"DSC06025\" href='https:\/\/www.lgcge.fr\/wp-content\/uploads\/2018\/06\/DSC06025.jpg'><img loading=\"lazy\" decoding=\"async\" width=\"150\" height=\"150\" src=\"https:\/\/www.lgcge.fr\/wp-content\/uploads\/2018\/06\/DSC06025-150x150.jpg\" alt=\"\" \/><\/a>\n\t\t\t<\/dt>\n<\/dl>\n<dl class='gallery-item'>\n<dt class='gallery-icon portrait'>\n\t\t\t\t<a data-elementor-open-lightbox=\"yes\" data-elementor-lightbox-slideshow=\"5988071\" data-elementor-lightbox-title=\"DSC06067\" href='https:\/\/www.lgcge.fr\/wp-content\/uploads\/2018\/06\/DSC06067.jpg'><img loading=\"lazy\" decoding=\"async\" width=\"150\" height=\"150\" src=\"https:\/\/www.lgcge.fr\/wp-content\/uploads\/2018\/06\/DSC06067-150x150.jpg\" alt=\"\" \/><\/a>\n\t\t\t<\/dt>\n<\/dl>\n<p><br style=\"clear: both\" \/><\/p>\n<dl class='gallery-item'>\n<dt class='gallery-icon landscape'>\n\t\t\t\t<a data-elementor-open-lightbox=\"yes\" data-elementor-lightbox-slideshow=\"5988071\" data-elementor-lightbox-title=\"DSC06069\" href='https:\/\/www.lgcge.fr\/wp-content\/uploads\/2018\/06\/DSC06069.jpg'><img loading=\"lazy\" decoding=\"async\" width=\"150\" height=\"150\" src=\"https:\/\/www.lgcge.fr\/wp-content\/uploads\/2018\/06\/DSC06069-150x150.jpg\" alt=\"\" \/><\/a>\n\t\t\t<\/dt>\n<\/dl>\n<p>\t\t\t<br style='clear: both' \/><\/p>\n<h2>\n<h4 style=\"font-size: inherit; white-space: normal;\"><strong>International RILEM Workshop on Rheological Measurements of Cement-based Materials 30-31 May, 2018<\/strong><\/h4>\n<\/h2>\n<style type=\"text\/css\">\n\t\t\t#gallery-6 {\n\t\t\t\tmargin: auto;\n\t\t\t}\n\t\t\t#gallery-6 .gallery-item {\n\t\t\t\tfloat: left;\n\t\t\t\tmargin-top: 10px;\n\t\t\t\ttext-align: center;\n\t\t\t\twidth: 25%;\n\t\t\t}\n\t\t\t#gallery-6 img {\n\t\t\t\tborder: 2px solid #cfcfcf;\n\t\t\t}\n\t\t\t#gallery-6 .gallery-caption {\n\t\t\t\tmargin-left: 0;\n\t\t\t}\n\t\t\t\/* see gallery_shortcode() in wp-includes\/media.php *\/\n\t\t<\/style>\n<dl class='gallery-item'>\n<dt class='gallery-icon landscape'>\n\t\t\t\t<a data-elementor-open-lightbox=\"yes\" data-elementor-lightbox-slideshow=\"23bdd12\" data-elementor-lightbox-title=\"DSCN0525\" href='https:\/\/www.lgcge.fr\/wp-content\/uploads\/2018\/06\/DSCN0525.jpg'><img loading=\"lazy\" decoding=\"async\" width=\"150\" height=\"150\" src=\"https:\/\/www.lgcge.fr\/wp-content\/uploads\/2018\/06\/DSCN0525-150x150.jpg\" alt=\"\" \/><\/a>\n\t\t\t<\/dt>\n<\/dl>\n<dl class='gallery-item'>\n<dt class='gallery-icon landscape'>\n\t\t\t\t<a data-elementor-open-lightbox=\"yes\" data-elementor-lightbox-slideshow=\"23bdd12\" data-elementor-lightbox-title=\"DSCN0523\" href='https:\/\/www.lgcge.fr\/wp-content\/uploads\/2018\/06\/DSCN0523.jpg'><img loading=\"lazy\" decoding=\"async\" width=\"150\" height=\"150\" src=\"https:\/\/www.lgcge.fr\/wp-content\/uploads\/2018\/06\/DSCN0523-150x150.jpg\" alt=\"\" \/><\/a>\n\t\t\t<\/dt>\n<\/dl>\n<dl class='gallery-item'>\n<dt class='gallery-icon landscape'>\n\t\t\t\t<a data-elementor-open-lightbox=\"yes\" data-elementor-lightbox-slideshow=\"23bdd12\" data-elementor-lightbox-title=\"DSC06106\" href='https:\/\/www.lgcge.fr\/wp-content\/uploads\/2018\/06\/DSC06106.jpg'><img loading=\"lazy\" decoding=\"async\" width=\"150\" height=\"150\" src=\"https:\/\/www.lgcge.fr\/wp-content\/uploads\/2018\/06\/DSC06106-150x150.jpg\" alt=\"\" \/><\/a>\n\t\t\t<\/dt>\n<\/dl>\n<dl class='gallery-item'>\n<dt class='gallery-icon landscape'>\n\t\t\t\t<a data-elementor-open-lightbox=\"yes\" data-elementor-lightbox-slideshow=\"23bdd12\" data-elementor-lightbox-title=\"DSC06101\" href='https:\/\/www.lgcge.fr\/wp-content\/uploads\/2018\/06\/DSC06101.jpg'><img loading=\"lazy\" decoding=\"async\" width=\"150\" height=\"150\" src=\"https:\/\/www.lgcge.fr\/wp-content\/uploads\/2018\/06\/DSC06101-150x150.jpg\" alt=\"\" \/><\/a>\n\t\t\t<\/dt>\n<\/dl>\n<p><br style=\"clear: both\" \/><\/p>\n<dl class='gallery-item'>\n<dt class='gallery-icon landscape'>\n\t\t\t\t<a data-elementor-open-lightbox=\"yes\" data-elementor-lightbox-slideshow=\"23bdd12\" data-elementor-lightbox-title=\"DSC06095\" href='https:\/\/www.lgcge.fr\/wp-content\/uploads\/2018\/06\/DSC06095.jpg'><img loading=\"lazy\" decoding=\"async\" width=\"150\" height=\"150\" src=\"https:\/\/www.lgcge.fr\/wp-content\/uploads\/2018\/06\/DSC06095-150x150.jpg\" alt=\"\" \/><\/a>\n\t\t\t<\/dt>\n<\/dl>\n<dl class='gallery-item'>\n<dt class='gallery-icon landscape'>\n\t\t\t\t<a data-elementor-open-lightbox=\"yes\" data-elementor-lightbox-slideshow=\"23bdd12\" data-elementor-lightbox-title=\"DSC06085\" href='https:\/\/www.lgcge.fr\/wp-content\/uploads\/2018\/06\/DSC06085.jpg'><img loading=\"lazy\" decoding=\"async\" width=\"150\" height=\"150\" src=\"https:\/\/www.lgcge.fr\/wp-content\/uploads\/2018\/06\/DSC06085-150x150.jpg\" alt=\"\" \/><\/a>\n\t\t\t<\/dt>\n<\/dl>\n<dl class='gallery-item'>\n<dt class='gallery-icon landscape'>\n\t\t\t\t<a data-elementor-open-lightbox=\"yes\" data-elementor-lightbox-slideshow=\"23bdd12\" data-elementor-lightbox-title=\"DSC06082\" href='https:\/\/www.lgcge.fr\/wp-content\/uploads\/2018\/06\/DSC06082.jpg'><img loading=\"lazy\" decoding=\"async\" width=\"150\" height=\"150\" src=\"https:\/\/www.lgcge.fr\/wp-content\/uploads\/2018\/06\/DSC06082-150x150.jpg\" alt=\"\" \/><\/a>\n\t\t\t<\/dt>\n<\/dl>\n<dl class='gallery-item'>\n<dt class='gallery-icon landscape'>\n\t\t\t\t<a data-elementor-open-lightbox=\"yes\" data-elementor-lightbox-slideshow=\"23bdd12\" data-elementor-lightbox-title=\"DSC06081\" href='https:\/\/www.lgcge.fr\/wp-content\/uploads\/2018\/06\/DSC06081.jpg'><img loading=\"lazy\" decoding=\"async\" width=\"150\" height=\"150\" src=\"https:\/\/www.lgcge.fr\/wp-content\/uploads\/2018\/06\/DSC06081-150x150.jpg\" alt=\"\" \/><\/a>\n\t\t\t<\/dt>\n<\/dl>\n<p><br style=\"clear: both\" \/><\/p>\n<dl class='gallery-item'>\n<dt class='gallery-icon landscape'>\n\t\t\t\t<a data-elementor-open-lightbox=\"yes\" data-elementor-lightbox-slideshow=\"23bdd12\" data-elementor-lightbox-title=\"DSCN0532\" href='https:\/\/www.lgcge.fr\/wp-content\/uploads\/2018\/06\/DSCN0532.jpg'><img loading=\"lazy\" decoding=\"async\" width=\"150\" height=\"150\" src=\"https:\/\/www.lgcge.fr\/wp-content\/uploads\/2018\/06\/DSCN0532-150x150.jpg\" alt=\"\" \/><\/a>\n\t\t\t<\/dt>\n<\/dl>\n<p>\t\t\t<br style='clear: both' \/><\/p>","protected":false},"excerpt":{"rendered":"<p>30-31 mai 2018, Universit\u00e9 d&#8217;Artois &#8211; Arras L\u2019\u00e9quipe de recherche (ER3) \u00ab\u00a0Mat\u00e9riaux b\u00e9ton et composites\u00a0\u00bb du LGCgE universit\u00e9 d\u2019Artois a organis\u00e9 derni\u00e8rement deux manifestations majeures sur les propri\u00e9t\u00e9s rh\u00e9ologiques des b\u00e9tons en partenariat avec la RILEM. Ces derni\u00e8res ann\u00e9es, l\u2019\u00e9tude du comportement rh\u00e9ologique et tribologique des b\u00e9tons a connu des [&hellip;]<\/p>\n","protected":false},"author":15305,"featured_media":0,"parent":272,"menu_order":0,"comment_status":"closed","ping_status":"closed","template":"","meta":{"_acf_changed":false,"_bbp_topic_count":0,"_bbp_reply_count":0,"_bbp_total_topic_count":0,"_bbp_total_reply_count":0,"_bbp_voice_count":0,"_bbp_anonymous_reply_count":0,"_bbp_topic_count_hidden":0,"_bbp_reply_count_hidden":0,"_bbp_forum_subforum_count":0,"footnotes":""},"class_list":["post-1774","page","type-page","status-publish","hentry"],"acf":[],"_links":{"self":[{"href":"https:\/\/www.lgcge.fr\/en\/wp-json\/wp\/v2\/pages\/1774","targetHints":{"allow":["GET"]}}],"collection":[{"href":"https:\/\/www.lgcge.fr\/en\/wp-json\/wp\/v2\/pages"}],"about":[{"href":"https:\/\/www.lgcge.fr\/en\/wp-json\/wp\/v2\/types\/page"}],"author":[{"embeddable":true,"href":"https:\/\/www.lgcge.fr\/en\/wp-json\/wp\/v2\/users\/15305"}],"replies":[{"embeddable":true,"href":"https:\/\/www.lgcge.fr\/en\/wp-json\/wp\/v2\/comments?post=1774"}],"version-history":[{"count":14,"href":"https:\/\/www.lgcge.fr\/en\/wp-json\/wp\/v2\/pages\/1774\/revisions"}],"predecessor-version":[{"id":3573,"href":"https:\/\/www.lgcge.fr\/en\/wp-json\/wp\/v2\/pages\/1774\/revisions\/3573"}],"up":[{"embeddable":true,"href":"https:\/\/www.lgcge.fr\/en\/wp-json\/wp\/v2\/pages\/272"}],"wp:attachment":[{"href":"https:\/\/www.lgcge.fr\/en\/wp-json\/wp\/v2\/media?parent=1774"}],"curies":[{"name":"wp","href":"https:\/\/api.w.org\/{rel}","templated":true}]}}