{"id":2215,"date":"2018-10-30T16:00:54","date_gmt":"2018-10-30T15:00:54","guid":{"rendered":"https:\/\/www.lgcge.fr\/?page_id=2215"},"modified":"2020-10-02T15:15:12","modified_gmt":"2020-10-02T13:15:12","slug":"projet-new-c-land","status":"publish","type":"page","link":"https:\/\/www.lgcge.fr\/en\/recherches\/projets-et-collaborations\/contrats-er4\/projet-new-c-land\/","title":{"rendered":"New-C-Land project: Franco-Belgian dynamic for the development of a biosourced economy linked to the phytomanagement of marginal sites"},"content":{"rendered":"<table style=\"width: 100%; height: 391px; border-width: 1px; border-color: #000000;\">\n<tbody>\n<tr>\n<td>Type of project :<\/td>\n<td><span>Interreg France-Wallonie-Vlaanderen<\/span><\/td>\n<\/tr>\n<tr>\n<td>Dates :<\/td>\n<td><span>de juillet 2018 \u00e0 juin 2022 (4 ans)<\/span><\/td>\n<\/tr>\n<tr>\n<td>Equipe de recherche concern\u00e9 :<\/td>\n<td><a href=\"https:\/\/www.lgcge.fr\/en\/recherches\/equipes-de-recherche\/er4\/\">ER 4<\/a><\/td>\n<\/tr>\n<tr>\n<td>Project manager :<\/td>\n<td><a href=\"https:\/\/www.lgcge.fr\/en\/membre\/brice-louvel\/\">Brice Louvel<\/a><\/td>\n<\/tr>\n<tr>\n<td>Center concerned :<\/td>\n<td>Junia<\/td>\n<\/tr>\n<tr>\n<td>Partners :<\/td>\n<td>French operators<\/p>\n<ul>\n<li><span style=\"font-size: 14px; font-family: inherit;\">Chambre\u00a0 d\u2019Agriculture\u00a0 de\u00a0 R\u00e9gion\u00a0 Nord\u00a0 Pas-de-Calais<\/span><\/li>\n<li><span style=\"font-size: 14px; font-family: inherit;\">Institut\u00a0 National\u00a0 de\u00a0 l\u2019Environnement\u00a0 Industriel\u00a0 et\u00a0 des\u00a0 Risques\u00a0 (INERIS)<\/span><\/li>\n<li><span style=\"font-size: 14px; font-family: inherit;\">ISA\u00a0 &#8211;\u00a0 Yncrea\u00a0 Hauts\u00a0 de\u00a0 France\u00a0 &#8211;\u00a0 Laboratoire\u00a0 de\u00a0 G\u00e9nie\u00a0 Civil\u00a0 et\u00a0 g\u00e9o-Environnement<\/span><\/li>\n<\/ul>\n<p>Walloon operators :<\/p>\n<ul>\n<li>Atrasol<\/li>\n<li>Universit\u00e9\u00a0 Gembloux\u00a0 Agro-Bio\u00a0 Tech\u00a0 (ULi\u00e8ge,\u00a0 Axe\u00a0 EESP)<\/li>\n<li>ValBiom<\/li>\n<\/ul>\n<p>Flemish Operators :<\/p>\n<ul>\n<li>Universit\u00e9\u00a0 de\u00a0 Gand\u00a0 UGent\u00a0 \u2013\u00a0 unit\u00e9\u00a0 ECOCHEM<\/li>\n<li>INAGRO<\/li>\n<\/ul>\n<p>Associated operator :<\/p>\n<ul>\n<li>Direction\u00a0 R\u00e9gionale\u00a0 de\u00a0 l&#8217;Alimentation,\u00a0 l&#8217;Agriculture\u00a0 et\u00a0 la\u00a0 For\u00eat\u00a0 des\u00a0 Hauts-de-France<\/li>\n<\/ul>\n<\/td>\n<\/tr>\n<tr>\n<td>Website :<\/td>\n<td><a href=\"https:\/\/mischar-43.webself.net\/\" target=\"_blank\" rel=\"noopener noreferrer\"><\/a><\/td>\n<\/tr>\n<\/tbody>\n<\/table>\n<p><strong>Project description<\/strong><\/p>\n<p><span>Phytomanagement is an effective technique for enhancing marginal sites (SMarg). These sites can be industrial or urban wastelands, polluted or not, areas prone to erosion, water catchment protection perimeters, etc. The development of products from renewable sources represents an important prospect for the Union. European. The biomass generated by phytomanagement can be integrated into the biobased economy as a resource, whether in terms of bioenergy or as a source of products\/materials.<\/span><\/p>\n<p><span>The New-C-Land project aims to promote (and support?) projects and initiatives to plant abandoned sites that cannot be used for food purposes. Its objectives are :<\/span><\/p>\n<ul>\n<li><span> to inventory and map marginal sites in Wallonia, Northern France and Flanders from regional and national databases ; <\/span><\/li>\n<li><span> to identify bio-based value chains near marginal sites ;<\/span><\/li>\n<li><span> to constitute a SMarg network by setting up information campaigns with the actors concerned (owners, managers of SMarg, potential users of plant raw materials from Smarg) ;<\/span><\/li>\n<li><span> to initiate and support planting projects on SMarg; <\/span><\/li>\n<li><span> to contribute to the development of the bio-based economy by communicating with public and private sector players.<\/span><\/li>\n<\/ul>\n<p><span>Co-financed within the framework of the Interreg France-Wallonia-Vlaanderen Programme, the New-C-Land project benefits from the support of the European Regional Development Fund (ERDF), OVAM, the West-Vlaanderen Province and Wallonia. <\/span><\/p>\n<p><strong>Scientific contributions from the laboratory<\/strong><\/p>\n<p><img loading=\"lazy\" decoding=\"async\" src=\"https:\/\/www.lgcge.fr\/wp-content\/uploads\/2018\/10\/bandeau-financeurs.jpg\" alt=\"\" width=\"595\" height=\"90\" class=\"alignnone size-full wp-image-2218\" srcset=\"https:\/\/www.lgcge.fr\/wp-content\/uploads\/2018\/10\/bandeau-financeurs.jpg 595w, https:\/\/www.lgcge.fr\/wp-content\/uploads\/2018\/10\/bandeau-financeurs-300x45.jpg 300w\" sizes=\"auto, (max-width: 595px) 100vw, 595px\" \/><\/p>\n<p><strong>Documents<\/strong><\/p>\n<p><a href=\"https:\/\/www.lgcge.fr\/en\/lancement-du-projet-new-c-land\/\">Launch event of the New-C-Land project<\/a><\/p>\n<p><a href=\"https:\/\/www.lgcge.fr\/wp-content\/uploads\/2019\/02\/CP_\u00e9v\u00e8nement-de-lancement_New-C-Land_FR.pdf\" target=\"_blank\" rel=\"noopener noreferrer\">Press release<\/a><\/p>\n<p><a href=\"https:\/\/www.lgcge.fr\/wp-content\/uploads\/2019\/02\/New-C-Land_depliant_minimal_72dpi_web.pdf\" target=\"_blank\" rel=\"noopener noreferrer\">Presentation brochure of the New-C-Land project<\/a><\/p>","protected":false},"excerpt":{"rendered":"<p>Type de projet : Interreg France-Wallonie-Vlaanderen Dates : de juillet 2018 \u00e0 juin 2022 (4 ans) Equipe de recherche concern\u00e9 : ER 4 Responsable du projet : Brice Louvel Centre concern\u00e9 : Junia Partenaires : Op\u00e9rateurs Fran\u00e7ais Chambre\u00a0 d\u2019Agriculture\u00a0 de\u00a0 R\u00e9gion\u00a0 Nord\u00a0 Pas-de-Calais Institut\u00a0 National\u00a0 de\u00a0 l\u2019Environnement\u00a0 Industriel\u00a0 et\u00a0 des\u00a0 [&hellip;]<\/p>\n","protected":false},"author":15305,"featured_media":0,"parent":368,"menu_order":0,"comment_status":"closed","ping_status":"closed","template":"","meta":{"_acf_changed":false,"_bbp_topic_count":0,"_bbp_reply_count":0,"_bbp_total_topic_count":0,"_bbp_total_reply_count":0,"_bbp_voice_count":0,"_bbp_anonymous_reply_count":0,"_bbp_topic_count_hidden":0,"_bbp_reply_count_hidden":0,"_bbp_forum_subforum_count":0,"footnotes":""},"class_list":["post-2215","page","type-page","status-publish","hentry"],"acf":[],"_links":{"self":[{"href":"https:\/\/www.lgcge.fr\/en\/wp-json\/wp\/v2\/pages\/2215","targetHints":{"allow":["GET"]}}],"collection":[{"href":"https:\/\/www.lgcge.fr\/en\/wp-json\/wp\/v2\/pages"}],"about":[{"href":"https:\/\/www.lgcge.fr\/en\/wp-json\/wp\/v2\/types\/page"}],"author":[{"embeddable":true,"href":"https:\/\/www.lgcge.fr\/en\/wp-json\/wp\/v2\/users\/15305"}],"replies":[{"embeddable":true,"href":"https:\/\/www.lgcge.fr\/en\/wp-json\/wp\/v2\/comments?post=2215"}],"version-history":[{"count":11,"href":"https:\/\/www.lgcge.fr\/en\/wp-json\/wp\/v2\/pages\/2215\/revisions"}],"predecessor-version":[{"id":3862,"href":"https:\/\/www.lgcge.fr\/en\/wp-json\/wp\/v2\/pages\/2215\/revisions\/3862"}],"up":[{"embeddable":true,"href":"https:\/\/www.lgcge.fr\/en\/wp-json\/wp\/v2\/pages\/368"}],"wp:attachment":[{"href":"https:\/\/www.lgcge.fr\/en\/wp-json\/wp\/v2\/media?parent=2215"}],"curies":[{"name":"wp","href":"https:\/\/api.w.org\/{rel}","templated":true}]}}