{"id":2276,"date":"2018-11-14T11:20:41","date_gmt":"2018-11-14T10:20:41","guid":{"rendered":"https:\/\/www.lgcge.fr\/?page_id=2276"},"modified":"2020-06-18T10:32:02","modified_gmt":"2020-06-18T08:32:02","slug":"sunrise-smart-city","status":"publish","type":"page","link":"https:\/\/www.lgcge.fr\/en\/recherches\/projets-et-collaborations\/contrats-er5\/sunrise-smart-city\/","title":{"rendered":"Projet SunRise Smart City Territoire catalyseur d&#8217;innovation"},"content":{"rendered":"<p><img loading=\"lazy\" decoding=\"async\" src=\"https:\/\/www.lgcge.fr\/wp-content\/uploads\/2018\/11\/logo-sun-rise.jpeg\" alt=\"\" width=\"225\" height=\"184\" class=\"wp-image-2270 aligncenter\" \/><\/p>\n<table>\n<tbody>\n<tr>\n<td>Type of project :<\/td>\n<td>Contrat Plan Etat R\u00e9gion<\/td>\n<\/tr>\n<tr>\n<td>Dates :<\/td>\n<td>2015-2020<\/td>\n<\/tr>\n<tr>\n<td>Equipe de recherche concern\u00e9e<\/td>\n<td><a href=\"https:\/\/www.lgcge.fr\/en\/recherches\/equipes-de-recherche\/er5\/\">ER5<\/a><\/td>\n<\/tr>\n<tr>\n<td>Project manager :<\/td>\n<td><a href=\"https:\/\/www.lgcge.fr\/en\/membre\/isam-shahrour\/\">Isam SHAHROUR<\/a><\/td>\n<\/tr>\n<tr>\n<td>Centers concerned :<\/td>\n<td>Lille University<\/td>\n<\/tr>\n<tr>\n<td>Partners :<\/td>\n<td>R\u00e9gion Hauts de France, Communaut\u00e9 Urbaine de Lille, Communaut\u00e9 d&#8217;agglom\u00e9ration ArtoisComm, Dalkia, Suez, Eaux de Paris, Vitens&#8230;<\/td>\n<\/tr>\n<\/tbody>\n<\/table>\n<p>Le projet SunRrise \u2013 Smart City a \u00e9t\u00e9 lanc\u00e9 en 2011 dans le cadre d\u2019un large consortium mis en place par l\u2019Universit\u00e9 de Lille et coordonn\u00e9 par le LGCgE. Ce consortium a rassembl\u00e9 des collectivit\u00e9s (R\u00e9gion Hauts de France, Communaut\u00e9 Urbaine de Lille, ArtoisComm&#8230;), des op\u00e9rateurs des services urbains (eau potable, assainissement, chauffage urbain et \u00e9lectricit\u00e9), des op\u00e9rateurs de logement social, des start-up, des laboratoires de recherche et des partenaires europ\u00e9ens et am\u00e9ricains regroup\u00e9s dans l\u2019association W-Smart sur la s\u00e9curit\u00e9 de l\u2019eau. Ce consortium a identifi\u00e9 les r\u00e9seaux intelligents (Smart Grid) comme sujet prioritaire pr\u00e9sentant un grand int\u00e9r\u00eat pour la ville. Il a aussi identifi\u00e9 un besoin de construire un <strong>d\u00e9monstrateur \u00e0 grande \u00e9chelle<\/strong> des r\u00e9seaux urbains intelligents et plus tard de la ville intelligente. Le projet SunRise est n\u00e9 de cette r\u00e9flexion collective. Le campus de la Cit\u00e9 Scientifique a \u00e9t\u00e9 choisi comme site pour le d\u00e9monstrateur pour la facilit\u00e9 d\u2019acc\u00e8s aux infrastructures et aux donn\u00e9es et pour sa repr\u00e9sentativit\u00e9 d\u2019une petite ville. En effet le campus s\u2019\u00e9tend sur 110 hectares avec pr\u00e8s de 150 b\u00e2timents, 100 km de r\u00e9seaux urbains et 25\u00a0000 usagers, dont pr\u00e8s de 5000 r\u00e9sident sur le campus.<\/p>\n<p>Le projet SunRise a b\u00e9n\u00e9fici\u00e9 d\u00e8s le d\u00e9but du soutien de la R\u00e9gion \u00e0 travers <strong>une chaire internationale <\/strong>de 3 ans, qui a \u00e9t\u00e9 occup\u00e9e par professeur Ilan Juran de l\u2019Universit\u00e9 de New York (NYU), du soutien financier des autres collectivit\u00e9s, du soutien technique et financier des op\u00e9rateurs de services urbains (Dalkia, Suez, Eaux de Paris, Vitens&#8230;) et des entreprises. Le projet a attir\u00e9 tr\u00e8s vite un tr\u00e8s grand nombre d\u2019\u00e9tudiants \u00e0 travers le monde dans le cadre des programmes de Master, Mast\u00e8re, de th\u00e8se et des stages. Il a servi de d\u00e9monstrateur pour le projet europ\u00e9en <strong>SmartWater4Europe <\/strong>(2014 \u2013 2017) sur les r\u00e9seaux intelligents et a \u00e9t\u00e9 int\u00e9gr\u00e9 dans le Contrat Plan Etat \u2013 R\u00e9gion (2015 \u2013 2020) comme un d\u00e9monstrateur catalyseur d\u2019innovations urbaines.<\/p>\n<p>La premi\u00e8re phase du projet a consist\u00e9 dans la digitalisation de l\u2019ensemble des r\u00e9seaux du campus dans un SIG comportant \u00e0 la fois les \u00e9l\u00e9ments de patrimoine, de gestion et d\u2019instrumentation.<\/p>\n<p>La seconde phase a concern\u00e9 l\u2019instrumentation\u00a0 :<\/p>\n<ul>\n<li>(i) du r\u00e9seau d\u2019eau potable pour la d\u00e9tection des fuites et le contr\u00f4le de la qualit\u00e9 de l\u2019eau,<\/li>\n<li>(ii) du r\u00e9seau d\u2019assainissement pour r\u00e9duire le risque d\u2019inondation et le contr\u00f4le des rejets,<\/li>\n<li>(iii) du r\u00e9seau de chauffage urbain pour le suivi du fonctionnement de ce r\u00e9seau et son optimisation,<\/li>\n<li>(iv) du r\u00e9seau \u00e9lectrique pour le suivi des consommations et les facteurs de s\u00e9curit\u00e9,<\/li>\n<li>(v) d\u2019une chauss\u00e9e de 50 m, en collaboration avec la Communaut\u00e9 Urbaine de Lille, pour analyser l\u2019impact de la tranch\u00e9e sur la dur\u00e9e de vie de la chauss\u00e9e et<\/li>\n<li>(vi) des b\u00e2timents avec des capteurs de confort et de consommation. Ces travaux ont \u00e9t\u00e9 r\u00e9alis\u00e9s par des doctorants avec l\u2019appui de 2 ing\u00e9nieurs de recherche recrut\u00e9s sur contrat.<\/li>\n<\/ul>\n<p>L\u2019analyse des donn\u00e9es a \u00e9t\u00e9 r\u00e9alis\u00e9e en lien avec nos partenaires en utilisant des m\u00e9thodes conventionnelles et des m\u00e9thodes avanc\u00e9es bas\u00e9es sur l\u2019intelligence artificielle. Des r\u00e9sultats pertinents ont \u00e9t\u00e9 obtenus \u00e0 la fois pour am\u00e9liorer la gestion du patrimoine (d\u00e9tection des fuites, des contaminations, des surconsommations, des d\u00e9fauts de fonctionnement dans les r\u00e9seaux,) et pour des publications scientifiques.<\/p>\n<p>Fort de ce succ\u00e8s, le LGCgE a \u00e9t\u00e9 sollicit\u00e9 pour accompagner la d\u00e9marche \u00ab\u00a0Smart\u00a0City\u00a0\u00bb de plusieurs partenaires, notamment Lille M\u00e9tropole Habitat sur le logement social, la communaut\u00e9 d&#8217;agglom\u00e9ration ArtoisComm sur un quartier intelligent, la ville de B\u00e9thune sur la Smart City, l\u2019agglom\u00e9ration et la ville de Saint-Quentin sur le Territoire Intelligent et le B\u00e2timent Intelligent et la ville de Lille pour la Smart Gouvernance. Le LGCgE a \u00e9t\u00e9 aussi sollicit\u00e9 pour des projets au Liban,\u00a0au Qatar, au Maroc en Tunisie et en Chine.<\/p>\n<p>Le projet SunRise a \u00e9t\u00e9 pr\u00e9sent\u00e9 devant de nombreuses instances\u00a0: Banque Mondiale \u00e0 Washington, journ\u00e9e parlementaire \u00e0 Paris, AFNOR, CRE, ENA, Assembl\u00e9e G\u00e9n\u00e9rale des DGS des Universit\u00e9s, rencontre des inspecteurs du minist\u00e8re de l\u2019\u00e9ducation nationale, Conseil Municipal de Villeneuve d\u2019Ascq, Conseil de d\u00e9veloppement ArtoisComm, Office de l\u2019eau, des villes et des agences d\u2019eau en Chine et au Maroc. Il a occup\u00e9 pr\u00e8s de 40 m<sup>2 <\/sup>\u00e0 la COP 22 au Maroc.<\/p>\n<p>Le projet sert de support pour diff\u00e9rents cours de master et mast\u00e8re et pour des travaux de th\u00e8se en France, aux \u00c9tats-Unis, en Italie, au Maroc, en Tunisie, au Liban, en Palestine, au, Qatar et en Chine. Les \u00e9tudiants impliqu\u00e9s dans le projet ont \u00e9t\u00e9 laur\u00e9ats \u00e0 deux reprises pour leurs projets d\u2019innovation sur l\u2019Handicap. Il a aussi laur\u00e9at en 2017 du prix d\u2019innovation \u00ab\u00a0Campus Durable\u00a0\u00bb du r\u00e9seau \u00ab\u00a0Campus Responsables\u00a0\u00bb.<\/p>\n<p>Le projet se poursuit pour perfectionner et \u00e9largir l\u2019instrumentation, approfondir l\u2019analyse des donn\u00e9es, notamment avec l\u2019intelligence artificielle, int\u00e9grer des outils de r\u00e9alit\u00e9 virtuelle et augment\u00e9e et traiter de nouveaux sujets comme la s\u00e9curit\u00e9 et la r\u00e9silience, l\u2019espace souterrain et la maintenance intelligente des infrastructures.<\/p>\n<p>&nbsp;<\/p>\n<p>&nbsp;<\/p>","protected":false},"excerpt":{"rendered":"<p>Type de projet : Contrat Plan Etat R\u00e9gion Dates : 2015-2020 Equipe de recherche concern\u00e9e ER5 Responsable du projet : Isam SHAHROUR Centres concern\u00e9s : Universit\u00e9 de Lille Partenaires : R\u00e9gion Hauts de France, Communaut\u00e9 Urbaine de Lille, Communaut\u00e9 d&#8217;agglom\u00e9ration ArtoisComm, Dalkia, Suez, Eaux de Paris, Vitens&#8230; Le projet SunRrise [&hellip;]<\/p>\n","protected":false},"author":15305,"featured_media":0,"parent":265,"menu_order":0,"comment_status":"closed","ping_status":"closed","template":"","meta":{"_acf_changed":false,"_bbp_topic_count":0,"_bbp_reply_count":0,"_bbp_total_topic_count":0,"_bbp_total_reply_count":0,"_bbp_voice_count":0,"_bbp_anonymous_reply_count":0,"_bbp_topic_count_hidden":0,"_bbp_reply_count_hidden":0,"_bbp_forum_subforum_count":0,"footnotes":""},"class_list":["post-2276","page","type-page","status-publish","hentry"],"acf":[],"_links":{"self":[{"href":"https:\/\/www.lgcge.fr\/en\/wp-json\/wp\/v2\/pages\/2276","targetHints":{"allow":["GET"]}}],"collection":[{"href":"https:\/\/www.lgcge.fr\/en\/wp-json\/wp\/v2\/pages"}],"about":[{"href":"https:\/\/www.lgcge.fr\/en\/wp-json\/wp\/v2\/types\/page"}],"author":[{"embeddable":true,"href":"https:\/\/www.lgcge.fr\/en\/wp-json\/wp\/v2\/users\/15305"}],"replies":[{"embeddable":true,"href":"https:\/\/www.lgcge.fr\/en\/wp-json\/wp\/v2\/comments?post=2276"}],"version-history":[{"count":8,"href":"https:\/\/www.lgcge.fr\/en\/wp-json\/wp\/v2\/pages\/2276\/revisions"}],"predecessor-version":[{"id":3432,"href":"https:\/\/www.lgcge.fr\/en\/wp-json\/wp\/v2\/pages\/2276\/revisions\/3432"}],"up":[{"embeddable":true,"href":"https:\/\/www.lgcge.fr\/en\/wp-json\/wp\/v2\/pages\/265"}],"wp:attachment":[{"href":"https:\/\/www.lgcge.fr\/en\/wp-json\/wp\/v2\/media?parent=2276"}],"curies":[{"name":"wp","href":"https:\/\/api.w.org\/{rel}","templated":true}]}}