{"id":2292,"date":"2018-11-19T14:51:53","date_gmt":"2018-11-19T13:51:53","guid":{"rendered":"https:\/\/www.lgcge.fr\/?page_id=2292"},"modified":"2020-06-18T10:32:11","modified_gmt":"2020-06-18T08:32:11","slug":"micmcp","status":"publish","type":"page","link":"https:\/\/www.lgcge.fr\/en\/recherches\/projets-et-collaborations\/contrats-er5\/micmcp\/","title":{"rendered":"Projet MICMCP : Utilisation de M\u00e9thodes d&#8217;Identification pour la Caract\u00e9risation de Mat\u00e9riaux \u00e0 Changement de Phases (MCP)"},"content":{"rendered":"<table>\n<tbody>\n<tr>\n<td>Type of project :<\/td>\n<td>ANR<\/td>\n<\/tr>\n<tr>\n<td>Dates :<\/td>\n<td>D\u00e9cembre 2010 &#8211; Novembre 2014<\/td>\n<\/tr>\n<tr>\n<td>Equipe de recherche concern\u00e9e<\/td>\n<td><a href=\"https:\/\/www.lgcge.fr\/en\/recherches\/equipes-de-recherche\/er5\/\">ER5<\/a><\/td>\n<\/tr>\n<tr>\n<td>Responsable du projet pour le LGCgE :<\/td>\n<td><a href=\"https:\/\/www.lgcge.fr\/en\/membre\/laurent-zalewski\/\">Laurent ZALEWSKI<\/a><\/td>\n<\/tr>\n<tr>\n<td>Center concerned :<\/td>\n<td>University of Artois<\/td>\n<\/tr>\n<tr>\n<td>Partners :<\/td>\n<td>LaTEP &#8211; Laboratoire de Thermique, Energ\u00e9tique et Proc\u00e9d\u00e9s (Universit\u00e9 de Pau)<\/p>\n<p>CETHIL &#8211; Centre d&#8217;\u00e9nerg\u00e9tique et de thermique de Lyon (INSA de Lyon)<\/p>\n<p>LGCgE &#8211; Laboratoire de G\u00e9nie Civil et g\u00e9oEnvironnement (Universit\u00e9 d&#8217;Artois)<\/td>\n<\/tr>\n<\/tbody>\n<\/table>\n<h3><strong>Project description<\/strong><\/h3>\n<table>\n<tbody>\n<tr>\n<td width=\"906\"><strong>Description du projet (quelques lignes)<\/strong><\/p>\n<p>L\u2019emploi des Mat\u00e9riaux \u00e0 Changement de Phase (MCP) est une solution int\u00e9ressante pour am\u00e9liorer la thermique des b\u00e2timents \u00e0 cause de leur forte densit\u00e9 de stockage d\u2019\u00e9nergie par la chaleur latente de transformation. Il sera montr\u00e9 dans le cas d&#8217;un mur et dans le cas d&#8217;un b\u00e2timent que la connaissance d\u00e9taill\u00e9e du processus de fusion est n\u00e9cessaire et que les erreurs dues aux d\u00e9terminations classiques peuvent \u00eatre tr\u00e8s importantes. Ainsi, dans le cadre du projet MICMCP, nous avons mis au point des caract\u00e9risations originales des MCP par des m\u00e9thodes d\u2019identification inverses donnant des r\u00e9sultats plus conformes \u00e0 la thermodynamique. Nous proposons l&#8217;identification par des exp\u00e9riences sur des \u00e9chantillons de taille et de complexit\u00e9 croissantes : des petits \u00e9chantillons \u00e9tudi\u00e9s en calorim\u00e9trie (DSC) et des \u00e9chantillons macroscopiques (litres) \u00e9tudi\u00e9s avec des maquettes proches des configurations commerciales des MCP. Les mod\u00e8les d&#8217;identification ne pouvant tenir compte que de la conduction nous avons mod\u00e9lis\u00e9 d&#8217;\u00e9ventuels ph\u00e9nom\u00e8nes de convection naturelle afin de fixer les limites de contraintes (masse \u00e9chantillon, vitesse r\u00e9chauffement&#8230;) o\u00f9 cette convection pourrait influencer les r\u00e9sultats.<\/p>\n<h3><strong>Scientific contributions from the laboratory<\/strong><\/h3>\n<ul>\n<li>D\u00e9monstration de la non validit\u00e9 des m\u00e9thodes classiques avec utilisation des &#8220;capacit\u00e9s \u00e9quivalentes&#8221; \u00e0 tous niveaux de volumes y compris pour les b\u00e2timents. Sauf \u00e0 faire de graves erreurs, la description correcte thermodynamiquement des fusions est n\u00e9cessaire.<\/li>\n<li>Validation des mod\u00e8les directs pour la DSC tant pour les corps purs que les solutions.<\/li>\n<li>Validation des mod\u00e8les directs \u00e0 \u00e9chelle macro pour les MCP seuls ou contenus dans des mat\u00e9riaux composites<\/li>\n<li>Mise au point des m\u00e9thodes d&#8217;inversion adapt\u00e9es, particuli\u00e8rement par DSC : identification de l&#8217;enthalpie &#8220;vraie&#8221; quelles que soient les vitesses de chauffe.<\/li>\n<li>D\u00e9veloppement et validation d\u2019un mod\u00e8le de changement de phase avec convection naturelle utilisant la m\u00e9thode de Boltzmann sur gaz r\u00e9seau (LBM)<\/li>\n<li>Mise en \u00e9vidence du caract\u00e8re n\u00e9gligeable de la convection naturelle dans nos proc\u00e9dures DSC<\/li>\n<li>D\u00e9veloppement et validation d\u2019un mod\u00e8le de paroi contenant des MCP int\u00e9gr\u00e9 dans l\u2019environnement Dymola.<\/li>\n<\/ul>\n<h3><strong>Pour en savoir plus :\u00a0<\/strong><\/h3>\n<p><a href=\"http:\/\/www.agence-nationale-recherche.fr\/Projet-ANR-10-STKE-0003\" target=\"_blank\" rel=\"noopener noreferrer\">Page du projet sur le site de l&#8217;ANR<\/a><\/p>\n<p><a href=\"https:\/\/www.lgcge.fr\/wp-content\/uploads\/2018\/11\/publis_MICMCIP.pdf\">Publications<\/a><\/p>\n<p>&nbsp;<\/p>\n<p>&nbsp;<\/td>\n<\/tr>\n<\/tbody>\n<\/table>","protected":false},"excerpt":{"rendered":"<p>Type de projet : ANR Dates : D\u00e9cembre 2010 &#8211; Novembre 2014 Equipe de recherche concern\u00e9e ER5 Responsable du projet pour le LGCgE : Laurent ZALEWSKI Centre concern\u00e9 : Universit\u00e9 d&#8217;Artois Partenaires : LaTEP &#8211; Laboratoire de Thermique, Energ\u00e9tique et Proc\u00e9d\u00e9s (Universit\u00e9 de Pau) CETHIL &#8211; Centre d&#8217;\u00e9nerg\u00e9tique et de [&hellip;]<\/p>\n","protected":false},"author":15305,"featured_media":0,"parent":265,"menu_order":0,"comment_status":"closed","ping_status":"closed","template":"","meta":{"_acf_changed":false,"_bbp_topic_count":0,"_bbp_reply_count":0,"_bbp_total_topic_count":0,"_bbp_total_reply_count":0,"_bbp_voice_count":0,"_bbp_anonymous_reply_count":0,"_bbp_topic_count_hidden":0,"_bbp_reply_count_hidden":0,"_bbp_forum_subforum_count":0,"footnotes":""},"class_list":["post-2292","page","type-page","status-publish","hentry"],"acf":[],"_links":{"self":[{"href":"https:\/\/www.lgcge.fr\/en\/wp-json\/wp\/v2\/pages\/2292","targetHints":{"allow":["GET"]}}],"collection":[{"href":"https:\/\/www.lgcge.fr\/en\/wp-json\/wp\/v2\/pages"}],"about":[{"href":"https:\/\/www.lgcge.fr\/en\/wp-json\/wp\/v2\/types\/page"}],"author":[{"embeddable":true,"href":"https:\/\/www.lgcge.fr\/en\/wp-json\/wp\/v2\/users\/15305"}],"replies":[{"embeddable":true,"href":"https:\/\/www.lgcge.fr\/en\/wp-json\/wp\/v2\/comments?post=2292"}],"version-history":[{"count":6,"href":"https:\/\/www.lgcge.fr\/en\/wp-json\/wp\/v2\/pages\/2292\/revisions"}],"predecessor-version":[{"id":3433,"href":"https:\/\/www.lgcge.fr\/en\/wp-json\/wp\/v2\/pages\/2292\/revisions\/3433"}],"up":[{"embeddable":true,"href":"https:\/\/www.lgcge.fr\/en\/wp-json\/wp\/v2\/pages\/265"}],"wp:attachment":[{"href":"https:\/\/www.lgcge.fr\/en\/wp-json\/wp\/v2\/media?parent=2292"}],"curies":[{"name":"wp","href":"https:\/\/api.w.org\/{rel}","templated":true}]}}