{"id":2298,"date":"2018-11-19T16:08:10","date_gmt":"2018-11-19T15:08:10","guid":{"rendered":"https:\/\/www.lgcge.fr\/?page_id=2298"},"modified":"2020-06-11T11:01:53","modified_gmt":"2020-06-11T09:01:53","slug":"emibio","status":"publish","type":"page","link":"https:\/\/www.lgcge.fr\/en\/recherches\/projets-et-collaborations\/contrats-er5\/emibio\/","title":{"rendered":"Projet EMIBIO : \u00c9valuation des Emissions des mat\u00e9riaux Biosourc\u00e9s dans l&#8217;air int\u00e9rieur"},"content":{"rendered":"<table style=\"width: 100%; height: 343px; border-width: 1px; border-color: #000000;\">\n<tbody>\n<tr>\n<td>Type of project :<\/td>\n<td>ADEME<\/td>\n<\/tr>\n<tr>\n<td>Dates :<\/td>\n<td>Septembre 2018 &#8211; Mars 2022<\/td>\n<\/tr>\n<tr>\n<td>Research team concerned :<\/td>\n<td><a href=\"https:\/\/www.lgcge.fr\/en\/recherches\/equipes-de-recherche\/er5\/\">ER 5<\/a><\/td>\n<\/tr>\n<tr>\n<td>Project manager :<\/td>\n<td><a href=\"https:\/\/www.lgcge.fr\/en\/membre\/emmanuel-antczak\/\">Emmanuel ANTCZAK<\/a><\/td>\n<\/tr>\n<tr>\n<td>Centers concerned :<\/td>\n<td>Universit\u00e9 d&#8217;Artois, IMT Lille Douai<\/td>\n<\/tr>\n<tr>\n<td>Partners :<\/td>\n<td>Cerema Nord-Picardie, Universit\u00e9 de Picardie Jules Verne,<br \/>\nIMT Lille Douai, IMT Atlantique<\/td>\n<\/tr>\n<\/tbody>\n<\/table>\n<h3><strong>Project description<\/strong><\/h3>\n<p>Le projet EmiBio se propose d\u2019\u00e9valuer les \u00e9missions de Compos\u00e9s Organiques Volatils (COV) de certains mat\u00e9riaux biosourc\u00e9s, qu\u2019il s\u2019agisse de COV issus des additifs contenus dans les mat\u00e9riaux biosourc\u00e9s, de r\u00e9actions chimiques secondaires ou li\u00e9es au d\u00e9veloppement des micro-organismes qui pourront plus facilement se d\u00e9velopper sur ces mat\u00e9riaux naturels dans certaines conditions hygrothermiques. Au-del\u00e0 de cette \u00e9valuation, le projet EmiBio \u00e9tablira des pr\u00e9conisations afin de limiter ces \u00e9missions sp\u00e9cifiques, par le biais de recommandations de mise en \u0153uvre des mat\u00e9riaux biosourc\u00e9s, de stockage, ou encore si le choix du mat\u00e9riau est pertinent. Pour cela, cette \u00e9tude se placera \u00e0 diff\u00e9rentes \u00e9chelles, allant du mat\u00e9riau au b\u00e2timent. Nous savons que les mat\u00e9riaux biosourc\u00e9s ont un impact positif sur le bilan carbone, qu\u2019ils ont des performances thermiques quasi-\u00e9quivalentes aux mat\u00e9riaux non conventionnels. Ces mat\u00e9riaux bio-sourc\u00e9s permettent \u00e9galement de r\u00e9guler les variations hygrom\u00e9triques ambiantes gr\u00e2ce \u00e0 leur capacit\u00e9 tampon hygrique (moisture buffer value) et de limiter les perturbations de l\u2019\u00e9quilibre hygrothermique lors de la r\u00e9novation des parois d\u2019un b\u00e2timent ancien. Par cons\u00e9quent, le couplage de la capacit\u00e9 tampon hygrique des parois\u00a0avec un syst\u00e8me de ventilation hygror\u00e9glable permet de r\u00e9duire la consommation \u00e9nerg\u00e9tique en diminuant le d\u00e9bit de ventilation sans d\u00e9gradation du confort hygrothermique\u00a0; l\u2019impact sur la qualit\u00e9 de l\u2019air ambiant doit n\u00e9anmoins \u00eatre ma\u00eetris\u00e9.<\/p>\n<h3><strong>Scientific contributions from the laboratory<\/strong><\/h3>\n<p>Il est n\u00e9cessaire de conna\u00eetre les transferts de chaleur et de vapeur au sein des parois de b\u00e2timents en cours d\u2019utilisation. En effet, des conditions limites et environnementales particuli\u00e8res peuvent \u00eatre \u00e0 l\u2019origine de pathologies. Leur composition, h\u00e9t\u00e9rog\u00e8ne par la nature des \u00e9l\u00e9ments, et leur fonction (structure porteuse, isolants, parements, mortier d\u2019assemblage), rend indispensable la r\u00e9partition de capteurs de temp\u00e9rature et d\u2019hygrom\u00e9trie au sein de la paroi pour effectuer un suivi dans le temps. Les interfaces entre mat\u00e9riaux de natures diff\u00e9rentes sont les lieux privil\u00e9gi\u00e9s de positionnement des capteurs de mesure, mais ceux-ci doivent \u00e9galement \u00eatre r\u00e9partis dans la masse des mat\u00e9riaux d\u2019origine naturelle, les plus sensibles. La connaissance des conditions hygrothermiques de l\u2019environnement est \u00e9galement n\u00e9cessaire (int\u00e9rieur et ext\u00e9rieur). Les gradients hygrothermiques induits par les sollicitations al\u00e9atoires (environnement ext\u00e9rieur et int\u00e9rieur) rendent complexe l\u2019\u00e9tude des transferts coupl\u00e9s chaleur\/masse. La connaissance des grandeurs de temp\u00e9rature et d\u2019hygrom\u00e9trie dans la paroi in situ devra permettre d\u2019\u00e9valuer les risques de d\u00e9veloppements de micro-organismes, \u00e0 partir notamment de seuils de temp\u00e9rature et d\u2019hygrom\u00e9trie \u00e9valu\u00e9s en laboratoire, et \u00e9galement par des mesures effectu\u00e9es en surface de paroi. Les mesures sont effectu\u00e9es \u00e0 l\u2019aide de thermo-hygrom\u00e8tres ins\u00e9r\u00e9s dans la paroi \u00e0 diff\u00e9rentes profondeurs et plac\u00e9s dans les atmosph\u00e8res int\u00e9rieures et ext\u00e9rieures. L\u2019acquisition des donn\u00e9es est faite par une centrale d\u2019acquisition qui stocke \u00e0 intervalles r\u00e9guliers les grandeurs relev\u00e9es par les capteurs, le suivi peut ainsi \u00eatre effectif sur la dur\u00e9e du projet. Il est pr\u00e9vu d\u2019intervenir dans deux b\u00e2timents qui ont \u00e9t\u00e9 r\u00e9nov\u00e9s avec des produits bio-sourc\u00e9s ou recycl\u00e9s, une mairie et un bureau d\u2019association. Le principe est d\u2019int\u00e9grer, suivant le sch\u00e9ma ci-dessous, les capteurs dans l\u2019\u00e9paisseur de la paroi et de conna\u00eetre les conditions aux limites en entr\u00e9e et en sortie. Toutes les pr\u00e9cautions seront prises pour conserver l\u2019\u00e9tanch\u00e9it\u00e9 \u00e0 l\u2019air du b\u00e2ti. Les capteurs seront plac\u00e9s \u00e0 mi-hauteur (environ 1.25m) des parois en correspondance avec ce qui sera fait en laboratoire et pour s\u2019affranchir d\u2019\u00e9ventuelles remont\u00e9e capillaires. Les capteurs utilis\u00e9s sont des thermo-hygrom\u00e8tres qui permettent les relev\u00e9s de temp\u00e9rature (\u00b0C) et d\u2019humidit\u00e9 relative (%). Ces capteurs sont associ\u00e9s \u00e0 une centrale d\u2019acquisition qui permet le relev\u00e9 (\u00e0 intervalles r\u00e9guliers) et le stockage des donn\u00e9es dans le temps. Le suivi peut ainsi \u00eatre effectu\u00e9 sur la dur\u00e9e du projet. L\u2019apport du laboratoire se fait d\u2019un point de vue exp\u00e9rimental sur l\u2019instrumentation des parois et th\u00e9orique sur la mod\u00e9lisation des transferts (Comsol).<\/p>\n<p style=\"text-align: center;\"><img loading=\"lazy\" decoding=\"async\" src=\"https:\/\/www.lgcge.fr\/wp-content\/uploads\/2018\/11\/schema-emibio.jpg\" alt=\"Exemple d'instrumentation d'une paroi de b\u00e2timent\" width=\"620\" height=\"315\" class=\"alignnone wp-image-2299\" \/><br \/>\n<span style=\"font-size: 12pt;\"><em>Exemple d&#8217;instrumentation d&#8217;une paroi de b\u00e2timent<\/em><\/span><\/p>","protected":false},"excerpt":{"rendered":"<p>Type de projet : ADEME Dates : Septembre 2018 &#8211; Mars 2022 Equipe de recherche concern\u00e9e : ER 5 Responsable du projet : Emmanuel ANTCZAK Centres concern\u00e9s : Universit\u00e9 d&#8217;Artois, IMT Lille Douai Partenaires : Cerema Nord-Picardie, Universit\u00e9 de Picardie Jules Verne, IMT Lille Douai, IMT Atlantique Description du projet [&hellip;]<\/p>\n","protected":false},"author":15305,"featured_media":0,"parent":265,"menu_order":0,"comment_status":"closed","ping_status":"closed","template":"","meta":{"_acf_changed":false,"_bbp_topic_count":0,"_bbp_reply_count":0,"_bbp_total_topic_count":0,"_bbp_total_reply_count":0,"_bbp_voice_count":0,"_bbp_anonymous_reply_count":0,"_bbp_topic_count_hidden":0,"_bbp_reply_count_hidden":0,"_bbp_forum_subforum_count":0,"footnotes":""},"class_list":["post-2298","page","type-page","status-publish","hentry"],"acf":[],"_links":{"self":[{"href":"https:\/\/www.lgcge.fr\/en\/wp-json\/wp\/v2\/pages\/2298","targetHints":{"allow":["GET"]}}],"collection":[{"href":"https:\/\/www.lgcge.fr\/en\/wp-json\/wp\/v2\/pages"}],"about":[{"href":"https:\/\/www.lgcge.fr\/en\/wp-json\/wp\/v2\/types\/page"}],"author":[{"embeddable":true,"href":"https:\/\/www.lgcge.fr\/en\/wp-json\/wp\/v2\/users\/15305"}],"replies":[{"embeddable":true,"href":"https:\/\/www.lgcge.fr\/en\/wp-json\/wp\/v2\/comments?post=2298"}],"version-history":[{"count":7,"href":"https:\/\/www.lgcge.fr\/en\/wp-json\/wp\/v2\/pages\/2298\/revisions"}],"predecessor-version":[{"id":3327,"href":"https:\/\/www.lgcge.fr\/en\/wp-json\/wp\/v2\/pages\/2298\/revisions\/3327"}],"up":[{"embeddable":true,"href":"https:\/\/www.lgcge.fr\/en\/wp-json\/wp\/v2\/pages\/265"}],"wp:attachment":[{"href":"https:\/\/www.lgcge.fr\/en\/wp-json\/wp\/v2\/media?parent=2298"}],"curies":[{"name":"wp","href":"https:\/\/api.w.org\/{rel}","templated":true}]}}