{"id":2312,"date":"2018-11-19T17:21:10","date_gmt":"2018-11-19T16:21:10","guid":{"rendered":"https:\/\/www.lgcge.fr\/?page_id=2312"},"modified":"2020-06-11T11:04:59","modified_gmt":"2020-06-11T09:04:59","slug":"renochanvre","status":"publish","type":"page","link":"https:\/\/www.lgcge.fr\/en\/recherches\/projets-et-collaborations\/contrats-er5\/renochanvre\/","title":{"rendered":"Projet R\u00e9nochanvre : Etude comparative et suivi du comportement hygrothermique de 2 maisons r\u00e9nov\u00e9es \u00e0 Bully les Mines"},"content":{"rendered":"<table style=\"width: 100%; height: 343px; border-width: 1px; border-color: #000000;\">\n<tbody>\n<tr>\n<td>Type of project :<\/td>\n<td>Industrialist<\/td>\n<\/tr>\n<tr>\n<td>Dates :<\/td>\n<td>Janvier 2018 &#8211; Avril 2021<\/td>\n<\/tr>\n<tr>\n<td>Research team concerned :<\/td>\n<td><a href=\"https:\/\/www.lgcge.fr\/en\/recherches\/equipes-de-recherche\/er5\/\">ER 5<\/a><\/td>\n<\/tr>\n<tr>\n<td>Project manager :<\/td>\n<td><a href=\"https:\/\/www.lgcge.fr\/en\/membre\/emmanuel-antczak\/\">Emmanuel ANTCZAK<\/a><\/td>\n<\/tr>\n<tr>\n<td>Center concerned :<\/td>\n<td>University of Artois<\/td>\n<\/tr>\n<tr>\n<td>Partners :<\/td>\n<td>Maisons et Cit\u00e9s, Soginorpa<\/td>\n<\/tr>\n<\/tbody>\n<\/table>\n<h3><strong>Project description<\/strong><\/h3>\n<p>Ce projet a pour but d\u2019instrumenter deux maisons issues de l\u2019habitat minier qui se situent \u00e0 Bully les Mines (62) afin d\u2019\u00e9valuer les performances \u00e9nerg\u00e9tiques et de suivre les transferts hygrothermiques au niveau des parois (un mur et un plafond). Ces maisons vont \u00eatre r\u00e9nov\u00e9es avec des mat\u00e9riaux isolants diff\u00e9rents. Deux maisons seront isol\u00e9es par l\u2019int\u00e9rieur avec du b\u00e9ton de chanvre projet\u00e9 et une autre sera isol\u00e9e de mani\u00e8re classique avec isolant min\u00e9ral et plaques de pl\u00e2tre. Le but de cette \u00e9tude est, au travers des mesures qui seront effectu\u00e9es, d\u2019\u00e9tablir des comparatifs entre les consommations \u00e9nerg\u00e9tiques et le confort int\u00e9rieur de chaque maison.<\/p>\n<h3><strong>Scientific contributions from the laboratory<\/strong><\/h3>\n<p>L\u2019objectif est de mettre en place une instrumentation permettant les mesures de\u00a0:<\/p>\n<ul>\n<li>l\u2019humidit\u00e9, la temp\u00e9rature et le CO<sub>2<\/sub> dans les pi\u00e8ces suivantes\u00a0: salon, salle de bain, s\u00e9jour, chambre ainsi qu\u2019\u00e0 l\u2019ext\u00e9rieur des maisons.<\/li>\n<li>la consommation \u00e9lectrique globale et l\u2019\u00e9nergie consomm\u00e9e exclusivement par les radiateurs pour chauffage.<\/li>\n<li>l\u2019humidit\u00e9, les temp\u00e9ratures et les flux thermiques au niveau d\u2019une paroi de chaque maison<\/li>\n<li>l\u2019humidit\u00e9 et les temp\u00e9ratures dans l\u2019isolant du plafond.<\/li>\n<\/ul>\n<p><img loading=\"lazy\" decoding=\"async\" src=\"https:\/\/www.lgcge.fr\/wp-content\/uploads\/2018\/11\/Sch\u00e9ma-renochanvre.png\" alt=\"sch\u00e9ma instrumentation de la maison\" width=\"672\" height=\"382\" class=\"aligncenter wp-image-2334\" \/><\/p>\n<p>Les informations accessibles par ce protocole sont\u00a0:<\/p>\n<ul>\n<li>les sollicitations thermiques auxquelles la paroi est soumise (amplitude des temp\u00e9ratures et des flux, pr\u00e9dominance de la composante jour\/nuit)<\/li>\n<li>les caract\u00e9ristiques thermiques \u00e9quivalentes de la paroi (transfert et stockage).<\/li>\n<li>mise en \u00e9vidence \u00e9ventuelle des variations des propri\u00e9t\u00e9s de la paroi en fonction du temps (la corr\u00e9lation avec des variations de teneur en eau peut \u00eatre envisag\u00e9e)<\/li>\n<li>l\u2019att\u00e9nuation de l\u2019amplitude des composantes dynamiques \u00e0 travers la paroi.<\/li>\n<li>une estimation du d\u00e9phasage thermique de la paroi.<\/li>\n<\/ul>\n<p>A partir des donn\u00e9es recueillies, leurs analyse et traitement permettront d\u2019avoir des informations sur le comportement hygrothermique des parois, particuli\u00e8res en raison de leur caract\u00e8re ancien r\u00e9nov\u00e9es \u00e0 partir de b\u00e9ton de chanvre, et sur le comportement thermique global du b\u00e2timent, qui pourra \u00eatre compar\u00e9 \u00e0 une r\u00e9habilitation classique.<\/p>","protected":false},"excerpt":{"rendered":"<p>Type de projet : Industriel Dates : Janvier 2018 &#8211; Avril 2021 Equipe de recherche concern\u00e9e : ER 5 Responsable du projet : Emmanuel ANTCZAK Centre concern\u00e9 : Universit\u00e9 d&#8217;Artois Partenaires : Maisons et Cit\u00e9s, Soginorpa Description du projet Ce projet a pour but d\u2019instrumenter deux maisons issues de l\u2019habitat [&hellip;]<\/p>\n","protected":false},"author":15305,"featured_media":0,"parent":265,"menu_order":0,"comment_status":"closed","ping_status":"closed","template":"","meta":{"_acf_changed":false,"_bbp_topic_count":0,"_bbp_reply_count":0,"_bbp_total_topic_count":0,"_bbp_total_reply_count":0,"_bbp_voice_count":0,"_bbp_anonymous_reply_count":0,"_bbp_topic_count_hidden":0,"_bbp_reply_count_hidden":0,"_bbp_forum_subforum_count":0,"footnotes":""},"class_list":["post-2312","page","type-page","status-publish","hentry"],"acf":[],"_links":{"self":[{"href":"https:\/\/www.lgcge.fr\/en\/wp-json\/wp\/v2\/pages\/2312","targetHints":{"allow":["GET"]}}],"collection":[{"href":"https:\/\/www.lgcge.fr\/en\/wp-json\/wp\/v2\/pages"}],"about":[{"href":"https:\/\/www.lgcge.fr\/en\/wp-json\/wp\/v2\/types\/page"}],"author":[{"embeddable":true,"href":"https:\/\/www.lgcge.fr\/en\/wp-json\/wp\/v2\/users\/15305"}],"replies":[{"embeddable":true,"href":"https:\/\/www.lgcge.fr\/en\/wp-json\/wp\/v2\/comments?post=2312"}],"version-history":[{"count":6,"href":"https:\/\/www.lgcge.fr\/en\/wp-json\/wp\/v2\/pages\/2312\/revisions"}],"predecessor-version":[{"id":3335,"href":"https:\/\/www.lgcge.fr\/en\/wp-json\/wp\/v2\/pages\/2312\/revisions\/3335"}],"up":[{"embeddable":true,"href":"https:\/\/www.lgcge.fr\/en\/wp-json\/wp\/v2\/pages\/265"}],"wp:attachment":[{"href":"https:\/\/www.lgcge.fr\/en\/wp-json\/wp\/v2\/media?parent=2312"}],"curies":[{"name":"wp","href":"https:\/\/api.w.org\/{rel}","templated":true}]}}