{"id":2316,"date":"2018-11-19T17:28:41","date_gmt":"2018-11-19T16:28:41","guid":{"rendered":"https:\/\/www.lgcge.fr\/?page_id=2316"},"modified":"2020-06-11T11:04:30","modified_gmt":"2020-06-11T09:04:30","slug":"villa-yfs","status":"publish","type":"page","link":"https:\/\/www.lgcge.fr\/en\/recherches\/projets-et-collaborations\/contrats-er5\/villa-yfs\/","title":{"rendered":"Projet Villa YFS : Suivi des performances thermiques des parois d\u2019un b\u00e2timent en pierre de Castillon"},"content":{"rendered":"<p>&nbsp;<\/p>\n<table style=\"width: 100%; height: 343px; border-width: 1px; border-color: #000000;\">\n<tbody>\n<tr>\n<td>Type of project :<\/td>\n<td>Industrialist<\/td>\n<\/tr>\n<tr>\n<td>Dates :<\/td>\n<td>janvier 2014 &#8211; septembre 2018<\/td>\n<\/tr>\n<tr>\n<td>Research team concerned :<\/td>\n<td><a href=\"https:\/\/www.lgcge.fr\/en\/recherches\/equipes-de-recherche\/er5\/\">ER 5<\/a><\/td>\n<\/tr>\n<tr>\n<td>Project manager :<\/td>\n<td><a href=\"https:\/\/www.lgcge.fr\/en\/membre\/emmanuel-antczak\/\">Emmanuel ANTCZAK<\/a><\/td>\n<\/tr>\n<tr>\n<td>Center concerned :<\/td>\n<td>University of Artois<\/td>\n<\/tr>\n<tr>\n<td>Partners :<\/td>\n<td>CTMNC &#8211; Centre Technique des Mat\u00e9riaux Naturels de Construction<\/td>\n<\/tr>\n<\/tbody>\n<\/table>\n<h3><strong>Project description<\/strong><\/h3>\n<p>L\u2019objectif du projet est d\u2019\u00e9tudier le comportement thermique d\u2019un b\u00e2timent en pierre massive du Gard, non isol\u00e9 et situ\u00e9 dans le sud de la France. Deux parois sont instrument\u00e9es en entr\u00e9e et en sortie par des fluxm\u00e8tres\u00a0, elles sont orient\u00e9es nord et sud. Le mat\u00e9riau \u00e9tant par nature poreux, il est int\u00e9ressant de suivre dans le temps l\u2019\u00e9volution des caract\u00e9ristiques thermiques de chaque paroi, plus ou moins sollicit\u00e9e par les conditions m\u00e9t\u00e9orologiques ext\u00e9rieures (pluie, vent\u2026) en fonction des saisons. Le comportement hygrothermique des parois a une influence sur le confort int\u00e9rieur, des thermohygrom\u00e8tres sont plac\u00e9s dans chaque pi\u00e8ce pour en suivre les \u00e9volutions. Le monitoring est r\u00e9alis\u00e9 sur\u00a0plusieurs ann\u00e9es afin d\u2019observer les variations des grandeurs thermiques d\u00e9duites des mesures.<\/p>\n<h3><strong>Scientific contributions from the laboratory<\/strong><\/h3>\n<p>Le laboratoire apporte ses comp\u00e9tences dans les domaines de l\u2019instrumentation et du traitement des donn\u00e9es. Deux fluxm\u00e8tres sont plac\u00e9s de part et d\u2019autre de la paroi de 45 cm compos\u00e9e d\u2019un bloc de pierre de Castillon, dont la disposition est donn\u00e9e sur le sch\u00e9ma ci-dessous. Cette configuration permet de mesurer les temp\u00e9ratures de surfaces int\u00e9rieures et ext\u00e9rieures. Les deux fluxm\u00e8tres mesurent le sens et l\u2019intensit\u00e9 des flux de chaleur \u00e0 l\u2019int\u00e9rieur et \u00e0 l\u2019ext\u00e9rieur. La mesure est compl\u00e9t\u00e9e par le suivi de l\u2019hygrom\u00e9trie \u00e0 l\u2019ext\u00e9rieur<\/p>\n<p>et \u00e0 l\u2019int\u00e9rieur du b\u00e2timent. Il est pr\u00e9vu d\u2019instrumenter 2 parois\u00a0: la premi\u00e8re expos\u00e9e au nord (vents dominants humides en hiver) et la seconde expos\u00e9e au sud (paroi ass\u00e9ch\u00e9e en \u00e9t\u00e9). Dans chaque pi\u00e8ce de la maison seront mesur\u00e9es la temp\u00e9rature d\u2019air et l\u2019hygrom\u00e9trie. Une station m\u00e9t\u00e9orologique permettant les relev\u00e9s de vitesse et direction du vent, humidit\u00e9, temp\u00e9rature ambiante et rayonnement solaire incident sera install\u00e9e sur la toiture terrasse de l\u2019habitation.<\/p>\n<p>Reli\u00e9 \u00e0 une centrale d\u2019acquisition, l\u2019ensemble des capteurs fournt des informations en entr\u00e9e et en sortie de parois, les donn\u00e9es sont ensuite utilis\u00e9es pour atteindre les caract\u00e9ristiques thermiques des parois par m\u00e9thode inverse. Le suivi dans le temps permet de conna\u00eetre l\u2019\u00e9volution de ses caract\u00e9ristiques thermiques.<\/p>\n<p><img loading=\"lazy\" decoding=\"async\" src=\"https:\/\/www.lgcge.fr\/wp-content\/uploads\/2018\/11\/Villa-YFS-int_web.jpg\" alt=\"Fluxm\u00e8tre int\u00e9rieur\" width=\"297\" height=\"252\" class=\"alignnone wp-image-2331\" srcset=\"https:\/\/www.lgcge.fr\/wp-content\/uploads\/2018\/11\/Villa-YFS-int_web.jpg 1888w, https:\/\/www.lgcge.fr\/wp-content\/uploads\/2018\/11\/Villa-YFS-int_web-300x255.jpg 300w, https:\/\/www.lgcge.fr\/wp-content\/uploads\/2018\/11\/Villa-YFS-int_web-768x652.jpg 768w, https:\/\/www.lgcge.fr\/wp-content\/uploads\/2018\/11\/Villa-YFS-int_web-1024x870.jpg 1024w, https:\/\/www.lgcge.fr\/wp-content\/uploads\/2018\/11\/Villa-YFS-int_web-1320x1121.jpg 1320w\" sizes=\"auto, (max-width: 297px) 100vw, 297px\" \/> <img loading=\"lazy\" decoding=\"async\" src=\"https:\/\/www.lgcge.fr\/wp-content\/uploads\/2018\/11\/Villa-YFS-ext_web.jpg\" alt=\"Villa YFS\" width=\"440\" height=\"264\" class=\"alignnone wp-image-2332\" \/><\/p>","protected":false},"excerpt":{"rendered":"<p>&nbsp; Type de projet : Industriel Dates : janvier 2014 &#8211; septembre 2018 Equipe de recherche concern\u00e9e : ER 5 Responsable du projet : Emmanuel ANTCZAK Centre concern\u00e9 : Universit\u00e9 d&#8217;Artois Partenaires : CTMNC &#8211; Centre Technique des Mat\u00e9riaux Naturels de Construction Description du projet L\u2019objectif du projet est d\u2019\u00e9tudier [&hellip;]<\/p>\n","protected":false},"author":15305,"featured_media":0,"parent":265,"menu_order":0,"comment_status":"closed","ping_status":"closed","template":"","meta":{"_acf_changed":false,"_bbp_topic_count":0,"_bbp_reply_count":0,"_bbp_total_topic_count":0,"_bbp_total_reply_count":0,"_bbp_voice_count":0,"_bbp_anonymous_reply_count":0,"_bbp_topic_count_hidden":0,"_bbp_reply_count_hidden":0,"_bbp_forum_subforum_count":0,"footnotes":""},"class_list":["post-2316","page","type-page","status-publish","hentry"],"acf":[],"_links":{"self":[{"href":"https:\/\/www.lgcge.fr\/en\/wp-json\/wp\/v2\/pages\/2316","targetHints":{"allow":["GET"]}}],"collection":[{"href":"https:\/\/www.lgcge.fr\/en\/wp-json\/wp\/v2\/pages"}],"about":[{"href":"https:\/\/www.lgcge.fr\/en\/wp-json\/wp\/v2\/types\/page"}],"author":[{"embeddable":true,"href":"https:\/\/www.lgcge.fr\/en\/wp-json\/wp\/v2\/users\/15305"}],"replies":[{"embeddable":true,"href":"https:\/\/www.lgcge.fr\/en\/wp-json\/wp\/v2\/comments?post=2316"}],"version-history":[{"count":7,"href":"https:\/\/www.lgcge.fr\/en\/wp-json\/wp\/v2\/pages\/2316\/revisions"}],"predecessor-version":[{"id":3341,"href":"https:\/\/www.lgcge.fr\/en\/wp-json\/wp\/v2\/pages\/2316\/revisions\/3341"}],"up":[{"embeddable":true,"href":"https:\/\/www.lgcge.fr\/en\/wp-json\/wp\/v2\/pages\/265"}],"wp:attachment":[{"href":"https:\/\/www.lgcge.fr\/en\/wp-json\/wp\/v2\/media?parent=2316"}],"curies":[{"name":"wp","href":"https:\/\/api.w.org\/{rel}","templated":true}]}}