{"id":2395,"date":"2018-11-29T14:00:05","date_gmt":"2018-11-29T13:00:05","guid":{"rendered":"https:\/\/www.lgcge.fr\/?page_id=2395"},"modified":"2020-10-02T15:16:38","modified_gmt":"2020-10-02T13:16:38","slug":"lacht","status":"publish","type":"page","link":"https:\/\/www.lgcge.fr\/en\/recherches\/projets-et-collaborations\/contrats-er5\/lacht\/","title":{"rendered":"Projet LACHT : Pi\u00e8ces interm\u00e9diaires &#8211; Le r\u00f4le des volumes interm\u00e9diaires dans la thermique et la qualit\u00e9 de l&#8217;air des logements"},"content":{"rendered":"<table style=\"width: 100%; height: 343px; border-width: 1px; border-color: #000000;\">\n<tbody>\n<tr>\n<td>Type of project :<\/td>\n<td>ADEME<br \/>\nR\u00e9gion Nord-Pas de Calais<\/td>\n<\/tr>\n<tr>\n<td>Dates :<\/td>\n<td>octobre 2012 &#8211; octobre 2015<\/td>\n<\/tr>\n<tr>\n<td>Equipe concern\u00e9e :<\/td>\n<td><a href=\"https:\/\/www.lgcge.fr\/en\/recherches\/equipes-de-recherche\/er5\/\">ER 5<\/a><\/td>\n<\/tr>\n<tr>\n<td>Responsable du projet LGCgE :<\/td>\n<td><a href=\"https:\/\/www.lgcge.fr\/en\/membre\/zohir-younsi\/\">Zohir Younsi<\/a><\/td>\n<\/tr>\n<tr>\n<td>Centers concerned :<\/td>\n<td>University of Artois<br \/>\nJunia<\/td>\n<\/tr>\n<tr>\n<td>Partners :<\/td>\n<td>LACTH (Laboratoire de l&#8217;\u00e9cole d&#8217;architecture et de paysage de Lille) ;<br \/>\nYNCREA-HEI<br \/>\nSIA (bailleur social) ;<br \/>\nFacult\u00e9 des Sciences Appliqu\u00e9es de B\u00e9thune ;<br \/>\n<span style=\"font-family: inherit; font-size: inherit;\">LGCgE.<\/span><\/td>\n<\/tr>\n<\/tbody>\n<\/table>\n<h3><strong>Project description<\/strong><\/h3>\n<p>Ce projet LACHT a pour objectif de mettre en \u00e9vidence l\u2019int\u00e9r\u00eat d\u2019un volume interm\u00e9diaire, sur la qualit\u00e9 d\u2019air d\u2019un logement ainsi que sur les temp\u00e9ratures et besoins en chauffage de celui-ci. Ce volume interm\u00e9diaire, ici l\u2019air, sera cr\u00e9\u00e9 par la mise en place d\u2019une serre autour d\u2019un groupement de cinq logements.<\/p>\n<p>Durant cette \u00e9tude, nous avons dans un premier temps, d\u00e9velopp\u00e9 un protocole de mesure de la qualit\u00e9 de l\u2019air et effectu\u00e9 une campagne de mesures d\u2019\u00e9tanch\u00e9it\u00e9 et de qualit\u00e9 d\u2019air sur deux logements (<em>1 occup\u00e9, 1 non occup\u00e9<\/em>). Ces tests mesurent le taux de CO, de CO<sub>2<\/sub>, de\u00a0Benz\u00e8ne, de Formald\u00e9hyde, de particules fines, des COV et l\u2019\u00e9tanch\u00e9it\u00e9 globale du logement. Ils nous permettent de mettre en \u00e9vidence l\u2019impact des habitants sur la qualit\u00e9 d\u2019air du logement tout en d\u00e9terminant les interactions possibles entre l\u2019espace tampon et l\u2019int\u00e9rieur du logement. Dans un second temps, nous avons mod\u00e9lis\u00e9 les logements sur le logiciel de simulation thermique dynamique Pl\u00e9iades\/Comfie. Ce qui nous a permis d\u2019\u00e9tudier les temp\u00e9ratures dans ce logement en l\u2019absence puis en pr\u00e9sence de ce volume interm\u00e9diaire et ainsi d\u2019en expliquer les impacts thermiques sur le logement.*<\/p>\n<p><img loading=\"lazy\" decoding=\"async\" src=\"https:\/\/www.lgcge.fr\/wp-content\/uploads\/2018\/12\/LACHT.jpg\" alt=\"\" width=\"1478\" height=\"588\" class=\"alignnone size-full wp-image-2423 aligncenter\" srcset=\"https:\/\/www.lgcge.fr\/wp-content\/uploads\/2018\/12\/LACHT.jpg 1478w, https:\/\/www.lgcge.fr\/wp-content\/uploads\/2018\/12\/LACHT-300x119.jpg 300w, https:\/\/www.lgcge.fr\/wp-content\/uploads\/2018\/12\/LACHT-768x306.jpg 768w, https:\/\/www.lgcge.fr\/wp-content\/uploads\/2018\/12\/LACHT-1024x407.jpg 1024w, https:\/\/www.lgcge.fr\/wp-content\/uploads\/2018\/12\/LACHT-1320x525.jpg 1320w\" sizes=\"auto, (max-width: 1478px) 100vw, 1478px\" \/><\/p>\n<h3><strong>Scientific contributions from the laboratory<\/strong><\/h3>\n<ul>\n<li>R\u00e9flexion sur les pi\u00e8ces interm\u00e9diaires &#8220;espace tampon&#8221; ;<\/li>\n<li>Simulation thermique dynamique des b\u00e2timents et confrontation avec d&#8217;autres syst\u00e8mes normatifs ;<\/li>\n<li>Instrumentation et mesure in-situ \u00e0 l\u2019\u00e9chelle r\u00e9elle du b\u00e2timent.<\/li>\n<\/ul>","protected":false},"excerpt":{"rendered":"<p>Type de projet : ADEME R\u00e9gion Nord-Pas de Calais Dates : octobre 2012 &#8211; octobre 2015 Equipe concern\u00e9e : ER 5 Responsable du projet LGCgE : Zohir Younsi Centres concern\u00e9s : Universit\u00e9 d&#8217;Artois Junia Partenaires : LACTH (Laboratoire de l&#8217;\u00e9cole d&#8217;architecture et de paysage de Lille) ; YNCREA-HEI SIA (bailleur [&hellip;]<\/p>\n","protected":false},"author":15305,"featured_media":0,"parent":265,"menu_order":0,"comment_status":"closed","ping_status":"closed","template":"","meta":{"_acf_changed":false,"_bbp_topic_count":0,"_bbp_reply_count":0,"_bbp_total_topic_count":0,"_bbp_total_reply_count":0,"_bbp_voice_count":0,"_bbp_anonymous_reply_count":0,"_bbp_topic_count_hidden":0,"_bbp_reply_count_hidden":0,"_bbp_forum_subforum_count":0,"footnotes":""},"class_list":["post-2395","page","type-page","status-publish","hentry"],"acf":[],"_links":{"self":[{"href":"https:\/\/www.lgcge.fr\/en\/wp-json\/wp\/v2\/pages\/2395","targetHints":{"allow":["GET"]}}],"collection":[{"href":"https:\/\/www.lgcge.fr\/en\/wp-json\/wp\/v2\/pages"}],"about":[{"href":"https:\/\/www.lgcge.fr\/en\/wp-json\/wp\/v2\/types\/page"}],"author":[{"embeddable":true,"href":"https:\/\/www.lgcge.fr\/en\/wp-json\/wp\/v2\/users\/15305"}],"replies":[{"embeddable":true,"href":"https:\/\/www.lgcge.fr\/en\/wp-json\/wp\/v2\/comments?post=2395"}],"version-history":[{"count":8,"href":"https:\/\/www.lgcge.fr\/en\/wp-json\/wp\/v2\/pages\/2395\/revisions"}],"predecessor-version":[{"id":3864,"href":"https:\/\/www.lgcge.fr\/en\/wp-json\/wp\/v2\/pages\/2395\/revisions\/3864"}],"up":[{"embeddable":true,"href":"https:\/\/www.lgcge.fr\/en\/wp-json\/wp\/v2\/pages\/265"}],"wp:attachment":[{"href":"https:\/\/www.lgcge.fr\/en\/wp-json\/wp\/v2\/media?parent=2395"}],"curies":[{"name":"wp","href":"https:\/\/api.w.org\/{rel}","templated":true}]}}