{"id":2400,"date":"2018-11-29T14:17:18","date_gmt":"2018-11-29T13:17:18","guid":{"rendered":"https:\/\/www.lgcge.fr\/?page_id=2400"},"modified":"2020-10-02T15:18:57","modified_gmt":"2020-10-02T13:18:57","slug":"sbnodessg","status":"publish","type":"page","link":"https:\/\/www.lgcge.fr\/en\/recherches\/projets-et-collaborations\/contrats-er5\/sbnodessg\/","title":{"rendered":"Projet SBnodesSG : Chaire industrielle \u00c9nergie, Smart Buildings as nodes of Smart Grids"},"content":{"rendered":"<table style=\"width: 100%; height: 343px; border-width: 1px; border-color: #000000;\">\n<tbody>\n<tr>\n<td>Type of project :<\/td>\n<td>Industrialist<\/td>\n<\/tr>\n<tr>\n<td>Dates :<\/td>\n<td>D\u00e9cembre 2017 &#8211; avril 2021<\/td>\n<\/tr>\n<tr>\n<td>Equipe concern\u00e9e :<\/td>\n<td><a href=\"https:\/\/www.lgcge.fr\/en\/recherches\/equipes-de-recherche\/er5\/\">ER 5<\/a><\/td>\n<\/tr>\n<tr>\n<td>Co-porteur de la chaire :<\/td>\n<td><a href=\"https:\/\/www.lgcge.fr\/en\/membre\/alexandre-leblanc\/\"><\/a><a href=\"https:\/\/www.lgcge.fr\/en\/membre\/julien-chamoin\/\">Julien Chamoin<\/a><\/td>\n<\/tr>\n<tr>\n<td>Center concerned :<\/td>\n<td>Junia<\/td>\n<\/tr>\n<tr>\n<td>Partners :<\/td>\n<td>MEL &#8211; M\u00e9tropole Europ\u00e9enne de Lille<br \/>\nEnedis<br \/>\nEDF<br \/>\nEffiPilot<br \/>\nMAD&amp;TECH<br \/>\nProjex<br \/>\nEnergic<br \/>\nStereograph<br \/>\nVinci Construction France<br \/>\nVinci Energie<br \/>\n<span style=\"font-family: inherit; font-size: inherit;\">GB Solar<\/span><\/td>\n<\/tr>\n<\/tbody>\n<\/table>\n<h3><strong>Project description<\/strong><\/h3>\n<p>Le projet SBnodesSG vise \u00e0 am\u00e9liorer l&#8217;efficacit\u00e9 \u00e9nerg\u00e9tique ainsi que le confort des usagers en int\u00e9grant les donn\u00e9es massives et objets connect\u00e9s dans la gestion intelligente de r\u00e9seaux d&#8217;\u00e9nergie et des b\u00e2timents en interaction avec les usagers. Il contribue ainsi \u00e0 l&#8217;ambition d&#8217;une soci\u00e9t\u00e9 connect\u00e9e pour le bien-\u00eatre des citoyens et contribuant \u00e0 une croissance intelligente, durable et inclusive. Il s\u2019inscrit dans la strat\u00e9gie de la MEL de d\u00e9velopper les smart grids et une dimension smart cities concr\u00e9tis\u00e9e par le programme You&amp;Grid et le projet So MEL, So Connected, et l\u2019ambition de la MEL de s\u2019inscrire dans le programme europ\u00e9en H2020.<\/p>\n<p>Ce projet se distingue par le fait d&#8217;associer un panel d&#8217;entreprises incluant des entreprises de toute taille, de tr\u00e8s grandes entreprises, ainsi que des PME ou startups, en cr\u00e9ant un lien fort, et pour certaines entreprises, entre le monde acad\u00e9mique et celui des entreprises. Il contribue ainsi \u00e0 renforcer la performance globale en rapprochant les chercheurs des entreprises, et en permettant \u00e0 certaines entreprises pour la premi\u00e8re fois l&#8217;acc\u00e8s \u00e0 un potentiel de recherche acad\u00e9mique.<\/p>\n<p><img loading=\"lazy\" decoding=\"async\" src=\"https:\/\/www.lgcge.fr\/wp-content\/uploads\/2018\/12\/SBNODESG.jpg\" alt=\"\" width=\"1284\" height=\"588\" class=\"alignnone size-full wp-image-2419 aligncenter\" srcset=\"https:\/\/www.lgcge.fr\/wp-content\/uploads\/2018\/12\/SBNODESG.jpg 1284w, https:\/\/www.lgcge.fr\/wp-content\/uploads\/2018\/12\/SBNODESG-300x137.jpg 300w, https:\/\/www.lgcge.fr\/wp-content\/uploads\/2018\/12\/SBNODESG-768x352.jpg 768w, https:\/\/www.lgcge.fr\/wp-content\/uploads\/2018\/12\/SBNODESG-1024x469.jpg 1024w\" sizes=\"auto, (max-width: 1284px) 100vw, 1284px\" \/><\/p>\n<h3><strong>Scientific contributions from the laboratory<\/strong><\/h3>\n<ul>\n<li>Mod\u00e9lisation et supervision dynamique des b\u00e2timents d\u00e9monstrateurs ;<\/li>\n<li>Instrumentation et mesure in-situ \u00e0 l\u2019\u00e9chelle r\u00e9elle du b\u00e2timent (qualit\u00e9 de l\u2019air int\u00e9rieur) ;<\/li>\n<li>D\u00e9veloppement de solutions permettant d\u2019augmenter l\u2019autoconsommation et la mutualisation \u00e9nerg\u00e9tique entre b\u00e2timents ;<\/li>\n<li>Optimisation dynamique du confort ressenti et des consommations \u00e9nerg\u00e9tiques d\u2019un b\u00e2timent via un outil d\u2019aide \u00e0 la d\u00e9cision et de visualisation bas\u00e9 sur une maquette BIM<\/li>\n<\/ul>","protected":false},"excerpt":{"rendered":"<p>Type de projet : Industriel Dates : D\u00e9cembre 2017 &#8211; avril 2021 Equipe concern\u00e9e : ER 5 Co-porteur de la chaire : Julien Chamoin Centre concern\u00e9 : Junia Partenaires : MEL &#8211; M\u00e9tropole Europ\u00e9enne de Lille Enedis EDF EffiPilot MAD&amp;TECH Projex Energic Stereograph Vinci Construction France Vinci Energie GB Solar [&hellip;]<\/p>\n","protected":false},"author":15305,"featured_media":0,"parent":265,"menu_order":0,"comment_status":"closed","ping_status":"closed","template":"","meta":{"_acf_changed":false,"_bbp_topic_count":0,"_bbp_reply_count":0,"_bbp_total_topic_count":0,"_bbp_total_reply_count":0,"_bbp_voice_count":0,"_bbp_anonymous_reply_count":0,"_bbp_topic_count_hidden":0,"_bbp_reply_count_hidden":0,"_bbp_forum_subforum_count":0,"footnotes":""},"class_list":["post-2400","page","type-page","status-publish","hentry"],"acf":[],"_links":{"self":[{"href":"https:\/\/www.lgcge.fr\/en\/wp-json\/wp\/v2\/pages\/2400","targetHints":{"allow":["GET"]}}],"collection":[{"href":"https:\/\/www.lgcge.fr\/en\/wp-json\/wp\/v2\/pages"}],"about":[{"href":"https:\/\/www.lgcge.fr\/en\/wp-json\/wp\/v2\/types\/page"}],"author":[{"embeddable":true,"href":"https:\/\/www.lgcge.fr\/en\/wp-json\/wp\/v2\/users\/15305"}],"replies":[{"embeddable":true,"href":"https:\/\/www.lgcge.fr\/en\/wp-json\/wp\/v2\/comments?post=2400"}],"version-history":[{"count":7,"href":"https:\/\/www.lgcge.fr\/en\/wp-json\/wp\/v2\/pages\/2400\/revisions"}],"predecessor-version":[{"id":3867,"href":"https:\/\/www.lgcge.fr\/en\/wp-json\/wp\/v2\/pages\/2400\/revisions\/3867"}],"up":[{"embeddable":true,"href":"https:\/\/www.lgcge.fr\/en\/wp-json\/wp\/v2\/pages\/265"}],"wp:attachment":[{"href":"https:\/\/www.lgcge.fr\/en\/wp-json\/wp\/v2\/media?parent=2400"}],"curies":[{"name":"wp","href":"https:\/\/api.w.org\/{rel}","templated":true}]}}