{"id":2405,"date":"2018-11-29T14:42:29","date_gmt":"2018-11-29T13:42:29","guid":{"rendered":"https:\/\/www.lgcge.fr\/?page_id=2405"},"modified":"2020-10-02T15:20:15","modified_gmt":"2020-10-02T13:20:15","slug":"somel-soconnected","status":"publish","type":"page","link":"https:\/\/www.lgcge.fr\/en\/recherches\/projets-et-collaborations\/contrats-er5\/somel-soconnected\/","title":{"rendered":"Projet SoMEL SoConnected : D\u00e9veloppement d\u2019un d\u00e9monstrateur \u00eelot Vauban"},"content":{"rendered":"<table style=\"width: 100%; height: 343px; border-width: 1px; border-color: #000000;\">\n<tbody>\n<tr>\n<td>Type of project :<\/td>\n<td>ADEME<\/td>\n<\/tr>\n<tr>\n<td>Dates :<\/td>\n<td>janvier 2017 &#8211; juin 2020<\/td>\n<\/tr>\n<tr>\n<td>Equipe concern\u00e9e :<\/td>\n<td><a href=\"https:\/\/www.lgcge.fr\/en\/recherches\/equipes-de-recherche\/er5\/\">ER 5<\/a><\/td>\n<\/tr>\n<tr>\n<td>Responsable du projet LGCgE :<\/td>\n<td><a href=\"https:\/\/www.lgcge.fr\/en\/membre\/zohir-younsi\/\">Zohir Younsi<\/a><\/p>\n<p><a href=\"https:\/\/www.lgcge.fr\/en\/membre\/julien-chamoin\/\">Julien Chamoin<\/a><\/td>\n<\/tr>\n<tr>\n<td>Center concerned :<\/td>\n<td>Junia<\/td>\n<\/tr>\n<tr>\n<td>Partners :<\/td>\n<td>Enedis<br \/>\nEDF<br \/>\nDalkia<br \/>\nIntent<br \/>\nLEM<br \/>\nAdeme<br \/>\n<span style=\"font-family: inherit; font-size: inherit;\">Universit\u00e9 Catholique de Lille<\/span><\/td>\n<\/tr>\n<\/tbody>\n<\/table>\n<h3><strong>Project description<\/strong><\/h3>\n<p>SoMel SoConnected est un programme port\u00e9 par la M\u00e9tropole Europ\u00e9enne de Lille, visant au d\u00e9veloppement de 15 projets \u00e9nerg\u00e9tiques innovants. Sa d\u00e9clinaison sur le campus Vauban concerne le d\u00e9veloppement d\u2019un d\u00e9monstrateur, o\u00f9 cohabiteront de la production photovolta\u00efque install\u00e9e sur les toits de certains b\u00e2timents du quartier, des bornes de recharge de v\u00e9hicules \u00e9lectriques, un r\u00e9seau de capteurs et de communication, le tout pilot\u00e9 par un centre Internet de l\u2019Energie. Dans ce projet, un challenge majeur est d\u2019autoconsommer la\u00a0majorit\u00e9 de la production photovolta\u00efque sur l\u2019il\u00f4t constitu\u00e9 des b\u00e2timents de HEI, Rizomm et de l\u2019H\u00f4tel acad\u00e9mique.<\/p>\n<p><img loading=\"lazy\" decoding=\"async\" src=\"https:\/\/www.lgcge.fr\/wp-content\/uploads\/2018\/12\/SOMEL.jpg\" alt=\"\" width=\"1284\" height=\"588\" class=\"alignnone size-full wp-image-2421 aligncenter\" srcset=\"https:\/\/www.lgcge.fr\/wp-content\/uploads\/2018\/12\/SOMEL.jpg 1284w, https:\/\/www.lgcge.fr\/wp-content\/uploads\/2018\/12\/SOMEL-300x137.jpg 300w, https:\/\/www.lgcge.fr\/wp-content\/uploads\/2018\/12\/SOMEL-768x352.jpg 768w, https:\/\/www.lgcge.fr\/wp-content\/uploads\/2018\/12\/SOMEL-1024x469.jpg 1024w\" sizes=\"auto, (max-width: 1284px) 100vw, 1284px\" \/><\/p>\n<h3><strong>Scientific contributions from the laboratory<\/strong><\/h3>\n<ul>\n<li>Dimensionnement des installations de productions, des dispositifs de stockage.<\/li>\n<li>D\u00e9veloppement des moyens de communications. Pr\u00e9-\u00e9tude de production photovolta\u00efque. Etude de la charge.<\/li>\n<\/ul>","protected":false},"excerpt":{"rendered":"<p>Type de projet : ADEME Dates : janvier 2017 &#8211; juin 2020 Equipe concern\u00e9e : ER 5 Responsable du projet LGCgE : Zohir Younsi Julien Chamoin Centre concern\u00e9 : Junia Partenaires : Enedis EDF Dalkia Intent LEM Ademe Universit\u00e9 Catholique de Lille Description du projet SoMel SoConnected est un programme [&hellip;]<\/p>\n","protected":false},"author":15305,"featured_media":0,"parent":265,"menu_order":0,"comment_status":"closed","ping_status":"closed","template":"","meta":{"_acf_changed":false,"_bbp_topic_count":0,"_bbp_reply_count":0,"_bbp_total_topic_count":0,"_bbp_total_reply_count":0,"_bbp_voice_count":0,"_bbp_anonymous_reply_count":0,"_bbp_topic_count_hidden":0,"_bbp_reply_count_hidden":0,"_bbp_forum_subforum_count":0,"footnotes":""},"class_list":["post-2405","page","type-page","status-publish","hentry"],"acf":[],"_links":{"self":[{"href":"https:\/\/www.lgcge.fr\/en\/wp-json\/wp\/v2\/pages\/2405","targetHints":{"allow":["GET"]}}],"collection":[{"href":"https:\/\/www.lgcge.fr\/en\/wp-json\/wp\/v2\/pages"}],"about":[{"href":"https:\/\/www.lgcge.fr\/en\/wp-json\/wp\/v2\/types\/page"}],"author":[{"embeddable":true,"href":"https:\/\/www.lgcge.fr\/en\/wp-json\/wp\/v2\/users\/15305"}],"replies":[{"embeddable":true,"href":"https:\/\/www.lgcge.fr\/en\/wp-json\/wp\/v2\/comments?post=2405"}],"version-history":[{"count":9,"href":"https:\/\/www.lgcge.fr\/en\/wp-json\/wp\/v2\/pages\/2405\/revisions"}],"predecessor-version":[{"id":3869,"href":"https:\/\/www.lgcge.fr\/en\/wp-json\/wp\/v2\/pages\/2405\/revisions\/3869"}],"up":[{"embeddable":true,"href":"https:\/\/www.lgcge.fr\/en\/wp-json\/wp\/v2\/pages\/265"}],"wp:attachment":[{"href":"https:\/\/www.lgcge.fr\/en\/wp-json\/wp\/v2\/media?parent=2405"}],"curies":[{"name":"wp","href":"https:\/\/api.w.org\/{rel}","templated":true}]}}