{"id":2411,"date":"2018-11-30T17:25:09","date_gmt":"2018-11-30T16:25:09","guid":{"rendered":"https:\/\/www.lgcge.fr\/?page_id=2411"},"modified":"2020-06-18T10:35:22","modified_gmt":"2020-06-18T08:35:22","slug":"bat-eco2","status":"publish","type":"page","link":"https:\/\/www.lgcge.fr\/en\/recherches\/projets-et-collaborations\/contrats-er5\/bat-eco2\/","title":{"rendered":"Bat Eco2"},"content":{"rendered":"<table style=\"width: 100%; height: 343px; border-width: 1px; border-color: #000000;\">\n<tbody>\n<tr>\n<td>Type of project :<\/td>\n<td>Region<\/td>\n<\/tr>\n<tr>\n<td>Dates :<\/td>\n<td>September 2015 \u2013 August 2018<\/td>\n<\/tr>\n<tr>\n<td>Research teams involved :<\/td>\n<td><a href=\"https:\/\/www.lgcge.fr\/en\/recherches\/equipes-de-recherche\/er5\/\">ER 5<\/a><br \/>\n<a href=\"https:\/\/www.lgcge.fr\/en\/recherches\/equipes-de-recherche\/er1\/\">ER 1<\/a><br \/>\n<a href=\"https:\/\/www.lgcge.fr\/en\/recherches\/equipes-de-recherche\/er2\/\">ER 2<\/a><\/td>\n<\/tr>\n<tr>\n<td>Project manager :<\/td>\n<td><a href=\"https:\/\/www.lgcge.fr\/en\/membre\/alain-bataille\/\">Alain Bataille<\/a><\/td>\n<\/tr>\n<tr>\n<td>Center concerned :<\/td>\n<td>University of Artois<\/td>\n<\/tr>\n<tr>\n<td>Partners :<\/td>\n<td>Maisons et Cit\u00e9s SOGINORPA,<br \/>\nle Cd2e (Centre de comp\u00e9tence r\u00e9gional en d\u00e9veloppement durable),<br \/>\nle CIRAIG (Centre International de Recherche en Analyse du Cycle de vie)<br \/>\nCROA (Conseil R\u00e9gional de l\u2019Ordre des Architectes)<br \/>\nNJC UNTEC<\/td>\n<\/tr>\n<\/tbody>\n<\/table>\n<h3><strong>Project description<\/strong><\/h3>\n<p>The Bat Eco2 project aimed to develop a tool for the environmental and economic assessment of solutions for renovating old buildings into social housing at the study stage conducted by project owners and contractors.<\/p>\n<p>Bat Eco2 was composed of 3 phases, the first consisted in working on the methodological choices, specifically attached to the renovation of buildings. A second phase corresponded to the environmental and economic modeling of the case study. The final phase integrates analyzes of the results of studies in life cycle analysis (LCA) and life cycle cost analysis (LCCA), and the crossing of these results, as well as a reflection on the specifications necessary for the development of a software tool for calculating the environmental impacts and the economic cost of the building after the renovation and over a reference period. The case study is an old building used as a single-family dwelling, covering living spaces and two bedrooms and the housing plot. This dwelling is part of a housing estate comprising more than 70 dwellings of a similar type.<\/p>\n<h3><strong>Scientific contributions from the laboratory<\/strong><\/h3>\n<p>All LCA and ACCV methodology was discussed and chosen in the lab. Modeling and cross-referencing of results is worked on in the laboratory.<\/p>\n<p>The scientific results have been the subject of numerous oral communications, by poster and in the press, and publications have been made and are in the process of being written.<\/p>","protected":false},"excerpt":{"rendered":"<p>Type de projet : R\u00e9gion Dates : Septembre 2015 &#8211; Ao\u00fbt 2018 Equipes de recherche concern\u00e9es : ER 5 ER 1 ER 2 Responsable du projet : Alain Bataille Centre concern\u00e9 : Universit\u00e9 d&#8217;Artois Partenaires : Maisons et Cit\u00e9s SOGINORPA, le Cd2e (Centre de comp\u00e9tence r\u00e9gional en d\u00e9veloppement durable), le [&hellip;]<\/p>\n","protected":false},"author":15305,"featured_media":0,"parent":265,"menu_order":0,"comment_status":"closed","ping_status":"closed","template":"","meta":{"_acf_changed":false,"_bbp_topic_count":0,"_bbp_reply_count":0,"_bbp_total_topic_count":0,"_bbp_total_reply_count":0,"_bbp_voice_count":0,"_bbp_anonymous_reply_count":0,"_bbp_topic_count_hidden":0,"_bbp_reply_count_hidden":0,"_bbp_forum_subforum_count":0,"footnotes":""},"class_list":["post-2411","page","type-page","status-publish","hentry"],"acf":[],"_links":{"self":[{"href":"https:\/\/www.lgcge.fr\/en\/wp-json\/wp\/v2\/pages\/2411","targetHints":{"allow":["GET"]}}],"collection":[{"href":"https:\/\/www.lgcge.fr\/en\/wp-json\/wp\/v2\/pages"}],"about":[{"href":"https:\/\/www.lgcge.fr\/en\/wp-json\/wp\/v2\/types\/page"}],"author":[{"embeddable":true,"href":"https:\/\/www.lgcge.fr\/en\/wp-json\/wp\/v2\/users\/15305"}],"replies":[{"embeddable":true,"href":"https:\/\/www.lgcge.fr\/en\/wp-json\/wp\/v2\/comments?post=2411"}],"version-history":[{"count":11,"href":"https:\/\/www.lgcge.fr\/en\/wp-json\/wp\/v2\/pages\/2411\/revisions"}],"predecessor-version":[{"id":3442,"href":"https:\/\/www.lgcge.fr\/en\/wp-json\/wp\/v2\/pages\/2411\/revisions\/3442"}],"up":[{"embeddable":true,"href":"https:\/\/www.lgcge.fr\/en\/wp-json\/wp\/v2\/pages\/265"}],"wp:attachment":[{"href":"https:\/\/www.lgcge.fr\/en\/wp-json\/wp\/v2\/media?parent=2411"}],"curies":[{"name":"wp","href":"https:\/\/api.w.org\/{rel}","templated":true}]}}