{"id":243,"date":"2018-01-24T14:55:12","date_gmt":"2018-01-24T13:55:12","guid":{"rendered":"https:\/\/www.lgcge.fr\/?page_id=243"},"modified":"2022-03-16T15:35:47","modified_gmt":"2022-03-16T14:35:47","slug":"about","status":"publish","type":"page","link":"https:\/\/www.lgcge.fr\/en\/lgcge\/about\/","title":{"rendered":"About LGCgE"},"content":{"rendered":"<p>The LGCgE, Laboratory of Civil Engineering and Geo-Environment, is a multidisciplinary research laboratory bringing together teams of researchers from several institutions in the Hauts de France region. The research and development activities are carried out by more than 200 people, including 92 teacher-researchers and researchers, 36 technical and administrative staff and 80 PhD students.<\/p>\n<p>The LGCgE is located in 4 institutions :<\/p>\n<ul>\n<li class=\"translation-block\"><strong>The Artois University ,<\/strong> with <a href=\"http:\/\/www.fsa.univ-artois.fr\/\" target=\"_self\" rel=\"noopener noreferrer\">the UFR of Applied Sciences<\/a> and <a href=\"http:\/\/iut-bethune.univ-artois.fr\/\" target=\"_self\" rel=\"noopener noreferrer\">the Bethune's IUT<\/a>,<\/li>\n<li><strong>The Institute Mines-Telecom Nord Europe<\/strong> with <a href=\"http:\/\/imt-lille-douai.fr\/\" target=\"_blank\" rel=\"noopener noreferrer\">Centre for Education, Research and Innovation (CERI)<\/a> in Douai.<\/li>\n<li class=\"translation-block\"><strong>The University of Lille,<\/strong> with <a href=\"https:\/\/www.polytech-lille.fr\/\" target=\"_self\" rel=\"noopener noreferrer\">Polytech\u2019Lille<\/a> and <a href=\"https:\/\/sciences-technologies.univ-lille.fr\/\" target=\"_self\" rel=\"noopener noreferrer\">the Faculty of Science and Technology<\/a> (Departments of Biology and Earth Sciences) in Villeneuve d'Ascq and the <a href=\"http:\/\/pharmacie.univ-lille.fr\/faculte-de-pharmacie-de-lille.html\" target=\"_self\" rel=\"noopener noreferrer\">Faculty of Pharmacy<\/a> in Lille,<\/li>\n<li class=\"translation-block\"><strong>Junia,<\/strong> from the Catholic University of Lille in Lille with the HEI and ISA schools.<\/li>\n<\/ul>\n<p><img loading=\"lazy\" decoding=\"async\" src=\"https:\/\/www.lgcge.fr\/wp-content\/uploads\/2020\/03\/region-site-LGCgE.jpg\" alt=\"\" width=\"523\" height=\"410\" class=\"wp-image-3046 aligncenter\"><\/p>","protected":false},"excerpt":{"rendered":"<p>Le LGCgE, Laboratoire de G\u00e9nie Civil et g\u00e9o-Environnement, est un laboratoire de recherche pluridisciplinaires regroupant des \u00e9quipes de chercheurs de plusieurs \u00e9tablissements de la r\u00e9gion Hauts de France. L\u2019activit\u00e9 de recherche et de valorisation est assur\u00e9e par plus de 200 personnes, dont 92 enseignants-chercheurs et chercheurs, 36 personnels techniques et [&hellip;]<\/p>\n","protected":false},"author":15305,"featured_media":0,"parent":340,"menu_order":0,"comment_status":"closed","ping_status":"closed","template":"","meta":{"_acf_changed":false,"_bbp_topic_count":0,"_bbp_reply_count":0,"_bbp_total_topic_count":0,"_bbp_total_reply_count":0,"_bbp_voice_count":0,"_bbp_anonymous_reply_count":0,"_bbp_topic_count_hidden":0,"_bbp_reply_count_hidden":0,"_bbp_forum_subforum_count":0,"footnotes":""},"class_list":["post-243","page","type-page","status-publish","hentry"],"acf":[],"_links":{"self":[{"href":"https:\/\/www.lgcge.fr\/en\/wp-json\/wp\/v2\/pages\/243","targetHints":{"allow":["GET"]}}],"collection":[{"href":"https:\/\/www.lgcge.fr\/en\/wp-json\/wp\/v2\/pages"}],"about":[{"href":"https:\/\/www.lgcge.fr\/en\/wp-json\/wp\/v2\/types\/page"}],"author":[{"embeddable":true,"href":"https:\/\/www.lgcge.fr\/en\/wp-json\/wp\/v2\/users\/15305"}],"replies":[{"embeddable":true,"href":"https:\/\/www.lgcge.fr\/en\/wp-json\/wp\/v2\/comments?post=243"}],"version-history":[{"count":20,"href":"https:\/\/www.lgcge.fr\/en\/wp-json\/wp\/v2\/pages\/243\/revisions"}],"predecessor-version":[{"id":4847,"href":"https:\/\/www.lgcge.fr\/en\/wp-json\/wp\/v2\/pages\/243\/revisions\/4847"}],"up":[{"embeddable":true,"href":"https:\/\/www.lgcge.fr\/en\/wp-json\/wp\/v2\/pages\/340"}],"wp:attachment":[{"href":"https:\/\/www.lgcge.fr\/en\/wp-json\/wp\/v2\/media?parent=243"}],"curies":[{"name":"wp","href":"https:\/\/api.w.org\/{rel}","templated":true}]}}