{"id":245,"date":"2018-01-24T15:01:41","date_gmt":"2018-01-24T14:01:41","guid":{"rendered":"https:\/\/www.lgcge.fr\/?page_id=245"},"modified":"2022-03-23T14:13:13","modified_gmt":"2022-03-23T13:13:13","slug":"organisation","status":"publish","type":"page","link":"https:\/\/www.lgcge.fr\/en\/lgcge\/organisation\/","title":{"rendered":"Word from the Director"},"content":{"rendered":"<h2 class=\"has-text-align-right wp-block-heading\" id=\"professeur-ali-zaoui\"><strong>Professeur Ali ZAOUI<\/strong><\/h2>\n\n\n\n<div class=\"wp-block-image\"><figure class=\"alignright size-full\"><img loading=\"lazy\" decoding=\"async\" width=\"163\" height=\"228\" src=\"https:\/\/www.lgcge.fr\/wp-content\/uploads\/2020\/03\/Ali-ZAoui.png\" alt=\"\" class=\"wp-image-2914\"\/><\/figure><\/div>\n\n\n\n<blockquote class=\"wp-block-quote is-layout-flow wp-block-quote-is-layout-flow\"><p>The Laboratory of Civil Engineering and geo-Environment (LGCgE) was created in January 2010 with the aim of bringing together regional research potential in the field of geo-materials, civil engineering, building and geo-environment. The main goal is to meet the challenges of exploring new civil engineering materials, deep understanding of soils and environment problems, sustainable construction, the protection of natural resources and the management of industrial sites.<\/p><p class=\"translation-block\">The <strong>LGCgE<\/strong> is headed by the Artois University, the University of Lille, IMT-Nord Europe and Junia. Organized into 5 research teams, the laboratory has more than 200 members. In order to reinforce the inter-team cooperation, the laboratory has created two transversal operations respectively on \"Materials\" and \"City\". These operations aim to consolidate existing cooperation and explore new cooperation.<\/p><p class=\"translation-block\">The main activities of <strong>LGCgE<\/strong> range from geo-materials (important constituents of infrastructures) to buildings. The whole leads to the city of tomorrow and takes into account the related environmental aspects. These latest emerging topics respond to the problems linked to soil, water and air pollution. Experimental and theoretical means are also available. These two major components are complemented by research on housing and the smart city to form a united whole in a laboratory of civil engineering and geo-environment.<\/p><\/blockquote>\n\n\n\n<p class=\"has-text-align-right\"><\/p>\n\n\n\n<div class=\"wp-block-image\"><figure class=\"aligncenter\"><img loading=\"lazy\" decoding=\"async\" width=\"842\" height=\"595\" src=\"https:\/\/www.lgcge.fr\/wp-content\/uploads\/2022\/05\/Research-activities.png\" alt=\"\" class=\"wp-image-2929\" srcset=\"https:\/\/www.lgcge.fr\/wp-content\/uploads\/2022\/05\/Research-activities.png 604w, https:\/\/www.lgcge.fr\/wp-content\/uploads\/2022\/05\/Research-activities-300x169.png 300w, https:\/\/www.lgcge.fr\/wp-content\/uploads\/2022\/05\/Research-activities-18x10.png 18w, https:\/\/www.lgcge.fr\/wp-content\/uploads\/2022\/05\/Research-activities-128x72.png 128w\" sizes=\"auto, (max-width: 842px) 100vw, 842px\" \/><\/figure><\/div>","protected":false},"excerpt":{"rendered":"<p>Professeur Ali ZAOUI &#8220;Le Laboratoire de G\u00e9nie Civil et G\u00e9o-Environnement a \u00e9t\u00e9 cr\u00e9\u00e9 en janvier 2010 dans le but de f\u00e9d\u00e9rer les potentiels de recherche r\u00e9gionaux dans le domaine des g\u00e9o-mat\u00e9riaux, du g\u00e9nie civil, du b\u00e2timent et du g\u00e9o-environnement. L&#8217;objectif principal est de relever les d\u00e9fis de l&#8217;exploration de nouveaux [&hellip;]<\/p>\n","protected":false},"author":15305,"featured_media":0,"parent":340,"menu_order":3,"comment_status":"closed","ping_status":"closed","template":"","meta":{"_acf_changed":false,"_bbp_topic_count":0,"_bbp_reply_count":0,"_bbp_total_topic_count":0,"_bbp_total_reply_count":0,"_bbp_voice_count":0,"_bbp_anonymous_reply_count":0,"_bbp_topic_count_hidden":0,"_bbp_reply_count_hidden":0,"_bbp_forum_subforum_count":0,"footnotes":""},"class_list":["post-245","page","type-page","status-publish","hentry"],"acf":[],"_links":{"self":[{"href":"https:\/\/www.lgcge.fr\/en\/wp-json\/wp\/v2\/pages\/245","targetHints":{"allow":["GET"]}}],"collection":[{"href":"https:\/\/www.lgcge.fr\/en\/wp-json\/wp\/v2\/pages"}],"about":[{"href":"https:\/\/www.lgcge.fr\/en\/wp-json\/wp\/v2\/types\/page"}],"author":[{"embeddable":true,"href":"https:\/\/www.lgcge.fr\/en\/wp-json\/wp\/v2\/users\/15305"}],"replies":[{"embeddable":true,"href":"https:\/\/www.lgcge.fr\/en\/wp-json\/wp\/v2\/comments?post=245"}],"version-history":[{"count":19,"href":"https:\/\/www.lgcge.fr\/en\/wp-json\/wp\/v2\/pages\/245\/revisions"}],"predecessor-version":[{"id":4897,"href":"https:\/\/www.lgcge.fr\/en\/wp-json\/wp\/v2\/pages\/245\/revisions\/4897"}],"up":[{"embeddable":true,"href":"https:\/\/www.lgcge.fr\/en\/wp-json\/wp\/v2\/pages\/340"}],"wp:attachment":[{"href":"https:\/\/www.lgcge.fr\/en\/wp-json\/wp\/v2\/media?parent=245"}],"curies":[{"name":"wp","href":"https:\/\/api.w.org\/{rel}","templated":true}]}}