{"id":247,"date":"2018-01-24T15:03:13","date_gmt":"2018-01-24T14:03:13","guid":{"rendered":"https:\/\/www.lgcge.fr\/?page_id=247"},"modified":"2025-01-10T15:26:29","modified_gmt":"2025-01-10T14:26:29","slug":"membres","status":"publish","type":"page","link":"https:\/\/www.lgcge.fr\/en\/lgcge\/membres\/","title":{"rendered":"Members"},"content":{"rendered":"<p>The laboratory is located on 4 sites :<\/p>\n<ul>\n<li class=\"translation-block\"><strong>B\u00e9thune,<\/strong> with the Applied Sciences Faculty and Bethune's IUT of the Artois University,<\/li>\n<li><strong>Douai,<\/strong> with the Civil and Environmental Engineering Department of IMT Nord Europe,<\/li>\n<li class=\"translation-block\"><strong>Villeneuve d'Ascq,<\/strong> with Polytech\u2019Lille, the Faculty of Science and Technology (Departments of Biology and Earth Sciences) of the University of Lille,<\/li>\n<li class=\"translation-block\"><strong>Lille,<\/strong> with Junia (ISA-HEI-ISEN) from the Catholic University of Lille<\/li>\n<\/ul>\n<p>Early 2021,<sup>er<\/sup> janvier 2025, le LGCgE accueille environ 180 personnes, dont 95 enseignants-chercheurs et chercheurs, 35 personnels techniques et administratifs et 50 doctorants.<\/p>\n<div id=\"um-admin-form-shortcode\" class=\"postbox\">\n<div class=\"inside\"><\/div>\n<\/div>\n\n\n<p><\/p>","protected":false},"excerpt":{"rendered":"<p>Le laboratoire est localis\u00e9 sur 4 sites : B\u00e9thune,\u00a0avec l\u2019UFR des Sciences Appliqu\u00e9es et l\u2019IUT de B\u00e9thune de l\u2019Universit\u00e9 d&#8217;Artois, Douai, avec le D\u00e9partement G\u00e9nie civil et Environnemental de l&#8217;IMT Nord Europe, Villeneuve d\u2019Ascq,\u00a0avec Polytech&#8217;Lille, la Facult\u00e9 des Sciences et Technologies (D\u00e9partements Biologie et des Sciences de la Terre) de [&hellip;]<\/p>\n","protected":false},"author":15305,"featured_media":0,"parent":340,"menu_order":4,"comment_status":"closed","ping_status":"closed","template":"","meta":{"_acf_changed":false,"_bbp_topic_count":0,"_bbp_reply_count":0,"_bbp_total_topic_count":0,"_bbp_total_reply_count":0,"_bbp_voice_count":0,"_bbp_anonymous_reply_count":0,"_bbp_topic_count_hidden":0,"_bbp_reply_count_hidden":0,"_bbp_forum_subforum_count":0,"footnotes":""},"class_list":["post-247","page","type-page","status-publish","hentry"],"acf":[],"_links":{"self":[{"href":"https:\/\/www.lgcge.fr\/en\/wp-json\/wp\/v2\/pages\/247","targetHints":{"allow":["GET"]}}],"collection":[{"href":"https:\/\/www.lgcge.fr\/en\/wp-json\/wp\/v2\/pages"}],"about":[{"href":"https:\/\/www.lgcge.fr\/en\/wp-json\/wp\/v2\/types\/page"}],"author":[{"embeddable":true,"href":"https:\/\/www.lgcge.fr\/en\/wp-json\/wp\/v2\/users\/15305"}],"replies":[{"embeddable":true,"href":"https:\/\/www.lgcge.fr\/en\/wp-json\/wp\/v2\/comments?post=247"}],"version-history":[{"count":21,"href":"https:\/\/www.lgcge.fr\/en\/wp-json\/wp\/v2\/pages\/247\/revisions"}],"predecessor-version":[{"id":7125,"href":"https:\/\/www.lgcge.fr\/en\/wp-json\/wp\/v2\/pages\/247\/revisions\/7125"}],"up":[{"embeddable":true,"href":"https:\/\/www.lgcge.fr\/en\/wp-json\/wp\/v2\/pages\/340"}],"wp:attachment":[{"href":"https:\/\/www.lgcge.fr\/en\/wp-json\/wp\/v2\/media?parent=247"}],"curies":[{"name":"wp","href":"https:\/\/api.w.org\/{rel}","templated":true}]}}