{"id":249,"date":"2018-01-24T15:03:23","date_gmt":"2018-01-24T14:03:23","guid":{"rendered":"https:\/\/www.lgcge.fr\/?page_id=249"},"modified":"2022-09-12T11:10:13","modified_gmt":"2022-09-12T09:10:13","slug":"formations","status":"publish","type":"page","link":"https:\/\/www.lgcge.fr\/en\/lgcge\/formations\/","title":{"rendered":"Diplomas"},"content":{"rendered":"<p>The members of the laboratory are involved in numerous training courses in the Region (IUT, License, Master, Engineering schools and Doctoral schools) in their areas of expertise, namely, civil engineering, housing, environment and ecology.<\/p>\n<h2>Masters<\/h2>\n<p>The LGCgE is strongly involved in master's education in the Region. The members of the laboratory are responsible of 7 specialties :<br \/>\n\t\t\t\t\t\t<style>\n\t\t\t\t#wpsm_accordion_409 .wpsm_panel-heading{\n\tpadding:0px !important;\n}\n#wpsm_accordion_409 .wpsm_panel-title {\n\tmargin:0px !important; \n\ttext-transform:none !important;\n\tline-height: 1 !important;\n}\n#wpsm_accordion_409 .wpsm_panel-title a{\n\ttext-decoration:none;\n\toverflow:hidden;\n\tdisplay:block;\n\tpadding:0px;\n\tfont-family: myriad-pro-condensed, sans-serif!important;\n\tcolor:#a6033f !important;\n\tborder-bottom:0px !important;\n}\n#wpsm_accordion_409 .wpsm_panel-title a span{\n\tfont-size: 14px !important;\n}\n\n#wpsm_accordion_409 .wpsm_panel-title a:focus {\noutline: 0px !important;\n}\n\n#wpsm_accordion_409 .wpsm_panel-title a:hover, #wpsm_accordion_409 .wpsm_panel-title a:focus {\n\tcolor:#a6033f !important;\n}\n#wpsm_accordion_409 .acc-a{\n\tcolor: #a6033f !important;\n\tbackground-color:#ffffff !important;\n\tborder-color: #ddd;\n}\n#wpsm_accordion_409 .wpsm_panel-default > .wpsm_panel-heading{\n\tcolor: #a6033f !important;\n\tbackground-color: #ffffff !important;\n\tborder-color: #ffffff !important;\n\tborder-top-left-radius: 0px;\n\tborder-top-right-radius: 0px;\n}\n#wpsm_accordion_409 .wpsm_panel-default {\n\t\tborder:1px solid transparent !important;\n\t}\n#wpsm_accordion_409 {\n\tmargin-bottom: 20px;\n\toverflow: hidden;\n\tfloat: none;\n\twidth: 100%;\n\tdisplay: block;\n}\n#wpsm_accordion_409 .ac_title_class{\n\tdisplay: block;\n\tpadding-top: 12px;\n\tpadding-bottom: 12px;\n\tpadding-left: 15px;\n\tpadding-right: 15px;\n}\n#wpsm_accordion_409  .wpsm_panel {\n\toverflow:hidden;\n\t-webkit-box-shadow: 0 0px 0px rgba(0, 0, 0, .05);\n\tbox-shadow: 0 0px 0px rgba(0, 0, 0, .05);\n\t\tborder-radius: 4px;\n\t}\n#wpsm_accordion_409  .wpsm_panel + .wpsm_panel {\n\t\tmargin-top: 5px;\n\t}\n#wpsm_accordion_409  .wpsm_panel-body{\n\tbackground-color:#ffffff !important;\n\tcolor:#000000 !important;\n\tborder-top-color: #ffffff !important;\n\tfont-size:14px !important;\n\tfont-family: myriad-pro-condensed, sans-serif!important;\n\toverflow: hidden;\n\t\tborder: 2px solid #ffffff !important;\n\t}\n\n#wpsm_accordion_409 .ac_open_cl_icon{\n\tbackground-color:#ffffff !important;\n\tcolor: #a6033f !important;\n\tfloat:left !important;\n\tpadding-top: 12px !important;\n\tpadding-bottom: 12px !important;\n\tline-height: 1.0 !important;\n\tpadding-left: 15px !important;\n\tpadding-right: 15px !important;\n\tdisplay: inline-block !important;\n}\n\n\t\t\t\n\t\t\t\t\n\n\t\n\t\t\t<\/style>\n\t\t\t<div class=\"wpsm_panel-group\" id=\"wpsm_accordion_409\" >\n\t\t\t\t\t\t\t\t\n\t\t\t\t\t<!-- Inner panel Start -->\n\t\t\t\t\t<div class=\"wpsm_panel wpsm_panel-default\">\n\t\t\t\t\t\t<div class=\"wpsm_panel-heading\" role=\"tab\" >\n\t\t\t\t\t\t  <h4 class=\"wpsm_panel-title\">\n\t\t\t\t\t\t\t<a  class=\"\"  data-toggle=\"collapse\" data-parent=\"#wpsm_accordion_409 \" href=\"#ac_409_collapse1\"  >\n\t\t\t\t\t\t\t\t\t\t\t\t\t\t\t\t\t<span class=\"ac_open_cl_icon fa fa-plus\"><\/span>\n\t\t\t\t\t\t\t\t\t\n\t\t\t\t\t\t\t\t \n\t\t\t\t\t\t\t\t<span class=\"ac_title_class\">\n\t\t\t\t\t\t\t\t\tInternational Master \"Nano-science and nano-technology for civil engineering\" - University of Lille\t\t\t\t\t\t\t\t<\/span>\n\t\t\t\t\t\t\t<\/a>\n\t\t\t\t\t\t  <\/h4>\n\t\t\t\t\t\t<\/div>\n\t\t\t\t\t\t<div id=\"ac_409_collapse1\" class=\"wpsm_panel-collapse collapse\"  >\n\t\t\t\t\t\t  <div class=\"wpsm_panel-body\">\n\t\t\t\t\t\t\tLe G\u00e9nie Civil couvre deux grands domaines que sont \u00a0l'ing\u00e9nierie et les mat\u00e9riaux o\u00f9 l'innovation reste particuli\u00e8rement riv\u00e9e sur les grandes infrastructures. Cependant, l'urbanisation croissante impacte nos ressources et les milieux, qui \u00e0 son tour exige de l'innovation \u00e0 l'\u00e9chelle nanom\u00e9trique. Dans le monde, ce cr\u00e9neau de recherche s'ouvre de plus en plus \u00e0 l'ing\u00e9nierie civile mais il reste largement insuffisant et \u00e0 un stade presque embryonnaire. Ainsi, l'objectif de ce Master est de relever ces d\u00e9fis et permettre l'utilisation des nanosciences et nanotechnologies pour r\u00e9pondre aux besoins du monde de l'habitat, l'environnement, et du g\u00e9nie civil.\r\n\r\nCe master propose une formation de haut niveau dans un nouveau champ d'applications pour la nanoscience et de la nanotechnologie \u00a0: le g\u00e9nie civil. Ce master est pr\u00e9par\u00e9 dans un contexte international en combinant plusieurs \u00e9quipes de recherche acad\u00e9mique en Europe (France, Su\u00e8de, Autriche, Allemagne, R\u00e9publique slovaque, Royaume-Uni), aux \u00c9tats-Unis et au Br\u00e9sil. Ce master s'adresse aux \u00e9tudiants int\u00e9ress\u00e9s par l'applications des nano-sciences et les nano-technologies dans des nouveaux champs d'applications en g\u00e9nie civil tels que la recherche sur les mat\u00e9riaux (ciment, argiles, nano-GEO-composites, g\u00e9o -mati\u00e8res en sous-sol profond, etc ..) et l'environnement (stockage souterrain de l'\u00e9nergie, transition de phase des mat\u00e9riaux, pollution des sols et des eaux souterraines, etc ..).\r\n\r\nPour plus d'informations, consultez <a href=\"http:\/\/master-nngc.univ-lille1.fr\" rel=\"noopener\" target=\"_blank\">le site de la formation<\/a>.\r\n\r\n\t\t\t\t\t\t  <\/div>\n\t\t\t\t\t\t<\/div>\n\t\t\t\t\t<\/div>\n\t\t\t\t\t<!-- Inner panel End -->\n\t\t\t\t\t\n\t\t\t\t\t\t\t\t\n\t\t\t\t\t<!-- Inner panel Start -->\n\t\t\t\t\t<div class=\"wpsm_panel wpsm_panel-default\">\n\t\t\t\t\t\t<div class=\"wpsm_panel-heading\" role=\"tab\" >\n\t\t\t\t\t\t  <h4 class=\"wpsm_panel-title\">\n\t\t\t\t\t\t\t<a  class=\"collapsed\"  data-toggle=\"collapse\" data-parent=\"#wpsm_accordion_409 \" href=\"#ac_409_collapse2\"  >\n\t\t\t\t\t\t\t\t\t\t\t\t\t\t\t\t\t<span class=\"ac_open_cl_icon fa fa-plus\"><\/span>\n\t\t\t\t\t\t\t\t\t\n\t\t\t\t\t\t\t\t \n\t\t\t\t\t\t\t\t<span class=\"ac_title_class\">\n\t\t\t\t\t\t\t\t\tInternational Master \"Urban Engineering and Housing\" - University of Lille, University of Artois, IMT Lille Douai, ENSAPL\t\t\t\t\t\t\t\t<\/span>\n\t\t\t\t\t\t\t<\/a>\n\t\t\t\t\t\t  <\/h4>\n\t\t\t\t\t\t<\/div>\n\t\t\t\t\t\t<div id=\"ac_409_collapse2\" class=\"wpsm_panel-collapse collapse\"  >\n\t\t\t\t\t\t  <div class=\"wpsm_panel-body\">\n\t\t\t\t\t\t\tLes objectifs de ce master sont multiples :\r\n<ul>\r\n \t<li>Assurer une formation pluridisciplinaire sur les probl\u00e9matiques de la ville et de l'habitat,<\/li>\r\n \t<li>Former des cadres de haut niveau capables de g\u00e9rer et de traiter des probl\u00e8mes complexes rencontr\u00e9s dans la ville avec des d\u00e9bouch\u00e9s vers le secteur de l'ing\u00e9nierie, des entreprises et des collectivit\u00e9s<\/li>\r\n \t<li>Offrir une initiation \u00e0 la recherche, avec la possibilit\u00e9 de pr\u00e9parer un doctorat en partenariat avec les acteurs de la ville.<\/li>\r\n<\/ul>\t\t\t\t\t\t  <\/div>\n\t\t\t\t\t\t<\/div>\n\t\t\t\t\t<\/div>\n\t\t\t\t\t<!-- Inner panel End -->\n\t\t\t\t\t\n\t\t\t\t\t\t\t\t\n\t\t\t\t\t<!-- Inner panel Start -->\n\t\t\t\t\t<div class=\"wpsm_panel wpsm_panel-default\">\n\t\t\t\t\t\t<div class=\"wpsm_panel-heading\" role=\"tab\" >\n\t\t\t\t\t\t  <h4 class=\"wpsm_panel-title\">\n\t\t\t\t\t\t\t<a  class=\"collapsed\"  data-toggle=\"collapse\" data-parent=\"#wpsm_accordion_409 \" href=\"#ac_409_collapse3\"  >\n\t\t\t\t\t\t\t\t\t\t\t\t\t\t\t\t\t<span class=\"ac_open_cl_icon fa fa-plus\"><\/span>\n\t\t\t\t\t\t\t\t\t\n\t\t\t\t\t\t\t\t \n\t\t\t\t\t\t\t\t<span class=\"ac_title_class\">\n\t\t\t\t\t\t\t\t\tMaster \"Biodiversity, ecology and Evolution - ECOREMID course (ECOlogy and Restoration of degraded places)\" - University of Lille\t\t\t\t\t\t\t\t<\/span>\n\t\t\t\t\t\t\t<\/a>\n\t\t\t\t\t\t  <\/h4>\n\t\t\t\t\t\t<\/div>\n\t\t\t\t\t\t<div id=\"ac_409_collapse3\" class=\"wpsm_panel-collapse collapse\"  >\n\t\t\t\t\t\t  <div class=\"wpsm_panel-body\">\n\t\t\t\t\t\t\tLes\u00a0 objectifs\u00a0 de ce master se\u00a0 d\u00e9clinent\u00a0 en\u00a0 deux\u00a0 composantes majeures :\r\n<ul>\r\n \t<li>Former des \u00e9tudiants capables d'appr\u00e9hender les m\u00e9canismes qui interviennent dans l'\u00e9volution de la biodiversit\u00e9 et le fonctionnement des \u00e9cosyst\u00e8mes continentaux et marins naturels ou d\u00e9grad\u00e9s.<\/li>\r\n \t<li>Initier les \u00e9tudiants aux m\u00e9thodes d'analyse, d\u2019ing\u00e9nierie \u00e9cologique et d'intervention dans les domaines de l'\u00e9cologie, de\u00a0 l'oc\u00e9anologie,\u00a0 de\u00a0 la\u00a0 biologie\u00a0 et\u00a0 g\u00e9n\u00e9tique\u00a0 de\u00a0 la\u00a0 conservation,\u00a0 du\u00a0 diagnostic\u00a0 des pollutions et de la rem\u00e9diation.<\/li>\r\n<\/ul>\r\n<a href=\"http:\/\/master-bee.univ-lille1.fr\/enseignements\/deuxi%C3%A8me-ann%C3%A9e\/ecoremid\" target=\"_blank\" rel=\"noopener noreferrer\">Site web de la formation<\/a>\t\t\t\t\t\t  <\/div>\n\t\t\t\t\t\t<\/div>\n\t\t\t\t\t<\/div>\n\t\t\t\t\t<!-- Inner panel End -->\n\t\t\t\t\t\n\t\t\t\t\t\t\t\t\n\t\t\t\t\t<!-- Inner panel Start -->\n\t\t\t\t\t<div class=\"wpsm_panel wpsm_panel-default\">\n\t\t\t\t\t\t<div class=\"wpsm_panel-heading\" role=\"tab\" >\n\t\t\t\t\t\t  <h4 class=\"wpsm_panel-title\">\n\t\t\t\t\t\t\t<a  class=\"collapsed\"  data-toggle=\"collapse\" data-parent=\"#wpsm_accordion_409 \" href=\"#ac_409_collapse4\"  >\n\t\t\t\t\t\t\t\t\t\t\t\t\t\t\t\t\t<span class=\"ac_open_cl_icon fa fa-plus\"><\/span>\n\t\t\t\t\t\t\t\t\t\n\t\t\t\t\t\t\t\t \n\t\t\t\t\t\t\t\t<span class=\"ac_title_class\">\n\t\t\t\t\t\t\t\t\tMaster \"Geo-ressource, Geo-risk and geo-technique\" - University of Lille\t\t\t\t\t\t\t\t<\/span>\n\t\t\t\t\t\t\t<\/a>\n\t\t\t\t\t\t  <\/h4>\n\t\t\t\t\t\t<\/div>\n\t\t\t\t\t\t<div id=\"ac_409_collapse4\" class=\"wpsm_panel-collapse collapse\"  >\n\t\t\t\t\t\t  <div class=\"wpsm_panel-body\">\n\t\t\t\t\t\t\tCe Master a pour objectif de former des cadres dans les domaines de la gestion et la protection de l'eau et des sols, les ressources min\u00e9rales et mini\u00e8res, la gestion de l'apr\u00e8s mine.\t\t\t\t\t\t  <\/div>\n\t\t\t\t\t\t<\/div>\n\t\t\t\t\t<\/div>\n\t\t\t\t\t<!-- Inner panel End -->\n\t\t\t\t\t\n\t\t\t\t\t\t\t\t\n\t\t\t\t\t<!-- Inner panel Start -->\n\t\t\t\t\t<div class=\"wpsm_panel wpsm_panel-default\">\n\t\t\t\t\t\t<div class=\"wpsm_panel-heading\" role=\"tab\" >\n\t\t\t\t\t\t  <h4 class=\"wpsm_panel-title\">\n\t\t\t\t\t\t\t<a  class=\"collapsed\"  data-toggle=\"collapse\" data-parent=\"#wpsm_accordion_409 \" href=\"#ac_409_collapse5\"  >\n\t\t\t\t\t\t\t\t\t\t\t\t\t\t\t\t\t<span class=\"ac_open_cl_icon fa fa-plus\"><\/span>\n\t\t\t\t\t\t\t\t\t\n\t\t\t\t\t\t\t\t \n\t\t\t\t\t\t\t\t<span class=\"ac_title_class\">\n\t\t\t\t\t\t\t\t\tMaster \"Hydraulic and geotechnical engineering\" - University of Lille\t\t\t\t\t\t\t\t<\/span>\n\t\t\t\t\t\t\t<\/a>\n\t\t\t\t\t\t  <\/h4>\n\t\t\t\t\t\t<\/div>\n\t\t\t\t\t\t<div id=\"ac_409_collapse5\" class=\"wpsm_panel-collapse collapse\"  >\n\t\t\t\t\t\t  <div class=\"wpsm_panel-body\">\n\t\t\t\t\t\t\tCe Master a pour objectif de former des collaborateurs (bac+5) capables de mettre en place, diriger et g\u00e9rer les comp\u00e9tences et interventions des diff\u00e9rents acteurs dans le domaine de l'eau et du sol. Les secteurs concern\u00e9s sont la ma\u00eetrise d'ouvrage, les bureaux d'\u00e9tudes, les bureaux de contr\u00f4le et les cabinets d'expertises, les concessionnaires de l'eau et les laboratoires de recherche appliqu\u00e9e.\t\t\t\t\t\t  <\/div>\n\t\t\t\t\t\t<\/div>\n\t\t\t\t\t<\/div>\n\t\t\t\t\t<!-- Inner panel End -->\n\t\t\t\t\t\n\t\t\t\t\t\t\t\t\n\t\t\t\t\t<!-- Inner panel Start -->\n\t\t\t\t\t<div class=\"wpsm_panel wpsm_panel-default\">\n\t\t\t\t\t\t<div class=\"wpsm_panel-heading\" role=\"tab\" >\n\t\t\t\t\t\t  <h4 class=\"wpsm_panel-title\">\n\t\t\t\t\t\t\t<a  class=\"collapsed\"  data-toggle=\"collapse\" data-parent=\"#wpsm_accordion_409 \" href=\"#ac_409_collapse6\"  >\n\t\t\t\t\t\t\t\t\t\t\t\t\t\t\t\t\t<span class=\"ac_open_cl_icon fa fa-plus\"><\/span>\n\t\t\t\t\t\t\t\t\t\n\t\t\t\t\t\t\t\t \n\t\t\t\t\t\t\t\t<span class=\"ac_title_class\">\n\t\t\t\t\t\t\t\t\tMaster \"Sustainable building and energy efficiency\" - University of Artois\t\t\t\t\t\t\t\t<\/span>\n\t\t\t\t\t\t\t<\/a>\n\t\t\t\t\t\t  <\/h4>\n\t\t\t\t\t\t<\/div>\n\t\t\t\t\t\t<div id=\"ac_409_collapse6\" class=\"wpsm_panel-collapse collapse\"  >\n\t\t\t\t\t\t  <div class=\"wpsm_panel-body\">\n\t\t\t\t\t\t\tCe Master a pour objectif de former des cadres sup\u00e9rieurs par l'acquisition de connaissances scientifiques et techniques dans les secteurs pluridisciplinaires et particuli\u00e8rement porteurs. En fin de cycle, les dipl\u00f4m\u00e9s auront une approche globale des probl\u00e9matiques de la construction et de l'am\u00e9nagement durable. Les pr\u00e9occupations \u00e9nerg\u00e9tiques et environnementales sont communes et trait\u00e9es de mani\u00e8res transversales.\t\t\t\t\t\t  <\/div>\n\t\t\t\t\t\t<\/div>\n\t\t\t\t\t<\/div>\n\t\t\t\t\t<!-- Inner panel End -->\n\t\t\t\t\t\n\t\t\t\t\t\t\t\t\n\t\t\t\t\t<!-- Inner panel Start -->\n\t\t\t\t\t<div class=\"wpsm_panel wpsm_panel-default\">\n\t\t\t\t\t\t<div class=\"wpsm_panel-heading\" role=\"tab\" >\n\t\t\t\t\t\t  <h4 class=\"wpsm_panel-title\">\n\t\t\t\t\t\t\t<a  class=\"collapsed\"  data-toggle=\"collapse\" data-parent=\"#wpsm_accordion_409 \" href=\"#ac_409_collapse7\"  >\n\t\t\t\t\t\t\t\t\t\t\t\t\t\t\t\t\t<span class=\"ac_open_cl_icon fa fa-plus\"><\/span>\n\t\t\t\t\t\t\t\t\t\n\t\t\t\t\t\t\t\t \n\t\t\t\t\t\t\t\t<span class=\"ac_title_class\">\n\t\t\t\t\t\t\t\t\tMaster \"Building Infrastructures Roads Various Networks\" - University of Artois\t\t\t\t\t\t\t\t<\/span>\n\t\t\t\t\t\t\t<\/a>\n\t\t\t\t\t\t  <\/h4>\n\t\t\t\t\t\t<\/div>\n\t\t\t\t\t\t<div id=\"ac_409_collapse7\" class=\"wpsm_panel-collapse collapse\"  >\n\t\t\t\t\t\t  <div class=\"wpsm_panel-body\">\n\t\t\t\t\t\t\tL'objectif est de former des cadres sup\u00e9rieurs g\u00e9n\u00e9ralistes, capable de participer \u00e0 l'\u00e9tude, la conduite et la gestion des projets dans le domaine du b\u00e2timent, des travaux publics, de l'assainissement et de l'am\u00e9nagement urbain. Les dipl\u00f4m\u00e9s poss\u00e8dent \u00e0 la fois de solides connaissances techniques, des comp\u00e9tences en gestion humaine et en organisation de projets de construction.\t\t\t\t\t\t  <\/div>\n\t\t\t\t\t\t<\/div>\n\t\t\t\t\t<\/div>\n\t\t\t\t\t<!-- Inner panel End -->\n\t\t\t\t\t\n\t\t\t\t\t\t\t\t\n\t\t\t\t\t<!-- Inner panel Start -->\n\t\t\t\t\t<div class=\"wpsm_panel wpsm_panel-default\">\n\t\t\t\t\t\t<div class=\"wpsm_panel-heading\" role=\"tab\" >\n\t\t\t\t\t\t  <h4 class=\"wpsm_panel-title\">\n\t\t\t\t\t\t\t<a  class=\"collapsed\"  data-toggle=\"collapse\" data-parent=\"#wpsm_accordion_409 \" href=\"#ac_409_collapse8\"  >\n\t\t\t\t\t\t\t\t\t\t\t\t\t\t\t\t\t<span class=\"ac_open_cl_icon fa fa-plus\"><\/span>\n\t\t\t\t\t\t\t\t\t\n\t\t\t\t\t\t\t\t \n\t\t\t\t\t\t\t\t<span class=\"ac_title_class\">\n\t\t\t\t\t\t\t\t\tMaster \"Civil engineering infrastructure\" - University of Lille\t\t\t\t\t\t\t\t<\/span>\n\t\t\t\t\t\t\t<\/a>\n\t\t\t\t\t\t  <\/h4>\n\t\t\t\t\t\t<\/div>\n\t\t\t\t\t\t<div id=\"ac_409_collapse8\" class=\"wpsm_panel-collapse collapse\"  >\n\t\t\t\t\t\t  <div class=\"wpsm_panel-body\">\n\t\t\t\t\t\t\tCe Master a pour objectif d'apporter aux \u00e9tudiants une formation de haut niveau dans le domaine de la conception et de la r\u00e9alisation d'infrastructures du g\u00e9nie civil. Plus pr\u00e9cis\u00e9ment, le candidat aura acquis les comp\u00e9tences n\u00e9cessaires pour : concevoir et dimensionner une infrastructure, synth\u00e9tiser des connaissances de g\u00e9nie civil et de l'environnement, g\u00e9rer et exploiter une infrastructure existante, int\u00e9grer une infrastructure dans son environnement.\t\t\t\t\t\t  <\/div>\n\t\t\t\t\t\t<\/div>\n\t\t\t\t\t<\/div>\n\t\t\t\t\t<!-- Inner panel End -->\n\t\t\t\t\t\n\t\t\t\t\t\t\t<\/div>\n\t\t\t<\/p>\n<h2>The Masters<\/h2>\n<p>The laboratory is responsible for three Masters (Conference of big schools) :<\/p>\n\t\t\t\t\t\t<style>\n\t\t\t\t#wpsm_accordion_488 .wpsm_panel-heading{\n\tpadding:0px !important;\n}\n#wpsm_accordion_488 .wpsm_panel-title {\n\tmargin:0px !important; \n\ttext-transform:none !important;\n\tline-height: 1 !important;\n}\n#wpsm_accordion_488 .wpsm_panel-title a{\n\ttext-decoration:none;\n\toverflow:hidden;\n\tdisplay:block;\n\tpadding:0px;\n\tfont-family: myriad-pro-condensed, sans-serif!important;\n\tcolor:#82c341 !important;\n\tborder-bottom:0px !important;\n}\n#wpsm_accordion_488 .wpsm_panel-title a span{\n\tfont-size: 14px !important;\n}\n\n#wpsm_accordion_488 .wpsm_panel-title a:focus {\noutline: 0px !important;\n}\n\n#wpsm_accordion_488 .wpsm_panel-title a:hover, #wpsm_accordion_488 .wpsm_panel-title a:focus {\n\tcolor:#82c341 !important;\n}\n#wpsm_accordion_488 .acc-a{\n\tcolor: #82c341 !important;\n\tbackground-color:#ffffff !important;\n\tborder-color: #ddd;\n}\n#wpsm_accordion_488 .wpsm_panel-default > .wpsm_panel-heading{\n\tcolor: #82c341 !important;\n\tbackground-color: #ffffff !important;\n\tborder-color: #ffffff !important;\n\tborder-top-left-radius: 0px;\n\tborder-top-right-radius: 0px;\n}\n#wpsm_accordion_488 .wpsm_panel-default {\n\t\tborder:1px solid transparent !important;\n\t}\n#wpsm_accordion_488 {\n\tmargin-bottom: 20px;\n\toverflow: hidden;\n\tfloat: none;\n\twidth: 100%;\n\tdisplay: block;\n}\n#wpsm_accordion_488 .ac_title_class{\n\tdisplay: block;\n\tpadding-top: 12px;\n\tpadding-bottom: 12px;\n\tpadding-left: 15px;\n\tpadding-right: 15px;\n}\n#wpsm_accordion_488  .wpsm_panel {\n\toverflow:hidden;\n\t-webkit-box-shadow: 0 0px 0px rgba(0, 0, 0, .05);\n\tbox-shadow: 0 0px 0px rgba(0, 0, 0, .05);\n\t\tborder-radius: 4px;\n\t}\n#wpsm_accordion_488  .wpsm_panel + .wpsm_panel {\n\t\tmargin-top: 5px;\n\t}\n#wpsm_accordion_488  .wpsm_panel-body{\n\tbackground-color:#ffffff !important;\n\tcolor:#000000 !important;\n\tborder-top-color: #ffffff !important;\n\tfont-size:14px !important;\n\tfont-family: myriad-pro-condensed, sans-serif!important;\n\toverflow: hidden;\n\t\tborder: 2px solid #ffffff !important;\n\t}\n\n#wpsm_accordion_488 .ac_open_cl_icon{\n\tbackground-color:#ffffff !important;\n\tcolor: #82c341 !important;\n\tfloat:left !important;\n\tpadding-top: 12px !important;\n\tpadding-bottom: 12px !important;\n\tline-height: 1.0 !important;\n\tpadding-left: 15px !important;\n\tpadding-right: 15px !important;\n\tdisplay: inline-block !important;\n}\n\n\t\t\t\n\t\t\t\t\n\n\t\n\t\t\t<\/style>\n\t\t\t<div class=\"wpsm_panel-group\" id=\"wpsm_accordion_488\" >\n\t\t\t\t\t\t\t\t\n\t\t\t\t\t<!-- Inner panel Start -->\n\t\t\t\t\t<div class=\"wpsm_panel wpsm_panel-default\">\n\t\t\t\t\t\t<div class=\"wpsm_panel-heading\" role=\"tab\" >\n\t\t\t\t\t\t  <h4 class=\"wpsm_panel-title\">\n\t\t\t\t\t\t\t<a  class=\"\"  data-toggle=\"collapse\" data-parent=\"#wpsm_accordion_488 \" href=\"#ac_488_collapse1\"  >\n\t\t\t\t\t\t\t\t\t\t\t\t\t\t\t\t\t<span class=\"ac_open_cl_icon fa fa-plus\"><\/span>\n\t\t\t\t\t\t\t\t\t\n\t\t\t\t\t\t\t\t \n\t\t\t\t\t\t\t\t<span class=\"ac_title_class\">\n\t\t\t\t\t\t\t\t\tCreacity Master - University of Lille\t\t\t\t\t\t\t\t<\/span>\n\t\t\t\t\t\t\t<\/a>\n\t\t\t\t\t\t  <\/h4>\n\t\t\t\t\t\t<\/div>\n\t\t\t\t\t\t<div id=\"ac_488_collapse1\" class=\"wpsm_panel-collapse collapse\"  >\n\t\t\t\t\t\t  <div class=\"wpsm_panel-body\">\n\t\t\t\t\t\t\tL'objectif de ce Mast\u00e8re est d'allier la double comp\u00e9tence en technologies num\u00e9riques de l'information et de la communication (TNIC) et ing\u00e9nierie urbaine, et de former des sp\u00e9cialistes de la cr\u00e9ation de la ville de demain. Cette formation a pour volont\u00e9 d'apporter les comp\u00e9tences n\u00e9cessaires pour repenser les nouveaux modes de gouvernance, am\u00e9liorer et anticiper la prise de d\u00e9cision dans la gestion de la ville, pour d\u00e9velopper un environnement intelligent centr\u00e9 sur l'usager, repenser la mobilit\u00e9 de mani\u00e8re douce et intelligente.\r\n\r\nLes membres du laboratoire sont \u00e9galement impliqu\u00e9s dans\u00a0le Mast\u00e8re \u00ab B\u00e2timents \u00e0 Energie Positive \u00bb de l'Institut Mines T\u00e9l\u00e9com Lille Douai (D\u00e9partement \u00c9nerg\u00e9tique Industrielle).\t\t\t\t\t\t  <\/div>\n\t\t\t\t\t\t<\/div>\n\t\t\t\t\t<\/div>\n\t\t\t\t\t<!-- Inner panel End -->\n\t\t\t\t\t\n\t\t\t\t\t\t\t\t\n\t\t\t\t\t<!-- Inner panel Start -->\n\t\t\t\t\t<div class=\"wpsm_panel wpsm_panel-default\">\n\t\t\t\t\t\t<div class=\"wpsm_panel-heading\" role=\"tab\" >\n\t\t\t\t\t\t  <h4 class=\"wpsm_panel-title\">\n\t\t\t\t\t\t\t<a  class=\"collapsed\"  data-toggle=\"collapse\" data-parent=\"#wpsm_accordion_488 \" href=\"#ac_488_collapse2\"  >\n\t\t\t\t\t\t\t\t\t\t\t\t\t\t\t\t\t<span class=\"ac_open_cl_icon fa fa-plus\"><\/span>\n\t\t\t\t\t\t\t\t\t\n\t\t\t\t\t\t\t\t \n\t\t\t\t\t\t\t\t<span class=\"ac_title_class\">\n\t\t\t\t\t\t\t\t\tMasters in Water Engineering - University of Lille\t\t\t\t\t\t\t\t<\/span>\n\t\t\t\t\t\t\t<\/a>\n\t\t\t\t\t\t  <\/h4>\n\t\t\t\t\t\t<\/div>\n\t\t\t\t\t\t<div id=\"ac_488_collapse2\" class=\"wpsm_panel-collapse collapse\"  >\n\t\t\t\t\t\t  <div class=\"wpsm_panel-body\">\n\t\t\t\t\t\t\tLe Mast\u00e8re sp\u00e9cialis\u00e9 en g\u00e9nie de l'eau s'adresse aux ing\u00e9nieurs g\u00e9n\u00e9ralistes et dipl\u00f4m\u00e9s d'un Master 2, d\u00e9sireux de parfaire leur formation dans le domaine des sciences de l'eau. Les aspects du cycle de l'eau sont abord\u00e9s dans ce mast\u00e8re gr\u00e2ce \u00e0 une \u00e9troite collaboration avec le monde professionnel.\t\t\t\t\t\t  <\/div>\n\t\t\t\t\t\t<\/div>\n\t\t\t\t\t<\/div>\n\t\t\t\t\t<!-- Inner panel End -->\n\t\t\t\t\t\n\t\t\t\t\t\t\t\t\n\t\t\t\t\t<!-- Inner panel Start -->\n\t\t\t\t\t<div class=\"wpsm_panel wpsm_panel-default\">\n\t\t\t\t\t\t<div class=\"wpsm_panel-heading\" role=\"tab\" >\n\t\t\t\t\t\t  <h4 class=\"wpsm_panel-title\">\n\t\t\t\t\t\t\t<a  class=\"collapsed\"  data-toggle=\"collapse\" data-parent=\"#wpsm_accordion_488 \" href=\"#ac_488_collapse3\"  >\n\t\t\t\t\t\t\t\t\t\t\t\t\t\t\t\t\t<span class=\"ac_open_cl_icon fa fa-plus\"><\/span>\n\t\t\t\t\t\t\t\t\t\n\t\t\t\t\t\t\t\t \n\t\t\t\t\t\t\t\t<span class=\"ac_title_class\">\n\t\t\t\t\t\t\t\t\tMaster in Product for the Concrete Industry (PPIB) - IMT Lille Douai\t\t\t\t\t\t\t\t<\/span>\n\t\t\t\t\t\t\t<\/a>\n\t\t\t\t\t\t  <\/h4>\n\t\t\t\t\t\t<\/div>\n\t\t\t\t\t\t<div id=\"ac_488_collapse3\" class=\"wpsm_panel-collapse collapse\"  >\n\t\t\t\t\t\t  <div class=\"wpsm_panel-body\">\n\t\t\t\t\t\t\tCe mast\u00e8re a pour objectif de former des cadres sp\u00e9cialistes ma\u00eetrisant les outils et les m\u00e9thodes du G\u00e9nie Civil Industriel ouverts \u00e0 la culture d'entreprise et aptes \u00e0 mener des projets \u00e0 la confluence de la production et des nouvelles technologies dans le domaine des b\u00e9tons.\t\t\t\t\t\t  <\/div>\n\t\t\t\t\t\t<\/div>\n\t\t\t\t\t<\/div>\n\t\t\t\t\t<!-- Inner panel End -->\n\t\t\t\t\t\n\t\t\t\t\t\t\t<\/div>\n\t\t\t\n<h2>Engineering degrees<\/h2>\n<p>The members of the laboratory are also strongly involved in the education provided within several engineering schools in the region, namely :<\/p>\n<p><strong>Polytech\u2019Lille <\/strong><\/p>\n<p>Engineer with specialization in Geotechnical Civil Engineering<\/p>\n<p><strong>IMT Nord Europe : <\/strong><\/p>\n<p>Engineer with the following specializations<\/p>\n<ul>\n<li>Building, Public Works and Environment<\/li>\n<li>Positive energy building<\/li>\n<li>Urban and housing engineering<\/li>\n<\/ul>\n<p><strong>Junia (HEI-ISA-ISEN)<\/strong><\/p>\n<p>ISA Engineer: Earth Engineer, Environmentalist<\/p>\n<p>HEI engineer with the following fields:<\/p>\n<ul>\n<li>Building, Planning and Architecture<\/li>\n<li>Construction and public works<\/li>\n<li>Habitat and Environment Energy<\/li>\n<\/ul>\n<h2>Doctoral schools<\/h2>\n<p>LGCgE doctoral students depend pedagogically on two Doctoral Schools :<\/p>\n<p>For doctoral students registered at the University of Artois :<\/p>\n<ul>\n<li><strong><a href=\"https:\/\/www.u-picardie.fr\/ecoles-doctorales\/edsts\/\" target=\"_blank\" rel=\"noopener noreferrer\">ED 585 Sciences, Technologie, Sant\u00e9 &#8211; EDSTS<\/a><\/strong><\/li>\n<\/ul>\n<p>For doctoral students registered at the University of Lille :<\/p>\n<ul>\n<li><a href=\"https:\/\/edengsys.univ-lille.fr\/\" target=\"_blank\" rel=\"noopener noreferrer\"><strong>ED 632 Sciences de l\u2019Ing\u00e9nierie et des Syst\u00e8mes &#8211; ENGSYS<\/strong><br \/>\n<\/a>Doctoral Studies Coordinator :\u00a0 <strong>Fahmi Za\u00efri<\/strong><\/li>\n<\/ul>\n<ul>\n<li><a href=\"http:\/\/edsmre.univ-lille1.fr\/\" target=\"_blank\" rel=\"noopener noreferrer\"><strong>ED 104 Sciences de la Mati\u00e8re, du Rayonnement et de l\u2019Environnement &#8211; SMRE<\/strong><br \/>\n<\/a>Doctoral Studies Coordinator : <strong>Damien CUNY<\/strong><\/li>\n<\/ul>","protected":false},"excerpt":{"rendered":"<p>Les membres du laboratoire sont impliqu\u00e9s dans de nombreuses formations de la R\u00e9gion (IUT, Licence, Master, Ecoles d&#8217;ing\u00e9nieurs et Ecoles doctorales) dans leurs secteurs de comp\u00e9tence, \u00e0 savoir, le g\u00e9nie civil, l&#8217;habitat, l&#8217;environnement et l&#8217;\u00e9cologie. Les Masters Le LGCgE est fortement impliqu\u00e9 dans la formation de master dans la R\u00e9gion. [&hellip;]<\/p>\n","protected":false},"author":15305,"featured_media":0,"parent":340,"menu_order":5,"comment_status":"closed","ping_status":"closed","template":"","meta":{"_acf_changed":false,"_bbp_topic_count":0,"_bbp_reply_count":0,"_bbp_total_topic_count":0,"_bbp_total_reply_count":0,"_bbp_voice_count":0,"_bbp_anonymous_reply_count":0,"_bbp_topic_count_hidden":0,"_bbp_reply_count_hidden":0,"_bbp_forum_subforum_count":0,"footnotes":""},"class_list":["post-249","page","type-page","status-publish","hentry"],"acf":[],"_links":{"self":[{"href":"https:\/\/www.lgcge.fr\/en\/wp-json\/wp\/v2\/pages\/249","targetHints":{"allow":["GET"]}}],"collection":[{"href":"https:\/\/www.lgcge.fr\/en\/wp-json\/wp\/v2\/pages"}],"about":[{"href":"https:\/\/www.lgcge.fr\/en\/wp-json\/wp\/v2\/types\/page"}],"author":[{"embeddable":true,"href":"https:\/\/www.lgcge.fr\/en\/wp-json\/wp\/v2\/users\/15305"}],"replies":[{"embeddable":true,"href":"https:\/\/www.lgcge.fr\/en\/wp-json\/wp\/v2\/comments?post=249"}],"version-history":[{"count":16,"href":"https:\/\/www.lgcge.fr\/en\/wp-json\/wp\/v2\/pages\/249\/revisions"}],"predecessor-version":[{"id":5564,"href":"https:\/\/www.lgcge.fr\/en\/wp-json\/wp\/v2\/pages\/249\/revisions\/5564"}],"up":[{"embeddable":true,"href":"https:\/\/www.lgcge.fr\/en\/wp-json\/wp\/v2\/pages\/340"}],"wp:attachment":[{"href":"https:\/\/www.lgcge.fr\/en\/wp-json\/wp\/v2\/media?parent=249"}],"curies":[{"name":"wp","href":"https:\/\/api.w.org\/{rel}","templated":true}]}}