{"id":255,"date":"2018-01-24T15:04:02","date_gmt":"2018-01-24T14:04:02","guid":{"rendered":"https:\/\/www.lgcge.fr\/?page_id=255"},"modified":"2022-01-07T15:49:47","modified_gmt":"2022-01-07T14:49:47","slug":"contact","status":"publish","type":"page","link":"https:\/\/www.lgcge.fr\/en\/lgcge\/contact\/","title":{"rendered":"Contact"},"content":{"rendered":"<p>To contact our teams, you can fill out the form in opposite.<\/p>\n<p class=\"poll\">The LGCgE is a multipolar laboratory. Its teams are spread over several research centers in the Hauts-de-France region.<\/p>\n<p><strong>LGCgE - University of Lille<\/strong><\/p>\n<p class=\"poll\">Ali ZAOUI - Director of LGCgE<\/p>\n<p class=\"poll\"><span id=\"cloaka3f61a5c24507548c48009e84f915f81\"><a href=\"mailto:Ali.Zaoui@polytech-lille.fr\">contact<\/a><\/span><span>\u00a0<\/span>&#8211; 03 62 26 89 76<\/p>\n<p class=\"poll\"><strong>LGCgE - Artois University<\/strong><\/p>\n<p class=\"poll\">Emmanuel ANTCZAK - Deputy Director LGCgE<\/p>\n<p class=\"poll\"><span id=\"cloak9ed858c373db85e2d4b49ed5f44a1ec8\"><a href=\"mailto:emmanuel.antczak@univ-artois.fr\">contact<\/a><\/span><span>\u00a0<\/span>&#8211; 03 21 63 71 52<\/p>\n<p class=\"poll\"><strong>LGCgE - Junia<\/strong><\/p>\n<p class=\"poll\">Christophe WATERLOT - Deputy Director LGCgE<\/p>\n<p class=\"poll\"><a href=\"mailto:christophe.waterlot@junia.com\"><span id=\"cloak9324041e15c5f9d1f893e5928c4bb3c4\">contact<\/span><\/a><span>\u00a0<\/span>&#8211; 03 28 38 46 08<\/p>\n<p class=\"poll\"><strong>LGCgE &#8211; Institut Mines T\u00e9l\u00e9com Nord Europe<\/strong><\/p>\n<p>Nor-Edine ABRIAK - Deputy Director LGCgE<\/p>\n<p><span id=\"cloakf43e72094f65752f5981547ce3f214b1\"><a href=\"mailto:nor-edine.abriak@imt-lille-douai.fr\">contact<\/a><\/span><span>\u00a0<\/span>&#8211; 03 27 71 24 10<\/p>","protected":false},"excerpt":{"rendered":"<p>Pour prendre contact avec nos \u00e9quipes, vous pouvez remplir le formulaire ci-contre. Le LGCgE est un laboratoire multipolaire. Ses \u00e9quipes sont r\u00e9parties sur plusieurs centres de recherche en r\u00e9gion Nord-Pas de Calais. LGCgE \u00a0&#8211; Universit\u00e9 de Lille Ali ZAOUI &#8211; Directeur du LGCgE contact\u00a0&#8211; 03 62 26 89 76 LGCgE [&hellip;]<\/p>\n","protected":false},"author":15305,"featured_media":0,"parent":340,"menu_order":9,"comment_status":"closed","ping_status":"closed","template":"","meta":{"_acf_changed":false,"_bbp_topic_count":0,"_bbp_reply_count":0,"_bbp_total_topic_count":0,"_bbp_total_reply_count":0,"_bbp_voice_count":0,"_bbp_anonymous_reply_count":0,"_bbp_topic_count_hidden":0,"_bbp_reply_count_hidden":0,"_bbp_forum_subforum_count":0,"footnotes":""},"class_list":["post-255","page","type-page","status-publish","hentry"],"acf":[],"_links":{"self":[{"href":"https:\/\/www.lgcge.fr\/en\/wp-json\/wp\/v2\/pages\/255","targetHints":{"allow":["GET"]}}],"collection":[{"href":"https:\/\/www.lgcge.fr\/en\/wp-json\/wp\/v2\/pages"}],"about":[{"href":"https:\/\/www.lgcge.fr\/en\/wp-json\/wp\/v2\/types\/page"}],"author":[{"embeddable":true,"href":"https:\/\/www.lgcge.fr\/en\/wp-json\/wp\/v2\/users\/15305"}],"replies":[{"embeddable":true,"href":"https:\/\/www.lgcge.fr\/en\/wp-json\/wp\/v2\/comments?post=255"}],"version-history":[{"count":17,"href":"https:\/\/www.lgcge.fr\/en\/wp-json\/wp\/v2\/pages\/255\/revisions"}],"predecessor-version":[{"id":4421,"href":"https:\/\/www.lgcge.fr\/en\/wp-json\/wp\/v2\/pages\/255\/revisions\/4421"}],"up":[{"embeddable":true,"href":"https:\/\/www.lgcge.fr\/en\/wp-json\/wp\/v2\/pages\/340"}],"wp:attachment":[{"href":"https:\/\/www.lgcge.fr\/en\/wp-json\/wp\/v2\/media?parent=255"}],"curies":[{"name":"wp","href":"https:\/\/api.w.org\/{rel}","templated":true}]}}