{"id":261,"date":"2018-01-24T15:05:56","date_gmt":"2018-01-24T14:05:56","guid":{"rendered":"https:\/\/www.lgcge.fr\/?page_id=261"},"modified":"2022-05-09T14:08:42","modified_gmt":"2022-05-09T12:08:42","slug":"equipements-sites-ateliers","status":"publish","type":"page","link":"https:\/\/www.lgcge.fr\/en\/recherches\/equipements-sites-ateliers\/","title":{"rendered":"Equipment"},"content":{"rendered":"<figure class=\"wp-block-gallery has-nested-images columns-default is-cropped\"><\/figure>\n\n\n\n<p>To carry out their research, the various teams have at their disposal numerous facilities :<\/p>\n\n\n\n<h2 class=\"wp-block-heading\"><span style=\"color: #a6033f;\"><strong>Research Team 1 \u2013 Multi-scale modeling and characterization of coupled problems<\/strong><\/span><\/h2>\n\n\n\n<div class=\"wp-block-buttons is-layout-flex wp-block-buttons-is-layout-flex\"><\/div>\n\n\n\n<ul class=\"wp-block-list\"><li>Experimental indentation device. The team will also be able to draw on the skills and tools pooled within the thematic Mechanics of Multi-Scale Surface Morphometry (M3S) of the Mechanics Federation of Lille.<\/li><li>Computing resources: a cluster of 26 nodes installed at Polytech\u2019Lille. The team  also benefits from the computing resources made available by the University of Lille (IT Resource Center, CRI). The CRI provides high performance computing infrastructures (HPC) as well as expertise in the field of scientific computing.<\/li><li>Geotechnical tests (triaxial, oedimeters,\u2026.).<\/li><\/ul>\n\n\n\n<div class=\"wp-block-image is-style-default\"><figure class=\"aligncenter size-large is-resized\"><img loading=\"lazy\" decoding=\"async\" src=\"https:\/\/www.lgcge.fr\/wp-content\/uploads\/2022\/05\/BAN-ER1-1-1024x509.png\" alt=\"\" class=\"wp-image-5080\" width=\"512\" height=\"255\" srcset=\"https:\/\/www.lgcge.fr\/wp-content\/uploads\/2022\/05\/BAN-ER1-1-1024x509.png 1024w, https:\/\/www.lgcge.fr\/wp-content\/uploads\/2022\/05\/BAN-ER1-1-300x149.png 300w, https:\/\/www.lgcge.fr\/wp-content\/uploads\/2022\/05\/BAN-ER1-1-768x382.png 768w, https:\/\/www.lgcge.fr\/wp-content\/uploads\/2022\/05\/BAN-ER1-1-18x9.png 18w, https:\/\/www.lgcge.fr\/wp-content\/uploads\/2022\/05\/BAN-ER1-1-1320x656.png 1320w, https:\/\/www.lgcge.fr\/wp-content\/uploads\/2022\/05\/BAN-ER1-1.png 1450w\" sizes=\"auto, (max-width: 512px) 100vw, 512px\" \/><\/figure><\/div>\n\n\n\n<hr class=\"wp-block-separator\"\/>\n\n\n\n<h2 class=\"wp-block-heading\"><span style=\"color: #cf3275;\"><strong>Research Team 2 \u2013 Innovative materials<\/strong><\/span><\/h2>\n\n\n\n<p class=\"translation-block\">The Research Team 2 has set up an <strong>experimental and digital platform for characterizing materials<\/strong> made up of the following equipment ;<\/p>\n\n\n\n<ul class=\"wp-block-list\"><li><strong>Mechanical<\/strong><ul><li class=\"translation-block\">2 3D printing machines (MATRICE project - size of parts 1<sup>3<\/sup>, earth and mortar)<\/li><li>Presses therefore press 100 tonnes with cyclic load (fatigue)<\/li><li>Large capacity triaxial cell (sample size of a CBR mold)<\/li><li>Civil and geotechnical engineering tests (triaxial, oedometer tests, Shear, rheometer, shock table, etc.)<\/li><li>Ovens, ovens and climatic chambers<\/li><li>Proc\u00e9d\u00e9s de pr\u00e9paration<\/li><\/ul><\/li><li><strong>Chemistry, Mineralogy and microbiology<\/strong><ul><li>FluoX<\/li><li>ICP<\/li><li>Ion chromatography<\/li><li>DRX<\/li><li>ATD-MS<\/li><li>GCMS<\/li><\/ul><\/li><li><strong>Microstructure<\/strong><ul><li>Porosimeter Hg, BET, Laser granulometer<\/li><li>Optical microscopy (including digital)<\/li><li>FEG-MEB with EDS<\/li><li>SEM traction bench<\/li><li>Indentation bench under ME<\/li><\/ul><\/li><li><strong>Numerical and modeling<\/strong><ul><li>Computation cluster of 250 CPUs allowing<\/li><li>Computing stations (GPU and CPU)<\/li><li>Un serveur de calcul&nbsp;: \u22481000 c\u0153urs pour 70 n\u0153uds CPU XEON et deux n\u0153uds GPU et un serveur Windows, XEON E5-2650v4 (24 c\u0153urs \u2013 128 Go RAM)<\/li><li>Internally developed software (discrete element methods), software used in conjunction with their developers (HYTEC, VCCTL, etc.) or business software (CESAR LCPC, ALIZE, etc.)<\/li><li>High speed camera<\/li><\/ul><\/li><\/ul>\n\n\n\n<div class=\"wp-block-image is-style-default\"><figure class=\"aligncenter size-large is-resized\"><img decoding=\"async\" src=\"https:\/\/www.lgcge.fr\/wp-content\/uploads\/2022\/05\/BAN-ER2BIS-1024x388.png\" alt=\"\" class=\"wp-image-5106\" width=\"700\" srcset=\"https:\/\/www.lgcge.fr\/wp-content\/uploads\/2022\/05\/BAN-ER2BIS-1024x388.png 1024w, https:\/\/www.lgcge.fr\/wp-content\/uploads\/2022\/05\/BAN-ER2BIS-300x114.png 300w, https:\/\/www.lgcge.fr\/wp-content\/uploads\/2022\/05\/BAN-ER2BIS-768x291.png 768w, https:\/\/www.lgcge.fr\/wp-content\/uploads\/2022\/05\/BAN-ER2BIS-1536x582.png 1536w, https:\/\/www.lgcge.fr\/wp-content\/uploads\/2022\/05\/BAN-ER2BIS-18x7.png 18w, https:\/\/www.lgcge.fr\/wp-content\/uploads\/2022\/05\/BAN-ER2BIS-1320x500.png 1320w, https:\/\/www.lgcge.fr\/wp-content\/uploads\/2022\/05\/BAN-ER2BIS.png 1904w\" sizes=\"(max-width: 1024px) 100vw, 1024px\" \/><\/figure><\/div>\n\n\n\n<hr class=\"wp-block-separator\"\/>\n\n\n\n<h2 class=\"wp-block-heading\"><span style=\"color: #f2594b;\"><strong>Research Team 3 (ER3) \u2013 Concrete &amp; Composite Materials<\/strong><\/span><\/h2>\n\n\n\n<ul class=\"wp-block-list\"><li><strong>Materials characterization devices<\/strong><ul><li>ICAR rheometer<\/li><li>Transportable BML rheometer<\/li><li>Rheocad rheometer<\/li><li>Viscometer<\/li><li>Plan \/ plan tribometers<\/li><li>Isothermal calorimeter<\/li><li>Adiabatic calorimeter<\/li><li>Permeability meter<\/li><li>Bauer device<\/li><li>Wet cabinet<\/li><li>200 kN press<\/li><\/ul><\/li><li><strong>Surface characterization devices<\/strong><ul><li>Goniometer<\/li><li>Roughness meters<\/li><li>Blood pressure monitor<\/li><li>Spectrocolorimeter<\/li><\/ul><\/li><li><strong>Apparatus for shaping materials<\/strong><ul><li>Extruder<\/li><\/ul><ul><li>Vibrocompactor<\/li><\/ul><\/li><li><strong>Materials manufacturing<\/strong><ul><li>Crusher<\/li><li>Mixers<\/li><li>Concrete plant (200 liters)<\/li><\/ul><\/li><\/ul>\n\n\n\n<div class=\"wp-block-image is-style-default\"><figure class=\"aligncenter size-large is-resized\"><img loading=\"lazy\" decoding=\"async\" src=\"https:\/\/www.lgcge.fr\/wp-content\/uploads\/2022\/05\/BAN-ER3-1-1024x357.png\" alt=\"\" class=\"wp-image-5129\" width=\"768\" height=\"268\" srcset=\"https:\/\/www.lgcge.fr\/wp-content\/uploads\/2022\/05\/BAN-ER3-1-1024x357.png 1024w, https:\/\/www.lgcge.fr\/wp-content\/uploads\/2022\/05\/BAN-ER3-1-300x104.png 300w, https:\/\/www.lgcge.fr\/wp-content\/uploads\/2022\/05\/BAN-ER3-1-768x267.png 768w, https:\/\/www.lgcge.fr\/wp-content\/uploads\/2022\/05\/BAN-ER3-1-1536x535.png 1536w, https:\/\/www.lgcge.fr\/wp-content\/uploads\/2022\/05\/BAN-ER3-1-18x6.png 18w, https:\/\/www.lgcge.fr\/wp-content\/uploads\/2022\/05\/BAN-ER3-1-1320x460.png 1320w, https:\/\/www.lgcge.fr\/wp-content\/uploads\/2022\/05\/BAN-ER3-1.png 1904w\" sizes=\"auto, (max-width: 768px) 100vw, 768px\" \/><\/figure><\/div>\n\n\n\n<hr class=\"wp-block-separator\"\/>\n\n\n\n<h2 class=\"wp-block-heading translation-block\"><a class=\"wp-block-button__link has-background\" href=\"https:\/\/www.lgcge.fr\/en\/recherches\/equipes-de-recherche\/er4\/\" style=\"background-color:#82c341\" target=\"_blank\" rel=\"noreferrer noopener\">Research Team 4 (ER4) \u2013 <strong>Functionality of anthropized systems<\/strong><\/a><\/h2>\n\n\n\n<ul class=\"wp-block-list\"><li>250 ml high-pressure high-temperature autoclave (reactor) equipped for in situ measurement of pH, pressure and temperature, with the possibility of sampling gas and liquid<\/li><li>Equipment used to study fluid-material interactions with control and\/or measurement of physico-chemical parameters<\/li><li>Spectrom\u00e8tre d&#8217;absorption atomique \u00e9quip\u00e9 de deux atomiseurs distincts (flamme et four \u00e9lectrothermique), d&#8217;un passeur d&#8217;\u00e9chantillons, d&#8217;une station de dilution et d&#8217;un g\u00e9n\u00e9rateur d&#8217;hydrure<\/li><li>Analytical tool for routine metering of metallic elements in various liquid matrices<\/li><li>Chromatographie en phase liquide compos\u00e9e de plusieurs modules dont une pompe, un d\u00e9gazeur, un passeur d&#8217;\u00e9chantillons thermostat\u00e9, un four \u00e0 colonnes thermostat\u00e9 et d&#8217;un d\u00e9tecteur \u00e0 barrettes de diodes et d&#8217;un d\u00e9tecteur fluorim\u00e9trique.<\/li><li>Appareil exploit\u00e9 principalement pour l&#8217;analyse des hydrocarbures aromatiques polycycliques et de certains compos\u00e9s comme l&#8217;ergost\u00e9rol<\/li><\/ul>\n\n\n\n<div class=\"wp-block-image is-style-default\"><figure class=\"aligncenter size-large is-resized\"><img loading=\"lazy\" decoding=\"async\" src=\"https:\/\/www.lgcge.fr\/wp-content\/uploads\/2022\/05\/BAN-ER4-1024x440.png\" alt=\"\" class=\"wp-image-5149\" width=\"718\" height=\"280\"\/><\/figure><\/div>\n\n\n\n<hr class=\"wp-block-separator\"\/>\n\n\n\n<h2 class=\"wp-block-heading translation-block\"><a class=\"wp-block-button__link has-background\" href=\"https:\/\/www.lgcge.fr\/en\/recherches\/equipes-de-recherche\/er5\/\" style=\"background-color:#62bcda\" target=\"_blank\" rel=\"noreferrer noopener\">Research Team 5 (ER5) \u2013 <strong>Habitat &amp; Smart city<\/strong><\/a><\/h2>\n\n\n\n<ul class=\"wp-block-list\"><li>Outil de caract\u00e9risation thermique de paroi \u00e0 l&#8217;\u00e9chelle 1<ul><li>Climatic cells<\/li><li>Large dimension flow characterization bench<\/li><li>Flow meter bench for characterization of MCP<\/li><\/ul><\/li><li>Visualisation d&#8217;\u00e9coulements<ul><li>PIV material<\/li><\/ul><\/li><li>Thermographic measurement equipment<ul><li>CEDIP Silver cooled infrared camera and solicitation system<\/li><li>FLIR B360 Infrared Matrix Microbolometers Infrared Camera<\/li><li>FSI 2000 Infra-Red Cameras<\/li><\/ul><\/li><li>Mat\u00e9riel d&#8217;analyse de la qualit\u00e9 de l&#8217;air<ul><li>Appareil de mesure de la qualit\u00e9 de l&#8217;air par spectroscopie acoustique<\/li><\/ul><\/li><li>Mat\u00e9riel d&#8217;instrumentation et de mesure in situ<ul><li>Centrales d&#8217;acquisition<\/li><li>Central station for thermal comfort atmospheres<\/li><li>2 Blower doors<\/li><\/ul><\/li><li>Acoustic measurements<ul><li>Cha\u00eene de caract\u00e9risation par mesure d&#8217;imp\u00e9dance acoustique<\/li><\/ul><\/li><\/ul>\n\n\n\n<div class=\"wp-block-image is-style-default\"><figure class=\"aligncenter size-large is-resized\"><img loading=\"lazy\" decoding=\"async\" src=\"https:\/\/www.lgcge.fr\/wp-content\/uploads\/2022\/05\/BAN-ER5-1024x420.png\" alt=\"\" class=\"wp-image-5157\" width=\"700\" height=\"270\"\/><\/figure><\/div>","protected":false},"excerpt":{"rendered":"<p>To carry out their research, the various teams have at their disposal numerous facilities.<\/p>","protected":false},"author":15305,"featured_media":0,"parent":350,"menu_order":2,"comment_status":"closed","ping_status":"closed","template":"","meta":{"_acf_changed":false,"_bbp_topic_count":0,"_bbp_reply_count":0,"_bbp_total_topic_count":0,"_bbp_total_reply_count":0,"_bbp_voice_count":0,"_bbp_anonymous_reply_count":0,"_bbp_topic_count_hidden":0,"_bbp_reply_count_hidden":0,"_bbp_forum_subforum_count":0,"footnotes":""},"class_list":["post-261","page","type-page","status-publish","hentry"],"acf":[],"_links":{"self":[{"href":"https:\/\/www.lgcge.fr\/en\/wp-json\/wp\/v2\/pages\/261","targetHints":{"allow":["GET"]}}],"collection":[{"href":"https:\/\/www.lgcge.fr\/en\/wp-json\/wp\/v2\/pages"}],"about":[{"href":"https:\/\/www.lgcge.fr\/en\/wp-json\/wp\/v2\/types\/page"}],"author":[{"embeddable":true,"href":"https:\/\/www.lgcge.fr\/en\/wp-json\/wp\/v2\/users\/15305"}],"replies":[{"embeddable":true,"href":"https:\/\/www.lgcge.fr\/en\/wp-json\/wp\/v2\/comments?post=261"}],"version-history":[{"count":86,"href":"https:\/\/www.lgcge.fr\/en\/wp-json\/wp\/v2\/pages\/261\/revisions"}],"predecessor-version":[{"id":5171,"href":"https:\/\/www.lgcge.fr\/en\/wp-json\/wp\/v2\/pages\/261\/revisions\/5171"}],"up":[{"embeddable":true,"href":"https:\/\/www.lgcge.fr\/en\/wp-json\/wp\/v2\/pages\/350"}],"wp:attachment":[{"href":"https:\/\/www.lgcge.fr\/en\/wp-json\/wp\/v2\/media?parent=261"}],"curies":[{"name":"wp","href":"https:\/\/api.w.org\/{rel}","templated":true}]}}