{"id":265,"date":"2018-01-24T15:06:58","date_gmt":"2018-01-24T14:06:58","guid":{"rendered":"https:\/\/www.lgcge.fr\/?page_id=265"},"modified":"2025-09-02T16:23:02","modified_gmt":"2025-09-02T14:23:02","slug":"contrats-er5","status":"publish","type":"page","link":"https:\/\/www.lgcge.fr\/en\/recherches\/projets-et-collaborations\/contrats-er5\/","title":{"rendered":"Projets et contrats de recherche de l&#8217;ER 5 depuis 2018"},"content":{"rendered":"<h2 style=\"text-align: justify;\"><strong>Projets <\/strong><strong>europ\u00e9ens<\/strong><\/h2>\n<table width=\"829\" height=\"123\">\n<tbody>\n<tr>\n<td><a href=\"https:\/\/build-value-interreg.eu\/\"><img loading=\"lazy\" decoding=\"async\" src=\"https:\/\/www.lgcge.fr\/wp-content\/uploads\/2025\/06\/logo-build-rvb.jpg\" alt=\"\" width=\"215\" height=\"99\" class=\"alignleft\" \/><\/a><em style=\"font-size: revert; font-family: inherit; font-weight: inherit; color: #808080;\"><\/em><em style=\"font-size: revert; font-family: inherit; font-weight: inherit; color: #808080;\">2024 \/\/ 2027<\/em><\/td>\n<\/tr>\n<tr>\n<td>\n<p style=\"text-align: left;\"><img loading=\"lazy\" decoding=\"async\" src=\"https:\/\/www.lgcge.fr\/wp-content\/uploads\/2025\/07\/Logo-INTERREG-POLDER.png\" alt=\"\" width=\"226\" height=\"86\" class=\"alignleft\" \/><em style=\"font-size: revert; font-family: inherit; font-weight: inherit; color: #808080;\"><\/em><\/p>\n<p style=\"text-align: left;\"><em style=\"font-size: revert; font-family: inherit; font-weight: inherit; color: #808080;\">2019 \/\/ 2023<\/em><\/p>\n<\/td>\n<\/tr>\n<tr>\n<td><a href=\"https:\/\/interreg5.interreg-fwvl.eu\/fr\/texacov\"><img loading=\"lazy\" decoding=\"async\" src=\"https:\/\/www.lgcge.fr\/wp-content\/uploads\/2025\/06\/interregV_TEXACOV_250.png\" alt=\"\" width=\"222\" height=\"110\" class=\"alignleft\" \/><\/a><em style=\"color: #808080; font-size: revert; font-family: inherit; font-weight: inherit;\"><\/em><em style=\"color: #808080; font-size: revert; font-family: inherit; font-weight: inherit;\">2016 \/\/ 2021<\/em><\/td>\n<\/tr>\n<\/tbody>\n<\/table>\n<h2><strong>\u00a0<\/strong><strong>\u00a0<\/strong><\/h2>\n<h2><strong>National projects<\/strong><\/h2>\n<p><a href=\"https:\/\/www.lgcge.fr\/en\/recherches\/projets-et-collaborations\/contrats-er5\/rehafutur2\/\"> <\/a><a href=\"https:\/\/www.lgcge.fr\/en\/recherches\/projets-et-collaborations\/contrats-er5\/sbnodessg\/\"><\/a><\/p>\n<table width=\"838\" height=\"164\">\n<tbody>\n<tr>\n<td rowspan=\"2\">\n<h3><img loading=\"lazy\" decoding=\"async\" src=\"https:\/\/www.lgcge.fr\/wp-content\/uploads\/2025\/06\/BB44069B-5D03-4302-9F41-4234183A6186.png\" alt=\"\" width=\"145\" height=\"95\" \/><\/h3>\n<p><b><strong><\/strong><\/b><\/td>\n<td><a href=\"https:\/\/www.lgcge.fr\/en\/projet-coron\/\" target=\"_blank\" rel=\"noopener\"><b>CORON<\/b><\/a>\u00a0Caract\u00e9risation multi-\u00e9chelle du confort amen\u00e9 par les ressources bio et g\u00e9osourc\u00e9es dans le cadre d&#8217;une r\u00e9novation l\u00e9g\u00e8re de logements anciens, analyse de l&#8217;acceptabilit\u00e9 social &#8211;\u00a0<span style=\"color: #808080;\"><em>2024 \/\/ 2026<\/em><\/span><\/td>\n<\/tr>\n<tr>\n<td><b><a href=\"https:\/\/www.lgcge.fr\/en\/recherches\/projets-et-collaborations\/contrats-er5\/europa\/\"><strong>EUROPA<\/strong><\/a><strong> <\/strong><\/b>Echangeur stockeur ultra compact \u00e0 changement de phase &#8211;\u00a0<em><span style=\"color: #808080;\">2018 \/\/ 2023<\/span><br \/>\n<\/em><\/td>\n<\/tr>\n<\/tbody>\n<\/table>\n<h3><\/h3>\n<h1><\/h1>\n<table width=\"844\" height=\"235\">\n<tbody>\n<tr>\n<td rowspan=\"3\">\n<h3><strong><img loading=\"lazy\" decoding=\"async\" src=\"https:\/\/www.lgcge.fr\/wp-content\/uploads\/2025\/07\/ademe-logo-2022-1.svg\" alt=\"\" width=\"73\" height=\"86\" \/><\/strong><\/h3>\n<\/td>\n<td><strong><a href=\"https:\/\/www.lgcge.fr\/en\/recherches\/projets-et-collaborations\/contrats-er5\/emibio\/\">EMIBIO<\/a> <\/strong>: \u00c9valuation des Emissions des mat\u00e9riaux Biosourc\u00e9s dans l&#8217;air int\u00e9rieur &#8211;\u00a0<span style=\"color: #808080;\"><em>2018 \/\/ 2022<\/em><\/span><\/td>\n<\/tr>\n<tr>\n<td><strong><a href=\"https:\/\/www.lgcge.fr\/en\/recherches\/projets-et-collaborations\/contrats-er5\/aerositan\/\">AEROSITAN<\/a> <\/strong>: A\u00e9rogels organiques super-isolants thermiques \u00e0 base d&#8217;acides amin\u00e9s naturels &#8211;\u00a0<span style=\"color: #808080;\"><em>2017 \/\/ 2020<\/em><\/span><\/td>\n<\/tr>\n<tr>\n<td><a href=\"https:\/\/www.lgcge.fr\/en\/recherches\/projets-et-collaborations\/contrats-er5\/somel-soconnected\/\"><strong>SoMEL SoConnected<\/strong><\/a> : D\u00e9veloppement d\u2019un d\u00e9monstrateur \u00eelot Vauban &#8211;<span style=\"color: #808080;\"> <em>2017 \/\/ 2020<\/em><\/span><\/td>\n<\/tr>\n<\/tbody>\n<\/table>\n<ul><\/ul>\n<h2><\/h2>\n<h2><strong>\u00a0<\/strong><\/h2>\n<h2><strong>Regional projects<\/strong><\/h2>\n<table width=\"771\" height=\"164\">\n<tbody>\n<tr>\n<td><strong><img loading=\"lazy\" decoding=\"async\" src=\"https:\/\/www.lgcge.fr\/wp-content\/uploads\/2025\/06\/LOGO-CPER.png\" alt=\"\" width=\"106\" height=\"90\" class=\"alignleft\" \/><\/strong><strong><\/strong><strong><a href=\"https:\/\/test-lgcge.univ-artois.fr\/recherches\/projets-et-collaborations\/contrats-er5\/sunrise-smart-city\/\">SunRise<\/a><\/strong>: Smart City Territoire catalyseur d&#8217;innovation\u00a0 &#8211; <span style=\"color: #808080;\"><em>2015 \/\/ 2020<\/em><\/span><\/td>\n<\/tr>\n<\/tbody>\n<\/table>\n<h2><\/h2>\n<h2><strong>\u00a0<\/strong><\/h2>\n<h2><strong>Projets industriels<\/strong><\/h2>\n<table>\n<tbody>\n<tr>\n<td><strong><a href=\"https:\/\/www.lgcge.fr\/en\/recherches\/projets-et-collaborations\/contrats-er5\/rehafutur2\/\">REHAFUTUR 2<\/a> <\/strong>: Suivi des performances thermiques de 6 maisons des mines r\u00e9nov\u00e9es &#8211;\u00a0 <span style=\"color: #808080;\"><em>2018 \/\/ 2021<\/em><\/span><\/td>\n<\/tr>\n<tr>\n<td><strong><a href=\"https:\/\/www.lgcge.fr\/en\/recherches\/projets-et-collaborations\/contrats-er5\/renochanvre\/\">R\u00e9nochanvre<\/a> <\/strong>: Etude comparative &amp; suivi du comportement hygrothermique de 2 maisons r\u00e9nov\u00e9es &#8211;\u00a0 <span style=\"color: #808080;\"><em>2018 \/\/ 2021<\/em><\/span><\/td>\n<\/tr>\n<tr>\n<td><strong><a href=\"https:\/\/www.lgcge.fr\/en\/recherches\/projets-et-collaborations\/contrats-er5\/sbnodessg\/\">SBnodesSG<\/a> <\/strong>: Chaire industrielle \u00c9nergie, Smart Buildings as nodes of Smart Grids &#8211;\u00a0 <span style=\"color: #808080;\"><em>2017 \/\/ 2021<\/em><\/span><\/td>\n<\/tr>\n<\/tbody>\n<\/table>\n<ul>\n<li style=\"list-style-type: none;\">\n<ul><\/ul>\n<\/li>\n<\/ul>","protected":false},"excerpt":{"rendered":"<p>Projets europ\u00e9ens 2024 \/\/ 2027 2019 \/\/ 2023 2016 \/\/ 2021 \u00a0\u00a0 Projets nationaux CORON\u00a0Caract\u00e9risation multi-\u00e9chelle du confort amen\u00e9 par les ressources bio et g\u00e9osourc\u00e9es dans le cadre d&#8217;une r\u00e9novation l\u00e9g\u00e8re de logements anciens, analyse de l&#8217;acceptabilit\u00e9 social &#8211;\u00a02024 \/\/ 2026 EUROPA Echangeur stockeur ultra compact \u00e0 changement de phase [&hellip;]<\/p>\n","protected":false},"author":15305,"featured_media":0,"parent":352,"menu_order":5,"comment_status":"closed","ping_status":"closed","template":"","meta":{"_acf_changed":false,"_bbp_topic_count":0,"_bbp_reply_count":0,"_bbp_total_topic_count":0,"_bbp_total_reply_count":0,"_bbp_voice_count":0,"_bbp_anonymous_reply_count":0,"_bbp_topic_count_hidden":0,"_bbp_reply_count_hidden":0,"_bbp_forum_subforum_count":0,"footnotes":""},"class_list":["post-265","page","type-page","status-publish","hentry"],"acf":[],"_links":{"self":[{"href":"https:\/\/www.lgcge.fr\/en\/wp-json\/wp\/v2\/pages\/265","targetHints":{"allow":["GET"]}}],"collection":[{"href":"https:\/\/www.lgcge.fr\/en\/wp-json\/wp\/v2\/pages"}],"about":[{"href":"https:\/\/www.lgcge.fr\/en\/wp-json\/wp\/v2\/types\/page"}],"author":[{"embeddable":true,"href":"https:\/\/www.lgcge.fr\/en\/wp-json\/wp\/v2\/users\/15305"}],"replies":[{"embeddable":true,"href":"https:\/\/www.lgcge.fr\/en\/wp-json\/wp\/v2\/comments?post=265"}],"version-history":[{"count":167,"href":"https:\/\/www.lgcge.fr\/en\/wp-json\/wp\/v2\/pages\/265\/revisions"}],"predecessor-version":[{"id":7725,"href":"https:\/\/www.lgcge.fr\/en\/wp-json\/wp\/v2\/pages\/265\/revisions\/7725"}],"up":[{"embeddable":true,"href":"https:\/\/www.lgcge.fr\/en\/wp-json\/wp\/v2\/pages\/352"}],"wp:attachment":[{"href":"https:\/\/www.lgcge.fr\/en\/wp-json\/wp\/v2\/media?parent=265"}],"curies":[{"name":"wp","href":"https:\/\/api.w.org\/{rel}","templated":true}]}}