{"id":270,"date":"2018-01-24T15:07:42","date_gmt":"2018-01-24T14:07:42","guid":{"rendered":"https:\/\/www.lgcge.fr\/?page_id=270"},"modified":"2022-09-22T13:09:46","modified_gmt":"2022-09-22T11:09:46","slug":"theses","status":"publish","type":"page","link":"https:\/\/www.lgcge.fr\/en\/productions-scientifiques\/theses\/","title":{"rendered":"PhD"},"content":{"rendered":"<p>LGCgE doctoral students depend pedagogically on two Doctoral Schools :<\/p>\n<p>Pour les doctorants inscrits \u00e0 l\u2019Universit\u00e9 d\u2019Artois :<\/p>\n<ul>\n<li><a href=\"https:\/\/www.u-picardie.fr\/ecoles-doctorales\/edsts\/\" target=\"_blank\" rel=\"noopener noreferrer\">ED 585 Sciences, Technologie, Sant\u00e9 \u2013 EDSTS<\/a><\/li>\n<\/ul>\n<p>Pour les doctorants inscrits \u00e0 l\u2019Universit\u00e9 de Lille :<\/p>\n<ul>\n<li><a href=\"https:\/\/edengsys.univ-lille.fr\/\" target=\"_blank\" rel=\"noopener noreferrer\">ED 632 Sciences de l\u2019Ing\u00e9nierie et des Syst\u00e8mes \u2013 ENGSYS<br \/><\/a>Doctoral Studies Coordinator :\u00a0<strong> Fahmi Za\u00efri<\/strong><\/li>\n<\/ul>\n<ul>\n<li><a href=\"http:\/\/edsmre.univ-lille1.fr\/\" target=\"_blank\" rel=\"noopener noreferrer\" class=\"broken_link\">ED 104 Sciences de la Mati\u00e8re, du Rayonnement et de l\u2019Environnement \u2013 SMRE<br \/><\/a>Doctoral Studies Coordinator :<span>\u00a0<\/span><strong>Damien CUNY<\/strong><\/li>\n<\/ul>\n\n\n<div class=\"wp-block-buttons is-content-justification-center is-layout-flex wp-container-core-buttons-is-layout-a89b3969 wp-block-buttons-is-layout-flex\">\n<div class=\"wp-block-button has-custom-width wp-block-button__width-50 has-custom-font-size has-medium-font-size\"><a class=\"wp-block-button__link has-accent-background-color has-background\" href=\"https:\/\/www.lgcge.fr\/en\/sujets-de-theses-2022\/\" target=\"_blank\" rel=\"noreferrer noopener\">Thesis topics 2022<\/a><\/div>\n<\/div>","protected":false},"excerpt":{"rendered":"<p>Les doctorants du LGCgE d\u00e9pendent p\u00e9dagogiquement de trois Ecoles Doctorales. Pour les doctorants inscrits \u00e0 l\u2019Universit\u00e9 d\u2019Artois : ED 585 Sciences, Technologie, Sant\u00e9 \u2013 EDSTS Pour les doctorants inscrits \u00e0 l\u2019Universit\u00e9 de Lille : ED 632 Sciences de l\u2019Ing\u00e9nierie et des Syst\u00e8mes \u2013 ENGSYSCoordinateur des \u00e9tudes doctorales :\u00a0 Fahmi Za\u00efri [&hellip;]<\/p>\n","protected":false},"author":15305,"featured_media":0,"parent":354,"menu_order":2,"comment_status":"closed","ping_status":"closed","template":"","meta":{"_acf_changed":false,"_bbp_topic_count":0,"_bbp_reply_count":0,"_bbp_total_topic_count":0,"_bbp_total_reply_count":0,"_bbp_voice_count":0,"_bbp_anonymous_reply_count":0,"_bbp_topic_count_hidden":0,"_bbp_reply_count_hidden":0,"_bbp_forum_subforum_count":0,"footnotes":""},"class_list":["post-270","page","type-page","status-publish","hentry"],"acf":[],"_links":{"self":[{"href":"https:\/\/www.lgcge.fr\/en\/wp-json\/wp\/v2\/pages\/270","targetHints":{"allow":["GET"]}}],"collection":[{"href":"https:\/\/www.lgcge.fr\/en\/wp-json\/wp\/v2\/pages"}],"about":[{"href":"https:\/\/www.lgcge.fr\/en\/wp-json\/wp\/v2\/types\/page"}],"author":[{"embeddable":true,"href":"https:\/\/www.lgcge.fr\/en\/wp-json\/wp\/v2\/users\/15305"}],"replies":[{"embeddable":true,"href":"https:\/\/www.lgcge.fr\/en\/wp-json\/wp\/v2\/comments?post=270"}],"version-history":[{"count":9,"href":"https:\/\/www.lgcge.fr\/en\/wp-json\/wp\/v2\/pages\/270\/revisions"}],"predecessor-version":[{"id":5773,"href":"https:\/\/www.lgcge.fr\/en\/wp-json\/wp\/v2\/pages\/270\/revisions\/5773"}],"up":[{"embeddable":true,"href":"https:\/\/www.lgcge.fr\/en\/wp-json\/wp\/v2\/pages\/354"}],"wp:attachment":[{"href":"https:\/\/www.lgcge.fr\/en\/wp-json\/wp\/v2\/media?parent=270"}],"curies":[{"name":"wp","href":"https:\/\/api.w.org\/{rel}","templated":true}]}}