{"id":274,"date":"2018-01-24T15:09:27","date_gmt":"2018-01-24T14:09:27","guid":{"rendered":"https:\/\/www.lgcge.fr\/?page_id=274"},"modified":"2020-06-18T11:41:59","modified_gmt":"2020-06-18T09:41:59","slug":"plan-du-site","status":"publish","type":"page","link":"https:\/\/www.lgcge.fr\/en\/plan-du-site\/","title":{"rendered":"Sitemap"},"content":{"rendered":"<p><span><div class=\"wsp-container\"><h2 class=\"wsp-pages-title\">Pages<\/h2>\n<ul class=\"wsp-pages-list\">\n<li class=\"page_item page-item-7657\"><a href=\"https:\/\/www.lgcge.fr\/en\/aucun-acces\/\">Aucun acc\u00e8s<\/a><\/li>\n<li class=\"page_item page-item-4887\"><a href=\"https:\/\/www.lgcge.fr\/en\/bourse-aux-stages\/\">Contenu restreint<\/a><\/li>\n<li class=\"page_item page-item-237\"><a href=\"https:\/\/www.lgcge.fr\/en\/\">LGCgE Laboratoire de G\u00e9nie Civil et g\u00e9o-Environnement<\/a><\/li>\n<li class=\"page_item page-item-7467\"><a href=\"https:\/\/www.lgcge.fr\/en\/projet-coron\/\">Projet CORON<\/a><\/li>\n<li class=\"page_item page-item-5899\"><a href=\"https:\/\/www.lgcge.fr\/en\/templates\/\">Templates<\/a><\/li>\n<li class=\"page_item page-item-340 page_item_has_children\"><a href=\"https:\/\/www.lgcge.fr\/en\/lgcge\/\">LGCgE<\/a>\n<ul class='children'>\n\t<li class=\"page_item page-item-243\"><a href=\"https:\/\/www.lgcge.fr\/en\/lgcge\/about\/\">About LGCgE<\/a><\/li>\n\t<li class=\"page_item page-item-253 page_item_has_children current_page_parent\"><a href=\"https:\/\/www.lgcge.fr\/en\/lgcge\/actualites\/\">News<\/a>\n\t<ul class='children'>\n\t\t<li class=\"page_item page-item-1204\"><a href=\"https:\/\/www.lgcge.fr\/en\/lgcge\/actualites\/archives\/\">Archives<\/a><\/li>\n\t<\/ul>\n<\/li>\n\t<li class=\"page_item page-item-245 page_item_has_children\"><a href=\"https:\/\/www.lgcge.fr\/en\/lgcge\/organisation\/\">Word from the Director<\/a>\n\t<ul class='children'>\n\t\t<li class=\"page_item page-item-2910\"><a href=\"https:\/\/www.lgcge.fr\/en\/lgcge\/organisation\/conseils\/\">Councils<\/a><\/li>\n\t\t<li class=\"page_item page-item-2906\"><a href=\"https:\/\/www.lgcge.fr\/en\/lgcge\/organisation\/equipe-de-direction\/\">Management team<\/a><\/li>\n\t\t<li class=\"page_item page-item-2908\"><a href=\"https:\/\/www.lgcge.fr\/en\/lgcge\/organisation\/organigramme\/\">Organization chart<\/a><\/li>\n\t<\/ul>\n<\/li>\n\t<li class=\"page_item page-item-247\"><a href=\"https:\/\/www.lgcge.fr\/en\/lgcge\/membres\/\">Members<\/a><\/li>\n\t<li class=\"page_item page-item-249\"><a href=\"https:\/\/www.lgcge.fr\/en\/lgcge\/formations\/\">Diplomas<\/a><\/li>\n\t<li class=\"page_item page-item-251\"><a href=\"https:\/\/www.lgcge.fr\/en\/lgcge\/recrutement\/\">Recruiting<\/a><\/li>\n\t<li class=\"page_item page-item-1042\"><a href=\"https:\/\/www.lgcge.fr\/en\/lgcge\/rapports-dactivites-evaluations\/\">Activity report and evaluations<\/a><\/li>\n\t<li class=\"page_item page-item-1044\"><a href=\"https:\/\/www.lgcge.fr\/en\/lgcge\/alumni\/\">Alumni \u2013 Where are they now ?<\/a><\/li>\n\t<li class=\"page_item page-item-255\"><a href=\"https:\/\/www.lgcge.fr\/en\/lgcge\/contact\/\">Contact<\/a><\/li>\n<\/ul>\n<\/li>\n<li class=\"page_item page-item-350 page_item_has_children\"><a href=\"https:\/\/www.lgcge.fr\/en\/recherches\/\">Research<\/a>\n<ul class='children'>\n\t<li class=\"page_item page-item-3028\"><a href=\"https:\/\/www.lgcge.fr\/en\/recherches\/seminaires-du-lgcge\/\">LGCgE seminars<\/a><\/li>\n\t<li class=\"page_item page-item-257 page_item_has_children\"><a href=\"https:\/\/www.lgcge.fr\/en\/recherches\/equipes-de-recherche\/\">Research teams<\/a>\n\t<ul class='children'>\n\t\t<li class=\"page_item page-item-384\"><a href=\"https:\/\/www.lgcge.fr\/en\/recherches\/equipes-de-recherche\/er1\/\">Research Team 1 \u2013 Multi-scale modeling and characterization of coupled problems<\/a><\/li>\n\t\t<li class=\"page_item page-item-387 translation-block\"><a class=\"wp-block-button__link has-background\" href=\"https:\/\/www.lgcge.fr\/en\/recherches\/equipes-de-recherche\/er2\/\" style=\"background-color:#cf3275\" target=\"_blank\" rel=\"noreferrer noopener\">Research Team 2 (ER2) \u2013 <strong>Innovative materials<\/strong><\/a><\/li>\n\t\t<li class=\"page_item page-item-389\"><a href=\"https:\/\/www.lgcge.fr\/en\/recherches\/equipes-de-recherche\/er3\/\">Research Team 3 (ER3) \u2013 Concrete &amp; Composite Materials<\/a><\/li>\n\t\t<li class=\"page_item page-item-391\"><a href=\"https:\/\/www.lgcge.fr\/en\/recherches\/equipes-de-recherche\/er4\/\">Research Team 4 (ER4) \u2013 Functionality of anthropized systems<\/a><\/li>\n\t\t<li class=\"page_item page-item-393\"><a href=\"https:\/\/www.lgcge.fr\/en\/recherches\/equipes-de-recherche\/er5\/\">ER 5 &#8211; Efficacit\u00e9 \u00e9nerg\u00e9tique et habitat dans son environnement urbain<\/a><\/li>\n\t<\/ul>\n<\/li>\n\t<li class=\"page_item page-item-2937\"><a href=\"https:\/\/www.lgcge.fr\/en\/recherches\/actions-transversales\/\">Lab's actions<\/a><\/li>\n\t<li class=\"page_item page-item-261\"><a href=\"https:\/\/www.lgcge.fr\/en\/recherches\/equipements-sites-ateliers\/\">Equipment<\/a><\/li>\n\t<li class=\"page_item page-item-352 page_item_has_children\"><a href=\"https:\/\/www.lgcge.fr\/en\/recherches\/projets-et-collaborations\/\">Research projects and collaborations<\/a>\n\t<ul class='children'>\n\t\t<li class=\"page_item page-item-263 page_item_has_children\"><a href=\"https:\/\/www.lgcge.fr\/en\/recherches\/projets-et-collaborations\/contrats-er1\/\">Projets et contrats de recherche de l&#8217;ER1 depuis 2018<\/a>\n\t\t<ul class='children'>\n\t\t\t<li class=\"page_item page-item-4007\"><a href=\"https:\/\/www.lgcge.fr\/en\/recherches\/projets-et-collaborations\/contrats-er1\/projet-nanogp\/\">Projet NanoGP &#8211; Multiscale modeling of advanced nano-reinforced geopolymer\/CNTs materials<\/a><\/li>\n\t\t<\/ul>\n<\/li>\n\t\t<li class=\"page_item page-item-2965 page_item_has_children\"><a href=\"https:\/\/www.lgcge.fr\/en\/recherches\/projets-et-collaborations\/contrats-er2\/\">Projets et contrats de recherche de l&#8217;ER2 depuis 2018<\/a>\n\t\t<ul class='children'>\n\t\t\t<li class=\"page_item page-item-2263\"><a href=\"https:\/\/www.lgcge.fr\/en\/recherches\/projets-et-collaborations\/contrats-er2\/chaire-industrielle-ecosed\/\">ECOSED Industrial Chair<\/a><\/li>\n\t\t\t<li class=\"page_item page-item-3932\"><a href=\"https:\/\/www.lgcge.fr\/en\/recherches\/projets-et-collaborations\/contrats-er2\/projet-abiobat\/\">ABIOBAT project \u2013 Biosourced admixture for insulating foam in the building industry<\/a><\/li>\n\t\t<\/ul>\n<\/li>\n\t\t<li class=\"page_item page-item-2963 page_item_has_children\"><a href=\"https:\/\/www.lgcge.fr\/en\/recherches\/projets-et-collaborations\/contrats-er3\/\">Projets et contrats de recherche de l&#8217;ER3 depuis 2018<\/a>\n\t\t<ul class='children'>\n\t\t\t<li class=\"page_item page-item-3892\"><a href=\"https:\/\/www.lgcge.fr\/en\/recherches\/projets-et-collaborations\/contrats-er3\/projet-biografic\/\">Projet BIOGRAFIC &#8211; Valorisation des cendres BIOmasse en tant que GRAnulats et FIller dans les blocs de Construction<\/a><\/li>\n\t\t<\/ul>\n<\/li>\n\t\t<li class=\"page_item page-item-368 page_item_has_children\"><a href=\"https:\/\/www.lgcge.fr\/en\/recherches\/projets-et-collaborations\/contrats-er4\/\">Projets et contrats de recherche de l&#8217;ER4 depuis 2018<\/a>\n\t\t<ul class='children'>\n\t\t\t<li class=\"page_item page-item-3110\"><a href=\"https:\/\/www.lgcge.fr\/en\/recherches\/projets-et-collaborations\/contrats-er4\/projet-odessa\/\">ODESSA \u2013 Optimization of the management of polluted sites and soils by a simple measure of bioaccessibility<\/a><\/li>\n\t\t\t<li class=\"page_item page-item-3904\"><a href=\"https:\/\/www.lgcge.fr\/en\/recherches\/projets-et-collaborations\/contrats-er4\/projet-impact-of-tailings-on-environment\/\">Projet Impact of tailings on environment : Example of transfers of elements from spoil tips in the North of France<\/a><\/li>\n\t\t\t<li class=\"page_item page-item-484\"><a href=\"https:\/\/www.lgcge.fr\/en\/recherches\/projets-et-collaborations\/contrats-er4\/projet-mischar\/\">Projet MisChar &#8211; Refonctionalisation de sols multicontamin\u00e9s au moyen d\u2019un biochar de miscanthus : viabilit\u00e9 \u00e9cologique et int\u00e9r\u00eat socio-\u00e9conomique de modes de gestion en milieux urbain et agricole<\/a><\/li>\n\t\t\t<li class=\"page_item page-item-2215\"><a href=\"https:\/\/www.lgcge.fr\/en\/recherches\/projets-et-collaborations\/contrats-er4\/projet-new-c-land\/\">New-C-Land project: Franco-Belgian dynamic for the development of a biosourced economy linked to the phytomanagement of marginal sites<\/a><\/li>\n\t\t<\/ul>\n<\/li>\n\t\t<li class=\"page_item page-item-265 page_item_has_children\"><a href=\"https:\/\/www.lgcge.fr\/en\/recherches\/projets-et-collaborations\/contrats-er5\/\">Projets et contrats de recherche de l&#8217;ER 5 depuis 2018<\/a>\n\t\t<ul class='children'>\n\t\t\t<li class=\"page_item page-item-2411\"><a href=\"https:\/\/www.lgcge.fr\/en\/recherches\/projets-et-collaborations\/contrats-er5\/bat-eco2\/\">Bat Eco2<\/a><\/li>\n\t\t\t<li class=\"page_item page-item-2380\"><a href=\"https:\/\/www.lgcge.fr\/en\/recherches\/projets-et-collaborations\/contrats-er5\/aerositan\/\">Projet AEROSITAN : A\u00e9rogels organiques super-isolants thermiques \u00e0 base d&#8217;acides amin\u00e9s naturels<\/a><\/li>\n\t\t\t<li class=\"page_item page-item-2298\"><a href=\"https:\/\/www.lgcge.fr\/en\/recherches\/projets-et-collaborations\/contrats-er5\/emibio\/\">Projet EMIBIO : \u00c9valuation des Emissions des mat\u00e9riaux Biosourc\u00e9s dans l&#8217;air int\u00e9rieur<\/a><\/li>\n\t\t\t<li class=\"page_item page-item-2359\"><a href=\"https:\/\/www.lgcge.fr\/en\/recherches\/projets-et-collaborations\/contrats-er5\/europa\/\">Projet EUROPA :  Echangeur stockeur ultra-compact \u00e0 changement de phase<\/a><\/li>\n\t\t\t<li class=\"page_item page-item-2395\"><a href=\"https:\/\/www.lgcge.fr\/en\/recherches\/projets-et-collaborations\/contrats-er5\/lacht\/\">Projet LACHT : Pi\u00e8ces interm\u00e9diaires &#8211; Le r\u00f4le des volumes interm\u00e9diaires dans la thermique et la qualit\u00e9 de l&#8217;air des logements<\/a><\/li>\n\t\t\t<li class=\"page_item page-item-2292\"><a href=\"https:\/\/www.lgcge.fr\/en\/recherches\/projets-et-collaborations\/contrats-er5\/micmcp\/\">Projet MICMCP : Utilisation de M\u00e9thodes d&#8217;Identification pour la Caract\u00e9risation de Mat\u00e9riaux \u00e0 Changement de Phases (MCP)<\/a><\/li>\n\t\t\t<li class=\"page_item page-item-477\"><a href=\"https:\/\/www.lgcge.fr\/en\/recherches\/projets-et-collaborations\/contrats-er5\/projet-p2ar\/\">Projet P2AR &#8211; Paille Anas pour la R\u00e9habilitation<\/a><\/li>\n\t\t\t<li class=\"page_item page-item-3176\"><a href=\"https:\/\/www.lgcge.fr\/en\/recherches\/projets-et-collaborations\/contrats-er5\/projet-llhpp\/\">Projet Polder2C\u2019s Living Lab Hedwige-Prosperpolder<\/a><\/li>\n\t\t\t<li class=\"page_item page-item-2304\"><a href=\"https:\/\/www.lgcge.fr\/en\/recherches\/projets-et-collaborations\/contrats-er5\/rehafutur2\/\">Projet Rehafutur 2  : Suivi des performances thermiques de 6 maisons des mines r\u00e9nov\u00e9es<\/a><\/li>\n\t\t\t<li class=\"page_item page-item-2312\"><a href=\"https:\/\/www.lgcge.fr\/en\/recherches\/projets-et-collaborations\/contrats-er5\/renochanvre\/\">Projet R\u00e9nochanvre : Etude comparative et suivi du comportement hygrothermique de 2 maisons r\u00e9nov\u00e9es \u00e0 Bully les Mines<\/a><\/li>\n\t\t\t<li class=\"page_item page-item-2400\"><a href=\"https:\/\/www.lgcge.fr\/en\/recherches\/projets-et-collaborations\/contrats-er5\/sbnodessg\/\">Projet SBnodesSG : Chaire industrielle \u00c9nergie, Smart Buildings as nodes of Smart Grids<\/a><\/li>\n\t\t\t<li class=\"page_item page-item-2405\"><a href=\"https:\/\/www.lgcge.fr\/en\/recherches\/projets-et-collaborations\/contrats-er5\/somel-soconnected\/\">Projet SoMEL SoConnected : D\u00e9veloppement d\u2019un d\u00e9monstrateur \u00eelot Vauban<\/a><\/li>\n\t\t\t<li class=\"page_item page-item-2276\"><a href=\"https:\/\/www.lgcge.fr\/en\/recherches\/projets-et-collaborations\/contrats-er5\/sunrise-smart-city\/\">Projet SunRise Smart City Territoire catalyseur d&#8217;innovation<\/a><\/li>\n\t\t\t<li class=\"page_item page-item-474\"><a href=\"https:\/\/www.lgcge.fr\/en\/recherches\/projets-et-collaborations\/contrats-er5\/projet-teste\/\">Projet TESTE &#8211; Textile \u00e0 capacit\u00e9 de stockage d&#8217;\u00e9nergie am\u00e9lior\u00e9e pour le b\u00e2timent<\/a><\/li>\n\t\t\t<li class=\"page_item page-item-2392\"><a href=\"https:\/\/www.lgcge.fr\/en\/recherches\/projets-et-collaborations\/contrats-er5\/texacov\/\">Projet TEXACOV : D\u00e9veloppement de textile fonctionnalis\u00e9 pour la d\u00e9pollution de l&#8217;air int\u00e9rieur<\/a><\/li>\n\t\t\t<li class=\"page_item page-item-2316\"><a href=\"https:\/\/www.lgcge.fr\/en\/recherches\/projets-et-collaborations\/contrats-er5\/villa-yfs\/\">Projet Villa YFS : Suivi des performances thermiques des parois d\u2019un b\u00e2timent en pierre de Castillon<\/a><\/li>\n\t\t<\/ul>\n<\/li>\n\t<\/ul>\n<\/li>\n\t<li class=\"page_item page-item-1053\"><a href=\"https:\/\/www.lgcge.fr\/en\/recherches\/competences-et-services\/\">Skills and services<\/a><\/li>\n<\/ul>\n<\/li>\n<li class=\"page_item page-item-1034 page_item_has_children\"><a href=\"https:\/\/www.lgcge.fr\/en\/cooperation-internationale\/\">International cooperation<\/a>\n<ul class='children'>\n\t<li class=\"page_item page-item-1848\"><a href=\"https:\/\/www.lgcge.fr\/en\/cooperation-internationale\/carte-des-cooperations-internationales\/\">Map of internationals cooperations<\/a><\/li>\n<\/ul>\n<\/li>\n<li class=\"page_item page-item-354 page_item_has_children\"><a href=\"https:\/\/www.lgcge.fr\/en\/productions-scientifiques\/\">Scientific Output<\/a>\n<ul class='children'>\n\t<li class=\"page_item page-item-268\"><a href=\"https:\/\/www.lgcge.fr\/en\/productions-scientifiques\/publications\/\">Publications<\/a><\/li>\n\t<li class=\"page_item page-item-270\"><a href=\"https:\/\/www.lgcge.fr\/en\/productions-scientifiques\/theses\/\">PhD<\/a><\/li>\n\t<li class=\"page_item page-item-272 page_item_has_children\"><a href=\"https:\/\/www.lgcge.fr\/en\/productions-scientifiques\/colloques-seminaires\/\">Conferences organized<\/a>\n\t<ul class='children'>\n\t\t<li class=\"page_item page-item-1774\"><a href=\"https:\/\/www.lgcge.fr\/en\/productions-scientifiques\/colloques-seminaires\/international-rilem-worlshop-on-rheological-measurements-of-cement-based-materials\/\">International RILEM Workshop on Rheological Measurements of Cement-based Materials<\/a><\/li>\n\t<\/ul>\n<\/li>\n<\/ul>\n<\/li>\n<li class=\"page_item page-item-1396 page_item_has_children\"><a href=\"https:\/\/www.lgcge.fr\/en\/acces-par-profil\/\">Access by Profile<\/a>\n<ul class='children'>\n\t<li class=\"page_item page-item-726\"><a href=\"https:\/\/www.lgcge.fr\/en\/acces-par-profil\/chercheur\/\">Researcher<\/a><\/li>\n\t<li class=\"page_item page-item-1063\"><a href=\"https:\/\/www.lgcge.fr\/en\/acces-par-profil\/doctorant\/\">PhD student<\/a><\/li>\n\t<li class=\"page_item page-item-729\"><a href=\"https:\/\/www.lgcge.fr\/en\/acces-par-profil\/industriel\/\">Industrialist<\/a><\/li>\n\t<li class=\"page_item page-item-1061\"><a href=\"https:\/\/www.lgcge.fr\/en\/acces-par-profil\/stagiaire\/\">Trainee<\/a><\/li>\n<\/ul>\n<\/li>\n<li class=\"page_item page-item-276\"><a href=\"https:\/\/www.lgcge.fr\/en\/mentions-legales\/\">Legal notices<\/a><\/li>\n<li class=\"page_item page-item-274\"><a href=\"https:\/\/www.lgcge.fr\/en\/plan-du-site\/\">Sitemap<\/a><\/li>\n<\/ul>\n<\/div><\/span><\/p>","protected":false},"excerpt":{"rendered":"","protected":false},"author":15305,"featured_media":0,"parent":0,"menu_order":7,"comment_status":"closed","ping_status":"closed","template":"","meta":{"_acf_changed":false,"_bbp_topic_count":0,"_bbp_reply_count":0,"_bbp_total_topic_count":0,"_bbp_total_reply_count":0,"_bbp_voice_count":0,"_bbp_anonymous_reply_count":0,"_bbp_topic_count_hidden":0,"_bbp_reply_count_hidden":0,"_bbp_forum_subforum_count":0,"footnotes":""},"class_list":["post-274","page","type-page","status-publish","hentry"],"acf":[],"_links":{"self":[{"href":"https:\/\/www.lgcge.fr\/en\/wp-json\/wp\/v2\/pages\/274","targetHints":{"allow":["GET"]}}],"collection":[{"href":"https:\/\/www.lgcge.fr\/en\/wp-json\/wp\/v2\/pages"}],"about":[{"href":"https:\/\/www.lgcge.fr\/en\/wp-json\/wp\/v2\/types\/page"}],"author":[{"embeddable":true,"href":"https:\/\/www.lgcge.fr\/en\/wp-json\/wp\/v2\/users\/15305"}],"replies":[{"embeddable":true,"href":"https:\/\/www.lgcge.fr\/en\/wp-json\/wp\/v2\/comments?post=274"}],"version-history":[{"count":6,"href":"https:\/\/www.lgcge.fr\/en\/wp-json\/wp\/v2\/pages\/274\/revisions"}],"predecessor-version":[{"id":3515,"href":"https:\/\/www.lgcge.fr\/en\/wp-json\/wp\/v2\/pages\/274\/revisions\/3515"}],"wp:attachment":[{"href":"https:\/\/www.lgcge.fr\/en\/wp-json\/wp\/v2\/media?parent=274"}],"curies":[{"name":"wp","href":"https:\/\/api.w.org\/{rel}","templated":true}]}}