{"id":2906,"date":"2020-03-03T10:10:36","date_gmt":"2020-03-03T09:10:36","guid":{"rendered":"https:\/\/www.lgcge.fr\/?page_id=2906"},"modified":"2026-03-11T12:00:28","modified_gmt":"2026-03-11T11:00:28","slug":"equipe-de-direction","status":"publish","type":"page","link":"https:\/\/www.lgcge.fr\/en\/lgcge\/organisation\/equipe-de-direction\/","title":{"rendered":"Management team"},"content":{"rendered":"<p>L&#8217;\u00e9quipe de direction du <span style=\"color: #008080;\"><strong>Laboratoire de G\u00e9nie Civil et g\u00e9o-Environnement<\/strong><\/span> est actuellement compos\u00e9e d&#8217;une directrice par int\u00e9rim et de 3 directeurs-adjoints.<\/p>\n<p><img loading=\"lazy\" decoding=\"async\" src=\"https:\/\/www.lgcge.fr\/wp-content\/uploads\/2026\/03\/ANNABELLE.png\" alt=\"\" class=\"aligncenter\" width=\"191\" height=\"200\" \/><\/p>\n<p style=\"text-align: center;\"><a href=\"https:\/\/www.lgcge.fr\/en\/membre\/annabelle.deram\/\"><span style=\"color: #54368a;\"><strong>Annabelle DERAM<\/strong><\/span><\/a><br \/>Directrice par int\u00e9rim<br \/>Directrice du site <strong>Lille University<\/strong><br \/><br \/><\/p>\n<table>\n<tbody>\n<tr>\n<td><img loading=\"lazy\" decoding=\"async\" src=\"https:\/\/www.lgcge.fr\/wp-content\/uploads\/2021\/03\/manu-web-03-21.jpg\" alt=\"\" width=\"156\" height=\"192\" class=\"aligncenter\" \/><\/td>\n<td style=\"text-align: center;\"><img loading=\"lazy\" decoding=\"async\" src=\"https:\/\/www.lgcge.fr\/wp-content\/uploads\/2022\/02\/Christophe-Waterlot-1.jpg\" alt=\"\" width=\"146\" height=\"203\" class=\"aligncenter\" \/><\/td>\n<td style=\"text-align: center;\"><img loading=\"lazy\" decoding=\"async\" src=\"https:\/\/www.lgcge.fr\/wp-content\/uploads\/2020\/03\/ne-abriak.png\" alt=\"\" width=\"131\" height=\"198\" class=\"wp-image-3016 aligncenter\" \/><\/td>\n<\/tr>\n<tr>\n<td>\n<p style=\"text-align: center;\"><a href=\"https:\/\/www.lgcge.fr\/en\/membre\/emmanuel.antczak\/\"><span style=\"color: #54368a;\"><strong>Emmanuel ANTCZAK<\/strong><\/span><\/a><br \/>Deputy Director<br \/><strong>University of Artois<\/strong><\/p>\n<\/td>\n<td>\n<p style=\"text-align: center;\"><a href=\"https:\/\/www.lgcge.fr\/en\/membre\/francis.douay\/\"><span style=\"color: #54368a;\"><strong>Christophe WATERLOT<\/strong><\/span><\/a><br \/>Deputy Director<br \/><strong>Junia<\/strong><\/p>\n<\/td>\n<td>\n<p style=\"text-align: center;\"><a href=\"https:\/\/www.lgcge.fr\/en\/membre\/nor-edine-abriak\/\"><span style=\"color: #54368a;\"><strong>Nor-Edine ABRIAK<\/strong><\/span><\/a><br \/>Deputy Director<br \/><strong>IMT Nord Europe<\/strong><\/p>\n<\/td>\n<\/tr>\n<\/tbody>\n<\/table>\n<p><\/p>\n\n\n<p><\/p>","protected":false},"excerpt":{"rendered":"<p>L&#8217;\u00e9quipe de direction du Laboratoire de G\u00e9nie Civil et g\u00e9o-Environnement est actuellement compos\u00e9e d&#8217;une directrice par int\u00e9rim et de 3 directeurs-adjoints. Annabelle DERAMDirectrice par int\u00e9rimDirectrice du site Universit\u00e9 de Lille Emmanuel ANTCZAKDirecteur-adjointUniversit\u00e9 d&#8217;Artois Christophe WATERLOTDirecteur-adjointJunia Nor-Edine ABRIAKDirecteur-adjointIMT Nord Europe<\/p>","protected":false},"author":15305,"featured_media":0,"parent":245,"menu_order":0,"comment_status":"closed","ping_status":"closed","template":"","meta":{"_acf_changed":false,"_bbp_topic_count":0,"_bbp_reply_count":0,"_bbp_total_topic_count":0,"_bbp_total_reply_count":0,"_bbp_voice_count":0,"_bbp_anonymous_reply_count":0,"_bbp_topic_count_hidden":0,"_bbp_reply_count_hidden":0,"_bbp_forum_subforum_count":0,"footnotes":""},"class_list":["post-2906","page","type-page","status-publish","hentry"],"acf":[],"_links":{"self":[{"href":"https:\/\/www.lgcge.fr\/en\/wp-json\/wp\/v2\/pages\/2906","targetHints":{"allow":["GET"]}}],"collection":[{"href":"https:\/\/www.lgcge.fr\/en\/wp-json\/wp\/v2\/pages"}],"about":[{"href":"https:\/\/www.lgcge.fr\/en\/wp-json\/wp\/v2\/types\/page"}],"author":[{"embeddable":true,"href":"https:\/\/www.lgcge.fr\/en\/wp-json\/wp\/v2\/users\/15305"}],"replies":[{"embeddable":true,"href":"https:\/\/www.lgcge.fr\/en\/wp-json\/wp\/v2\/comments?post=2906"}],"version-history":[{"count":25,"href":"https:\/\/www.lgcge.fr\/en\/wp-json\/wp\/v2\/pages\/2906\/revisions"}],"predecessor-version":[{"id":7910,"href":"https:\/\/www.lgcge.fr\/en\/wp-json\/wp\/v2\/pages\/2906\/revisions\/7910"}],"up":[{"embeddable":true,"href":"https:\/\/www.lgcge.fr\/en\/wp-json\/wp\/v2\/pages\/245"}],"wp:attachment":[{"href":"https:\/\/www.lgcge.fr\/en\/wp-json\/wp\/v2\/media?parent=2906"}],"curies":[{"name":"wp","href":"https:\/\/api.w.org\/{rel}","templated":true}]}}