{"id":2910,"date":"2020-03-03T10:11:59","date_gmt":"2020-03-03T09:11:59","guid":{"rendered":"https:\/\/www.lgcge.fr\/?page_id=2910"},"modified":"2020-06-11T10:47:03","modified_gmt":"2020-06-11T08:47:03","slug":"conseils","status":"publish","type":"page","link":"https:\/\/www.lgcge.fr\/en\/lgcge\/organisation\/conseils\/","title":{"rendered":"Councils"},"content":{"rendered":"<p class=\"translation-block\"><strong>The laboratory council<\/strong>, elected for 5 years, is consulted on the scientific policy, the functioning and the distribution of the laboratory's resources and proposes to the supervisory institutions the appointment of the director and adjunct directors. It is composed of :<\/p>\n<ul>\n<li>4 members appointed by the administrative supervising institutions (1 per institution)<\/li>\n<li>10 elected members of \"Teachers Researchers an equivalent\"<\/li>\n<li>4 members of the \u201cTechnical and administrative staff\u201d college<\/li>\n<li>4 elected members of the \u201cPhD students\u201d college<\/li>\n<li>3 members appointed by the director of the laboratory after advice from the elected and designated members.<\/li>\n<li>The director and deputy directors (permanent members).<\/li>\n<\/ul>\n<p>Composition of the laboratory council<\/p>\n<p class=\"translation-block\"><strong>The management committee<\/strong> is made up of the management team (the director and the 3 deputy directors), managers of research teams and the coordinators of doctoral studies. Its mission is to coordinate the laboratory\u2019s activities, create synergies between the teams and prepare guidelines and proposals for the laboratory\u2019s council.<\/p>\n<p class=\"translation-block\"><strong>The guardianship council<\/strong> is made up of the Presidents or directors of guardianship institutions. It meets once a year to examine the laboratory's strategy and activities as well as the demand for resources.<\/p>","protected":false},"excerpt":{"rendered":"<p>Le conseil de laboratoire, \u00e9lu pour 5 ans, est consult\u00e9 sur la politique scientifique, le fonctionnement et la r\u00e9partition des moyens du laboratoire et propose aux \u00e9tablissements de tutelle la nomination du directeur et directeurs adjoints. Il est compos\u00e9 de\u00a0: 4 membres d\u00e9sign\u00e9s par les \u00e9tablissements de tutelle (1 par [&hellip;]<\/p>\n","protected":false},"author":15305,"featured_media":0,"parent":245,"menu_order":0,"comment_status":"closed","ping_status":"closed","template":"","meta":{"_acf_changed":false,"_bbp_topic_count":0,"_bbp_reply_count":0,"_bbp_total_topic_count":0,"_bbp_total_reply_count":0,"_bbp_voice_count":0,"_bbp_anonymous_reply_count":0,"_bbp_topic_count_hidden":0,"_bbp_reply_count_hidden":0,"_bbp_forum_subforum_count":0,"footnotes":""},"class_list":["post-2910","page","type-page","status-publish","hentry"],"acf":[],"_links":{"self":[{"href":"https:\/\/www.lgcge.fr\/en\/wp-json\/wp\/v2\/pages\/2910","targetHints":{"allow":["GET"]}}],"collection":[{"href":"https:\/\/www.lgcge.fr\/en\/wp-json\/wp\/v2\/pages"}],"about":[{"href":"https:\/\/www.lgcge.fr\/en\/wp-json\/wp\/v2\/types\/page"}],"author":[{"embeddable":true,"href":"https:\/\/www.lgcge.fr\/en\/wp-json\/wp\/v2\/users\/15305"}],"replies":[{"embeddable":true,"href":"https:\/\/www.lgcge.fr\/en\/wp-json\/wp\/v2\/comments?post=2910"}],"version-history":[{"count":3,"href":"https:\/\/www.lgcge.fr\/en\/wp-json\/wp\/v2\/pages\/2910\/revisions"}],"predecessor-version":[{"id":3299,"href":"https:\/\/www.lgcge.fr\/en\/wp-json\/wp\/v2\/pages\/2910\/revisions\/3299"}],"up":[{"embeddable":true,"href":"https:\/\/www.lgcge.fr\/en\/wp-json\/wp\/v2\/pages\/245"}],"wp:attachment":[{"href":"https:\/\/www.lgcge.fr\/en\/wp-json\/wp\/v2\/media?parent=2910"}],"curies":[{"name":"wp","href":"https:\/\/api.w.org\/{rel}","templated":true}]}}