{"id":2937,"date":"2020-03-04T12:53:23","date_gmt":"2020-03-04T11:53:23","guid":{"rendered":"https:\/\/www.lgcge.fr\/?page_id=2937"},"modified":"2025-01-13T15:19:36","modified_gmt":"2025-01-13T14:19:36","slug":"actions-transversales","status":"publish","type":"page","link":"https:\/\/www.lgcge.fr\/en\/recherches\/actions-transversales\/","title":{"rendered":"Lab's actions"},"content":{"rendered":"<p class=\"translation-block\">As a multidisciplinary research center, the <strong><span style=\"color: #54368a\">LGCgE<\/span> <\/strong> laboratory consists of scientists belonging to different communities who work together to contribute to an exciting intellectual network focused primarily on <strong>infrastructure<\/strong>, <strong>transportation<\/strong>, <strong>city and environment<\/strong>.<\/p>\n<p class=\"translation-block\">As essential vectors to the development of modern society, Materials and the City must allow a constant balance between the need for sustainable infrastructure and environmental health. The missions of the lab\u2019s Actions on Materials and City is to provide a critical link between the different research teams in the laboratory related to housing and materials, in the broad sense, including concerns about energy and environment.<\/p>\n<p style=\"text-align: left;\">The main goal of these two actions is to increase interactions at the Lab\u2019s scale, engender new ideas and propose solutions for current cutting-edge issues that are critical to society and the environment.<\/p>\n<h3 style=\"text-align: center;\"><strong>Lab\u2019s Action on City<\/strong><\/h3>\n<p style=\"text-align: center;\"><strong>Responsible :\u00a0 <a href=\"https:\/\/www.lgcge.fr\/en\/membre\/emmanuel.antczak\/\">Emmanuel Antczak<\/a><\/strong><\/p>\n<p class=\"translation-block\"><strong><img loading=\"lazy\" src=\"https:\/\/www.lgcge.fr\/wp-content\/uploads\/2018\/02\/hexagone-habitat.png\" alt=\"\" width=\"199\" height=\"206\" class=\"wp-image-510 alignleft\"><\/strong>The <em>lab's Action on City<\/em> is an opportunity to increase internal interactions in the laboratory in order to respond to many challenges related to the City of today and that of tomorrow. One of the priorities concerns environmental health, through the questions of pollution and waste management, in particular in connection with the air quality in closed environments, multiple sources of pollution in these same environments, microorganism development, storage of pollutants, etc.<\/p>\n<p class=\"translation-block\">In this context, the <span style=\"color: #54368a\"><strong>LGCgE<\/strong><\/span> research teams offer recognized skills to be able to respond to this challenge, which can be answered on different scales, from the internal structure specific to each infrastructure material where the source of pollutants is found, up to their extraction at the infrastructure scale.<\/p>\n<hr \/>\n<h3 style=\"text-align: center;\"><strong>Lab\u2019s Action on Materials<\/strong><\/h3>\n<p style=\"text-align: center;\"><strong>Responsible : <a href=\"https:\/\/www.lgcge.fr\/en\/membre\/fahmi.zairi\/\">Fahmi Za\u00efri<\/a><\/strong><\/p>\n<p class=\"translation-block\"><img loading=\"lazy\" src=\"https:\/\/www.lgcge.fr\/wp-content\/uploads\/2018\/02\/hexagone-geomateriaux-e1652101203471.png\" alt=\"\" width=\"201\" height=\"223\" class=\"wp-image-512 alignright\">The members of the laboratory use \/ enrich \/ develop theoretical, computational and experimental approaches, separately or hand-in-hand, for the understanding and prediction of the response (involving coupled phenomena and multi-scale features) of any type of materials, natural or not, including the new cohort of advanced infrastructure materials. The <em>lab\u2019s Action on Materials<\/em> provides an excellent opportunity to promote the transfer of knowledge between the different academic disciplines involved in the LGCgE laboratory that focus on the materials, often from different viewpoints.<\/p>\n<p class=\"translation-block\">Emphasizing collaborations across the <strong><span style=\"color: #54368a\">LGCgE<\/span><\/strong>, along with research projects that provide real-world context, a priority is identifying and applying radically new approaches, at scales from the nano to the global, to address some of the greatest challenges of our time in the area of sustainability, environment or energy.<\/p>\n\n\n<div style=\"height:100px\" aria-hidden=\"true\" class=\"wp-block-spacer\"><\/div>\n\n\n<h4><strong>Laur\u00e9ats BQR 2025<\/strong><\/h4>\n<p><span style=\"text-decoration: underline;\">Lab\u2019s Action on City<\/span><br \/><strong><span style=\"color: #008080;\"><a href=\"https:\/\/www.lgcge.fr\/en\/membre\/julie.dransart\/\" style=\"color: #008080;\">Julie Dransart<\/a><\/span><\/strong>, <strong><span style=\"color: #008080;\"><a href=\"https:\/\/www.lgcge.fr\/en\/membre\/tania.almeida\/\" style=\"color: #008080;\">Tania De Almeida<\/a><\/span><\/strong>, <a href=\"https:\/\/www.lgcge.fr\/en\/membre\/frederic.becquart\/\"><strong><span style=\"color: #008080;\">Fr\u00e9d\u00e9ric Becquart<\/span><\/strong><\/a><\/p>\n<p>Project title: <b><i>ECO-FUN : Ecologie des COnstructions Favorisant Une Nature \u00e9panouie <\/i><\/b>Transversal project between<a href=\"https:\/\/www.lgcge.fr\/en\/recherches\/equipes-de-recherche\/er2\/\">ER2<\/a> and<a href=\"https:\/\/www.lgcge.fr\/en\/recherches\/equipes-de-recherche\/er4\/\">ER4<\/a>.<\/p>\n<p><span style=\"text-decoration: underline;\">Lab\u2019s Action on Materials<\/span><br \/><strong><span style=\"color: #008080;\"><a href=\"https:\/\/www.lgcge.fr\/en\/membre\/karim.kandil\/\" style=\"color: #008080;\">Karim Kandil<\/a><\/span><\/strong><span style=\"color: #008080;\"><span style=\"color: #000000;\">,<\/span><\/span><strong><span style=\"color: #008080;\"> <\/span><\/strong><a href=\"https:\/\/www.lgcge.fr\/en\/membre\/vincent.dubois\/\"><strong><span style=\"color: #008080;\">Vincent Dubois<\/span><\/strong><\/a><\/p>\n<p>Project title: <em><strong>Mod\u00e9lisation et analyse multi-\u00e9chelle exp\u00e9rimentale de mat\u00e9riaux souples <\/strong><\/em>Transversal project between<a href=\"https:\/\/www.lgcge.fr\/en\/recherches\/equipes-de-recherche\/er1\/\">ER1<\/a> and<a href=\"https:\/\/www.lgcge.fr\/en\/recherches\/equipes-de-recherche\/er2\/\">ER2<\/a>.<\/p>\n\n\n<div style=\"height:50px\" aria-hidden=\"true\" class=\"wp-block-spacer\"><\/div>","protected":false},"excerpt":{"rendered":"<p>Le LGCgE est compos\u00e9 de collaborateurs appartenant \u00e0 diff\u00e9rentes communaut\u00e9s scientifiques qui travaillent ensemble pour constituer un r\u00e9seau intellectuel ax\u00e9 sur les infrastructures, les transports, la ville et l&#8217;environnement. En tant que vecteurs essentiels au d\u00e9veloppement de la soci\u00e9t\u00e9 moderne, les Mat\u00e9riaux et la Ville doivent permettre un \u00e9quilibre constant [&hellip;]<\/p>\n","protected":false},"author":15305,"featured_media":0,"parent":350,"menu_order":2,"comment_status":"closed","ping_status":"closed","template":"","meta":{"_acf_changed":false,"_bbp_topic_count":0,"_bbp_reply_count":0,"_bbp_total_topic_count":0,"_bbp_total_reply_count":0,"_bbp_voice_count":0,"_bbp_anonymous_reply_count":0,"_bbp_topic_count_hidden":0,"_bbp_reply_count_hidden":0,"_bbp_forum_subforum_count":0,"footnotes":""},"class_list":["post-2937","page","type-page","status-publish","hentry"],"acf":[],"_links":{"self":[{"href":"https:\/\/www.lgcge.fr\/en\/wp-json\/wp\/v2\/pages\/2937","targetHints":{"allow":["GET"]}}],"collection":[{"href":"https:\/\/www.lgcge.fr\/en\/wp-json\/wp\/v2\/pages"}],"about":[{"href":"https:\/\/www.lgcge.fr\/en\/wp-json\/wp\/v2\/types\/page"}],"author":[{"embeddable":true,"href":"https:\/\/www.lgcge.fr\/en\/wp-json\/wp\/v2\/users\/15305"}],"replies":[{"embeddable":true,"href":"https:\/\/www.lgcge.fr\/en\/wp-json\/wp\/v2\/comments?post=2937"}],"version-history":[{"count":51,"href":"https:\/\/www.lgcge.fr\/en\/wp-json\/wp\/v2\/pages\/2937\/revisions"}],"predecessor-version":[{"id":7130,"href":"https:\/\/www.lgcge.fr\/en\/wp-json\/wp\/v2\/pages\/2937\/revisions\/7130"}],"up":[{"embeddable":true,"href":"https:\/\/www.lgcge.fr\/en\/wp-json\/wp\/v2\/pages\/350"}],"wp:attachment":[{"href":"https:\/\/www.lgcge.fr\/en\/wp-json\/wp\/v2\/media?parent=2937"}],"curies":[{"name":"wp","href":"https:\/\/api.w.org\/{rel}","templated":true}]}}