{"id":2963,"date":"2020-03-05T17:12:23","date_gmt":"2020-03-05T16:12:23","guid":{"rendered":"https:\/\/www.lgcge.fr\/?page_id=2963"},"modified":"2025-07-24T10:55:30","modified_gmt":"2025-07-24T08:55:30","slug":"contrats-er3","status":"publish","type":"page","link":"https:\/\/www.lgcge.fr\/en\/recherches\/projets-et-collaborations\/contrats-er3\/","title":{"rendered":"Projets et contrats de recherche de l&#8217;ER3 depuis 2018"},"content":{"rendered":"<ul><\/ul>\n<h2><\/h2>\n<h2><strong>National projects<\/strong><\/h2>\n<table width=\"838\" height=\"164\">\n<tbody>\n<tr>\n<td rowspan=\"2\">\n<p><img loading=\"lazy\" decoding=\"async\" src=\"https:\/\/www.lgcge.fr\/wp-content\/uploads\/2025\/06\/BB44069B-5D03-4302-9F41-4234183A6186.png\" alt=\"\" width=\"71\" height=\"47\" class=\"alignleft\" \/><\/p>\n<\/td>\n<td>\n<p>BIOFIB &#8211; Comportement au jeune \u00e2ge et \u00e0 long terme des composites cimentaires BIOFIBr\u00e9s &#8211; <em><span style=\"color: #808080;\">2025 \/\/ 2029<\/span><\/em><\/p>\n<\/td>\n<\/tr>\n<tr>\n<td><\/td>\n<\/tr>\n<\/tbody>\n<\/table>\n<h3><\/h3>\n<h1><\/h1>\n<table width=\"844\" height=\"233\">\n<tbody>\n<tr>\n<td rowspan=\"3\">\n<p><strong><img loading=\"lazy\" decoding=\"async\" src=\"https:\/\/www.lgcge.fr\/wp-content\/uploads\/2025\/07\/ademe-logo-2022-1.svg\" alt=\"\" width=\"85\" height=\"100\" class=\"alignleft\" \/><\/strong><\/p>\n<\/td>\n<td>\n<p><a href=\"https:\/\/www.lgcge.fr\/en\/recherches\/projets-et-collaborations\/contrats-er3\/projet-biografic\/\">BIOGRAPHIC<\/a> &#8211; Valorisation des cendres BIOmasse en tant que GRanulats et FIller dans des blocs de Construction &#8211; <em><span style=\"color: #808080;\">2021 \/\/ 2023<\/span><\/em><\/p>\n<\/td>\n<\/tr>\n<tr>\n<td>BIMGC &#8211; Valorisation des cendres de chaudi\u00e8re BIomasse dans l&#8217;\u00e9laboration des Mat\u00e9riaux composites pour le G\u00e9nie Civil &#8211; <span style=\"color: #808080;\"><em>2018 \/\/ 2021<\/em><\/span><\/td>\n<\/tr>\n<tr>\n<td><\/td>\n<\/tr>\n<\/tbody>\n<\/table>\n<ul><\/ul>\n<h2><\/h2>\n<h2><strong>\u00a0<\/strong><\/h2>\n<ul>\n<li style=\"list-style-type: none;\">\n<ul><\/ul>\n<\/li>\n<\/ul>\n\n\n<p><\/p>","protected":false},"excerpt":{"rendered":"<p>Projets nationaux BIOFIB &#8211; Comportement au jeune \u00e2ge et \u00e0 long terme des composites cimentaires BIOFIBr\u00e9s &#8211; 2025 \/\/ 2029 BIOGRAPHIC &#8211; Valorisation des cendres BIOmasse en tant que GRanulats et FIller dans des blocs de Construction &#8211; 2021 \/\/ 2023 BIMGC &#8211; Valorisation des cendres de chaudi\u00e8re BIomasse dans [&hellip;]<\/p>\n","protected":false},"author":15305,"featured_media":0,"parent":352,"menu_order":3,"comment_status":"closed","ping_status":"closed","template":"","meta":{"_acf_changed":false,"_bbp_topic_count":0,"_bbp_reply_count":0,"_bbp_total_topic_count":0,"_bbp_total_reply_count":0,"_bbp_voice_count":0,"_bbp_anonymous_reply_count":0,"_bbp_topic_count_hidden":0,"_bbp_reply_count_hidden":0,"_bbp_forum_subforum_count":0,"footnotes":""},"class_list":["post-2963","page","type-page","status-publish","hentry"],"acf":[],"_links":{"self":[{"href":"https:\/\/www.lgcge.fr\/en\/wp-json\/wp\/v2\/pages\/2963","targetHints":{"allow":["GET"]}}],"collection":[{"href":"https:\/\/www.lgcge.fr\/en\/wp-json\/wp\/v2\/pages"}],"about":[{"href":"https:\/\/www.lgcge.fr\/en\/wp-json\/wp\/v2\/types\/page"}],"author":[{"embeddable":true,"href":"https:\/\/www.lgcge.fr\/en\/wp-json\/wp\/v2\/users\/15305"}],"replies":[{"embeddable":true,"href":"https:\/\/www.lgcge.fr\/en\/wp-json\/wp\/v2\/comments?post=2963"}],"version-history":[{"count":12,"href":"https:\/\/www.lgcge.fr\/en\/wp-json\/wp\/v2\/pages\/2963\/revisions"}],"predecessor-version":[{"id":7682,"href":"https:\/\/www.lgcge.fr\/en\/wp-json\/wp\/v2\/pages\/2963\/revisions\/7682"}],"up":[{"embeddable":true,"href":"https:\/\/www.lgcge.fr\/en\/wp-json\/wp\/v2\/pages\/352"}],"wp:attachment":[{"href":"https:\/\/www.lgcge.fr\/en\/wp-json\/wp\/v2\/media?parent=2963"}],"curies":[{"name":"wp","href":"https:\/\/api.w.org\/{rel}","templated":true}]}}