{"id":2965,"date":"2020-03-05T17:12:19","date_gmt":"2020-03-05T16:12:19","guid":{"rendered":"https:\/\/www.lgcge.fr\/?page_id=2965"},"modified":"2025-07-24T11:24:04","modified_gmt":"2025-07-24T09:24:04","slug":"contrats-er2","status":"publish","type":"page","link":"https:\/\/www.lgcge.fr\/en\/recherches\/projets-et-collaborations\/contrats-er2\/","title":{"rendered":"Projets et contrats de recherche de l&#8217;ER2 depuis 2018"},"content":{"rendered":"<ul><\/ul>\n<h2><strong>Projets <\/strong><strong>europ\u00e9ens<\/strong><\/h2>\n<table width=\"829\" height=\"123\">\n<tbody>\n<tr>\n<td><span style=\"color: #808080;\"><em><img loading=\"lazy\" decoding=\"async\" src=\"https:\/\/www.lgcge.fr\/wp-content\/uploads\/2025\/07\/INTERREG-CIRMAP.png\" alt=\"\" width=\"197\" height=\"105\" class=\"alignleft\" \/><\/em><\/span>\n<p><span style=\"color: #808080;\"><em>2020 \/\/ 2023<\/em><\/span><\/p>\n<\/td>\n<\/tr>\n<tr>\n<td><span style=\"color: #808080;\"><em><img loading=\"lazy\" decoding=\"async\" src=\"https:\/\/www.lgcge.fr\/wp-content\/uploads\/2025\/07\/transparent-stecci-logo-2-e1693954767899-scaled.png\" alt=\"\" width=\"179\" height=\"89\" class=\"\" \/>\u00a0 \u00a0 \u00a0 \u00a0 <\/em><span style=\"color: #000000;\">Horizon Europe STECCI <\/span><em><span style=\"color: #000000;\">&#8211;<\/span> 2023 \/\/ 2027<\/em><\/span><\/td>\n<\/tr>\n<\/tbody>\n<\/table>\n<h2><strong>\u00a0<\/strong><\/h2>\n<h2><strong>National projects<\/strong><\/h2>\n<table width=\"838\" height=\"164\">\n<tbody>\n<tr>\n<td rowspan=\"2\">\n<h3><img loading=\"lazy\" decoding=\"async\" src=\"https:\/\/www.lgcge.fr\/wp-content\/uploads\/2025\/06\/BB44069B-5D03-4302-9F41-4234183A6186.png\" alt=\"\" width=\"245\" height=\"158\" class=\"aligncenter\" \/><\/h3>\n<\/td>\n<td><a href=\"https:\/\/www.lgcge.fr\/en\/projet-coron\/\" target=\"_blank\" rel=\"noopener\"><b>CORON<\/b><\/a>\u00a0Caract\u00e9risation multi-\u00e9chelle du confort amen\u00e9 par les ressources bio et g\u00e9osourc\u00e9es dans le cadre d&#8217;une r\u00e9novation l\u00e9g\u00e8re de logements anciens, analyse de l&#8217;acceptabilit\u00e9 social &#8211;\u00a0<span style=\"color: #808080;\"><em>2024 \/\/ 2026<\/em><\/span><\/td>\n<\/tr>\n<tr>\n<td><\/td>\n<\/tr>\n<\/tbody>\n<\/table>\n<h3><\/h3>\n<h1><\/h1>\n<table width=\"844\" height=\"233\">\n<tbody>\n<tr>\n<td rowspan=\"3\">\n<h3><strong><img loading=\"lazy\" decoding=\"async\" src=\"https:\/\/www.lgcge.fr\/wp-content\/uploads\/2025\/07\/ademe-logo-2022-1.svg\" alt=\"\" width=\"74\" height=\"87\" class=\"aligncenter\" \/><\/strong><\/h3>\n<\/td>\n<td><strong>SEDIREF<\/strong> : SEDIments : R\u00e9f\u00e9rentiel &amp; Formations &#8211;<span style=\"color: #808080;\"> <em>2019 \/\/ 2023<\/em><\/span><\/td>\n<\/tr>\n<tr>\n<td><strong>VALOBBIO<\/strong> : Valorisation des B\u00e9tons Biosourc\u00e9s en fin de vie &#8211; <span style=\"color: #808080;\"><em>2020 \/\/ 2024<\/em><\/span><\/td>\n<\/tr>\n<tr>\n<td><\/td>\n<\/tr>\n<\/tbody>\n<\/table>\n<ul><\/ul>\n<h2><\/h2>\n<h2><strong>\u00a0<\/strong><\/h2>\n<h2><strong>Regional projects<\/strong><\/h2>\n<table width=\"925\" height=\"72\">\n<tbody>\n<tr>\n<td rowspan=\"2\"><img loading=\"lazy\" decoding=\"async\" src=\"https:\/\/www.lgcge.fr\/wp-content\/uploads\/2025\/07\/Region_Hauts-de-France_logo_2016.svg.png\" alt=\"\" width=\"96\" height=\"96\" class=\"aligncenter\" \/><\/td>\n<td>AGROMUR : Cr\u00e9ation de panneaux de fa\u00e7ade pr\u00e9fabriqu\u00e9s \u00e0 base d&#8217;agro-ressources &#8211; <em><span style=\"color: #808080;\">2022 \/\/ 2026<\/span><\/em><\/td>\n<\/tr>\n<tr>\n<td><a href=\"https:\/\/www.lgcge.fr\/en\/recherches\/projets-et-collaborations\/contrats-er2\/projet-abiobat\/\">Projet ABIOBAT<\/a> &#8211; Adjuvantation Biosourc\u00e9e pour mousse IsOlante dans le BATiment &#8211; <em><span style=\"color: #808080;\">2020 \/\/ 2023<\/span><\/em><\/td>\n<\/tr>\n<\/tbody>\n<\/table>\n<h2><\/h2>\n<h2><strong>\u00a0<\/strong><\/h2>\n<h2><strong>Projets industriels<\/strong><\/h2>\n<table>\n<tbody>\n<tr>\n<td><a href=\"https:\/\/www.lgcge.fr\/en\/recherches\/projets-et-collaborations\/contrats-er2\/chaire-industrielle-ecosed\/\">Chaire ECOSED<\/a>\u00a0Digital 4.0 : Valorisation des s\u00e9diments &#8211; <em><span style=\"color: #808080;\">2025 \/\/ 2029<\/span><\/em><\/td>\n<\/tr>\n<tr>\n<td><a href=\"https:\/\/www.lgcge.fr\/wp-content\/uploads\/2022\/05\/Chaire-CIRVAL.pdf\">Chaire CIRVAL<\/a> : Valorisation des d\u00e9chets dans le domaine de la construction &#8211; <em><span style=\"color: #808080;\">2022 \/\/ 2027<\/span><\/em><\/td>\n<\/tr>\n<tr>\n<td><\/td>\n<\/tr>\n<\/tbody>\n<\/table>\n<ul>\n<li style=\"list-style-type: none;\">\n<ul><\/ul>\n<\/li>\n<\/ul>\n\n\n<p><\/p>","protected":false},"excerpt":{"rendered":"<p>Projets europ\u00e9ens 2020 \/\/ 2023 \u00a0 \u00a0 \u00a0 \u00a0 Horizon Europe STECCI &#8211; 2023 \/\/ 2027 \u00a0 Projets nationaux CORON\u00a0Caract\u00e9risation multi-\u00e9chelle du confort amen\u00e9 par les ressources bio et g\u00e9osourc\u00e9es dans le cadre d&#8217;une r\u00e9novation l\u00e9g\u00e8re de logements anciens, analyse de l&#8217;acceptabilit\u00e9 social &#8211;\u00a02024 \/\/ 2026 SEDIREF : SEDIments : [&hellip;]<\/p>\n","protected":false},"author":15305,"featured_media":0,"parent":352,"menu_order":2,"comment_status":"closed","ping_status":"closed","template":"","meta":{"_acf_changed":false,"_bbp_topic_count":0,"_bbp_reply_count":0,"_bbp_total_topic_count":0,"_bbp_total_reply_count":0,"_bbp_voice_count":0,"_bbp_anonymous_reply_count":0,"_bbp_topic_count_hidden":0,"_bbp_reply_count_hidden":0,"_bbp_forum_subforum_count":0,"footnotes":""},"class_list":["post-2965","page","type-page","status-publish","hentry"],"acf":[],"_links":{"self":[{"href":"https:\/\/www.lgcge.fr\/en\/wp-json\/wp\/v2\/pages\/2965","targetHints":{"allow":["GET"]}}],"collection":[{"href":"https:\/\/www.lgcge.fr\/en\/wp-json\/wp\/v2\/pages"}],"about":[{"href":"https:\/\/www.lgcge.fr\/en\/wp-json\/wp\/v2\/types\/page"}],"author":[{"embeddable":true,"href":"https:\/\/www.lgcge.fr\/en\/wp-json\/wp\/v2\/users\/15305"}],"replies":[{"embeddable":true,"href":"https:\/\/www.lgcge.fr\/en\/wp-json\/wp\/v2\/comments?post=2965"}],"version-history":[{"count":30,"href":"https:\/\/www.lgcge.fr\/en\/wp-json\/wp\/v2\/pages\/2965\/revisions"}],"predecessor-version":[{"id":7701,"href":"https:\/\/www.lgcge.fr\/en\/wp-json\/wp\/v2\/pages\/2965\/revisions\/7701"}],"up":[{"embeddable":true,"href":"https:\/\/www.lgcge.fr\/en\/wp-json\/wp\/v2\/pages\/352"}],"wp:attachment":[{"href":"https:\/\/www.lgcge.fr\/en\/wp-json\/wp\/v2\/media?parent=2965"}],"curies":[{"name":"wp","href":"https:\/\/api.w.org\/{rel}","templated":true}]}}