{"id":3176,"date":"2020-06-05T18:03:35","date_gmt":"2020-06-05T16:03:35","guid":{"rendered":"https:\/\/www.lgcge.fr\/?page_id=3176"},"modified":"2021-08-30T09:28:38","modified_gmt":"2021-08-30T07:28:38","slug":"projet-llhpp","status":"publish","type":"page","link":"https:\/\/www.lgcge.fr\/en\/recherches\/projets-et-collaborations\/contrats-er5\/projet-llhpp\/","title":{"rendered":"Projet Polder2C\u2019s Living Lab Hedwige-Prosperpolder"},"content":{"rendered":"<p><a href=\"https:\/\/www.lgcge.fr\/wp-content\/uploads\/2020\/06\/Text-Polder2Cs-Partner-Website.pdf\" target=\"_blank\" rel=\"noreferrer noopener\">Presentation of the project<\/a><\/p>\n\n\n\n<figure class=\"wp-block-image size-large\"><img loading=\"lazy\" decoding=\"async\" width=\"1024\" height=\"359\" src=\"https:\/\/www.lgcge.fr\/wp-content\/uploads\/2020\/06\/polder2cs-vector-1024x359.jpg\" alt=\"\" class=\"wp-image-3179\" srcset=\"https:\/\/www.lgcge.fr\/wp-content\/uploads\/2020\/06\/polder2cs-vector-1024x359.jpg 1024w, https:\/\/www.lgcge.fr\/wp-content\/uploads\/2020\/06\/polder2cs-vector-300x105.jpg 300w, https:\/\/www.lgcge.fr\/wp-content\/uploads\/2020\/06\/polder2cs-vector-768x269.jpg 768w, https:\/\/www.lgcge.fr\/wp-content\/uploads\/2020\/06\/polder2cs-vector-1320x462.jpg 1320w, https:\/\/www.lgcge.fr\/wp-content\/uploads\/2020\/06\/polder2cs-vector.jpg 1402w\" sizes=\"auto, (max-width: 1024px) 100vw, 1024px\" \/><\/figure>\n\n\n<table style=\"width: 100%; height: 343px; border-width: 1px; border-color: #000000;\">\n<tbody>\n<tr>\n<td>Type of project :<\/td>\n<td>Interreg<\/td>\n<\/tr>\n<tr>\n<td>Dates :<\/td>\n<td>D\u00e9cembre 2019 &#8211; D\u00e9cembre 2022<\/td>\n<\/tr>\n<tr>\n<td>Research team concerned :<\/td>\n<td><a href=\"https:\/\/www.lgcge.fr\/en\/recherches\/equipes-de-recherche\/er5\/\">ER 5<\/a><\/td>\n<\/tr>\n<tr>\n<td>Responsables du projet :<\/td>\n<td>Pilotage du projet : Frank Mostaert (MOW) et Joost Buntsma (STOWA)<p><\/p>\n<p>Conseil consultatif : Ludolph Wentholt&nbsp; (STOWA), Patrik Peeters (MOW)<\/p>\n<p>Responsable LGCgE : <a href=\"https:\/\/www.lgcge.fr\/en\/membre\/hanbing-bian\/\">Hanbing BIAN<\/a><\/p>\n<\/td>\n<\/tr>\n<tr>\n<td>Center concerned :<\/td>\n<td>Lille University<\/td>\n<\/tr>\n<tr>\n<td>Partners :<\/td>\n<td>Au total, treize partenaires :<p><\/p>\n<ul>\n<li>MOW : Department of Mobility and Public Works\/Flanders, Belgium.<\/li>\n<li>Hydraulics Research, Belgium.<\/li>\n<li>Catholic University Leuven (KU Leuven), Belgium.<\/li>\n<li>Environment Agency, England.<\/li>\n<li>South West Water, England.<\/li>\n<li>Le Cerema (Centre d\u2019\u00e9tudes et d\u2019expertise sur les risques, l\u2019environnement, la mobilit\u00e9 et l\u2019am\u00e9nagement), France.<\/li>\n<li>ISL Engineering, France.<\/li>\n<li>University of&nbsp; Lille, France.<\/li>\n<li>Delft University of Technology, Netherlands.<\/li>\n<li>RWS : Ministry of Infrastructure and Water management, Netherlands.<\/li>\n<li>Province of Zeeland, Netherlands.<\/li>\n<li>HZ University Of Applied Sciences, Netherlands.<\/li>\n<li>Ministry of Defence and the Foundation of Applied Water Research (STOWA) from the Netherlands.<\/li>\n<\/ul>\n<\/td>\n<\/tr>\n<\/tbody>\n<\/table>\n<h3><strong>Project description<\/strong><\/h3>\n<p>Le projet vise \u00e0 am\u00e9liorer la capacit\u00e9 des r\u00e9gions des 2 mers \u00e0 s&#8217;adapter aux d\u00e9fis caus\u00e9s par le changement climatique. Le Polder2C offre une approche unique dans le d\u00e9veloppement de mesures de r\u00e9silience aux inondations. Le d\u00e9poudrage de Hedwige et Prosperpolder offre un laboratoire ouvert&nbsp;: c\u2019est une r\u00e9gion de 6 km<sup>2<\/sup>, o\u00f9 les techniques, processus, m\u00e9thodes et produits actuels et innovants peuvent \u00eatre test\u00e9s pour une validation op\u00e9rationnelle. Une nouvelle approche ax\u00e9e sur la demande est utilis\u00e9e lorsque les demandes strat\u00e9giques, tactiques et op\u00e9rationnelles des parties prenantes sont le point de d\u00e9part.<\/p>\n<h3><strong>Scientific contributions from the laboratory<\/strong><\/h3>\n<p>Principalement le LGCgE est impliqu\u00e9 dans deux t\u00e2ches&nbsp;:<\/p>\n<ol>\n<li>la cr\u00e9ation d\u2019un Wizard qui va permettre aux utilisateurs de diff\u00e9rentes cat\u00e9gories \u00e0 acc\u00e9der aux donn\u00e9es et \u00e0 la connaissance issues de ce projet. Un des buts du projet est le partage de la connaissance.<\/li>\n<li>la mod\u00e9lisation<\/li>\n<\/ol>","protected":false},"excerpt":{"rendered":"<p>Presentation of the project Type de projet : Interreg Dates : D\u00e9cembre 2019 &#8211; D\u00e9cembre 2022 Equipe de recherche concern\u00e9e : ER 5 Responsables du projet : Pilotage du projet : Frank Mostaert (MOW) et Joost Buntsma (STOWA) Conseil consultatif : Ludolph Wentholt&nbsp; (STOWA), Patrik Peeters (MOW) Responsable LGCgE : [&hellip;]<\/p>\n","protected":false},"author":15305,"featured_media":0,"parent":265,"menu_order":0,"comment_status":"closed","ping_status":"closed","template":"","meta":{"_acf_changed":false,"_bbp_topic_count":0,"_bbp_reply_count":0,"_bbp_total_topic_count":0,"_bbp_total_reply_count":0,"_bbp_voice_count":0,"_bbp_anonymous_reply_count":0,"_bbp_topic_count_hidden":0,"_bbp_reply_count_hidden":0,"_bbp_forum_subforum_count":0,"footnotes":""},"class_list":["post-3176","page","type-page","status-publish","hentry"],"acf":[],"_links":{"self":[{"href":"https:\/\/www.lgcge.fr\/en\/wp-json\/wp\/v2\/pages\/3176","targetHints":{"allow":["GET"]}}],"collection":[{"href":"https:\/\/www.lgcge.fr\/en\/wp-json\/wp\/v2\/pages"}],"about":[{"href":"https:\/\/www.lgcge.fr\/en\/wp-json\/wp\/v2\/types\/page"}],"author":[{"embeddable":true,"href":"https:\/\/www.lgcge.fr\/en\/wp-json\/wp\/v2\/users\/15305"}],"replies":[{"embeddable":true,"href":"https:\/\/www.lgcge.fr\/en\/wp-json\/wp\/v2\/comments?post=3176"}],"version-history":[{"count":9,"href":"https:\/\/www.lgcge.fr\/en\/wp-json\/wp\/v2\/pages\/3176\/revisions"}],"predecessor-version":[{"id":4275,"href":"https:\/\/www.lgcge.fr\/en\/wp-json\/wp\/v2\/pages\/3176\/revisions\/4275"}],"up":[{"embeddable":true,"href":"https:\/\/www.lgcge.fr\/en\/wp-json\/wp\/v2\/pages\/265"}],"wp:attachment":[{"href":"https:\/\/www.lgcge.fr\/en\/wp-json\/wp\/v2\/media?parent=3176"}],"curies":[{"name":"wp","href":"https:\/\/api.w.org\/{rel}","templated":true}]}}