{"id":340,"date":"2018-02-05T16:02:05","date_gmt":"2018-02-05T15:02:05","guid":{"rendered":"https:\/\/www.lgcge.fr\/?page_id=340"},"modified":"2020-04-09T16:22:19","modified_gmt":"2020-04-09T14:22:19","slug":"lgcge","status":"publish","type":"page","link":"https:\/\/www.lgcge.fr\/en\/lgcge\/","title":{"rendered":"LGCgE"},"content":{"rendered":"<p>[:fr]Le LGCgE, Laboratoire de G\u00e9nie Civil et g\u00e9o-Environnement, est un laboratoire de recherche pluridisciplinaires regroupant des \u00e9quipes de chercheurs de plusieurs \u00e9tablissements de la r\u00e9gion Hauts de France. L\u2019activit\u00e9 de recherche et de valorisation est assur\u00e9e par plus de 200 personnes, dont 92 enseignants-chercheurs et chercheurs, 36 personnels techniques et administratifs et 80 doctorants.<\/p>\n<p>Le LGCgE est implant\u00e9 sur 4 \u00e9tablissements :<\/p>\n<ul>\n<li><strong>l&#8217;Universit\u00e9 d&#8217;Artois,<\/strong> avec l\u2019UFR des Sciences Appliqu\u00e9es et l\u2019IUT \u00e0 B\u00e9thune,<\/li>\n<li><strong>l&#8217;Institut Mines-T\u00e9l\u00e9com Lille Douai (IMT Lille-Douai),<\/strong> avec le D\u00e9partement G\u00e9nie civil et Environnemental \u00e0 Douai,<\/li>\n<li><strong>l&#8217;Universit\u00e9 de Lille,<\/strong> avec Polytech&#8217;Lille et la Facult\u00e9 des Sciences et Technologies (D\u00e9partements de Biologie et des Sciences de la Terre \u00e0 Villeneuve d&#8217;Ascq et la Facult\u00e9 de Pharmacie \u00e0 Lille,<\/li>\n<li><strong>Yncr\u00e9a Hauts de France (groupe ISA-HEI-ISEN),<\/strong> de l\u2019Universit\u00e9 Catholique de Lille \u00e0 Lille.<\/li>\n<\/ul>\n<p><img loading=\"lazy\" decoding=\"async\" src=\"https:\/\/www.lgcge.fr\/wp-content\/uploads\/2020\/03\/region-site-LGCgE.jpg\" alt=\"\" width=\"523\" height=\"410\" class=\"wp-image-3046 aligncenter\" \/>[:]<\/p>\n","protected":false},"excerpt":{"rendered":"<p>[:fr]Le LGCgE, Laboratoire de G\u00e9nie Civil et g\u00e9o-Environnement, est un laboratoire de recherche pluridisciplinaires regroupant des \u00e9quipes de chercheurs de plusieurs \u00e9tablissements de la r\u00e9gion Hauts de France. L\u2019activit\u00e9 de recherche et de valorisation est assur\u00e9e par plus de 200 personnes, dont 92 enseignants-chercheurs et chercheurs, 36 personnels techniques et [&hellip;]<\/p>\n","protected":false},"author":15305,"featured_media":0,"parent":0,"menu_order":1,"comment_status":"closed","ping_status":"closed","template":"","meta":{"_acf_changed":false,"_bbp_topic_count":0,"_bbp_reply_count":0,"_bbp_total_topic_count":0,"_bbp_total_reply_count":0,"_bbp_voice_count":0,"_bbp_anonymous_reply_count":0,"_bbp_topic_count_hidden":0,"_bbp_reply_count_hidden":0,"_bbp_forum_subforum_count":0,"footnotes":""},"class_list":["post-340","page","type-page","status-publish","hentry"],"acf":[],"_links":{"self":[{"href":"https:\/\/www.lgcge.fr\/en\/wp-json\/wp\/v2\/pages\/340","targetHints":{"allow":["GET"]}}],"collection":[{"href":"https:\/\/www.lgcge.fr\/en\/wp-json\/wp\/v2\/pages"}],"about":[{"href":"https:\/\/www.lgcge.fr\/en\/wp-json\/wp\/v2\/types\/page"}],"author":[{"embeddable":true,"href":"https:\/\/www.lgcge.fr\/en\/wp-json\/wp\/v2\/users\/15305"}],"replies":[{"embeddable":true,"href":"https:\/\/www.lgcge.fr\/en\/wp-json\/wp\/v2\/comments?post=340"}],"version-history":[{"count":3,"href":"https:\/\/www.lgcge.fr\/en\/wp-json\/wp\/v2\/pages\/340\/revisions"}],"predecessor-version":[{"id":3096,"href":"https:\/\/www.lgcge.fr\/en\/wp-json\/wp\/v2\/pages\/340\/revisions\/3096"}],"wp:attachment":[{"href":"https:\/\/www.lgcge.fr\/en\/wp-json\/wp\/v2\/media?parent=340"}],"curies":[{"name":"wp","href":"https:\/\/api.w.org\/{rel}","templated":true}]}}