{"id":350,"date":"2018-02-05T16:34:09","date_gmt":"2018-02-05T15:34:09","guid":{"rendered":"https:\/\/www.lgcge.fr\/?page_id=350"},"modified":"2020-06-11T10:44:57","modified_gmt":"2020-06-11T08:44:57","slug":"recherches","status":"publish","type":"page","link":"https:\/\/www.lgcge.fr\/en\/recherches\/","title":{"rendered":"Research"},"content":{"rendered":"<p>The LGCgE is organized into five teams :<\/p>\n<ul>\n<li><a href=\"https:\/\/www.lgcge.fr\/en\/recherches\/equipes-de-recherche\/er1\/\">Research Team 1 (ER1) : Multi-scale modeling and   characterization of   coupled problems<\/a><\/li>\n<li><a href=\"https:\/\/www.lgcge.fr\/en\/recherches\/equipes-de-recherche\/er2\/\">Research team 2 (ER2) : Innovative materials<\/a><\/li>\n<li><a href=\"https:\/\/www.lgcge.fr\/en\/recherches\/equipes-de-recherche\/er3\/\">Research team 3 (ER3) : Concrete &amp; Composite Materials<\/a><\/li>\n<li><a href=\"https:\/\/www.lgcge.fr\/en\/recherches\/equipes-de-recherche\/er4\/\">Research team 4 (ER4) : Functionality of anthropized systems<\/a><\/li>\n<li><a href=\"https:\/\/www.lgcge.fr\/en\/recherches\/equipes-de-recherche\/er5\/\">Research team 5 (ER5) : Habitat and smart city<\/a><\/li>\n<\/ul>","protected":false},"excerpt":{"rendered":"<p>Le LGCgE est organis\u00e9 en cinq \u00e9quipes : ER1 : Mod\u00e9lisation et caract\u00e9risation multi-\u00e9chelle des probl\u00e8mes coupl\u00e9s ER2 : Mat\u00e9riaux innovants ER3 : Mat\u00e9riaux B\u00e9ton &amp; Composites ER4 :\u00a0Fonctionnement des \u00e9cosyst\u00e8mes terrestres anthropis\u00e9s. ER5 : Habitat et ville intelligente<\/p>","protected":false},"author":15305,"featured_media":0,"parent":0,"menu_order":2,"comment_status":"closed","ping_status":"closed","template":"","meta":{"_acf_changed":false,"_bbp_topic_count":0,"_bbp_reply_count":0,"_bbp_total_topic_count":0,"_bbp_total_reply_count":0,"_bbp_voice_count":0,"_bbp_anonymous_reply_count":0,"_bbp_topic_count_hidden":0,"_bbp_reply_count_hidden":0,"_bbp_forum_subforum_count":0,"footnotes":""},"class_list":["post-350","page","type-page","status-publish","hentry"],"acf":[],"_links":{"self":[{"href":"https:\/\/www.lgcge.fr\/en\/wp-json\/wp\/v2\/pages\/350","targetHints":{"allow":["GET"]}}],"collection":[{"href":"https:\/\/www.lgcge.fr\/en\/wp-json\/wp\/v2\/pages"}],"about":[{"href":"https:\/\/www.lgcge.fr\/en\/wp-json\/wp\/v2\/types\/page"}],"author":[{"embeddable":true,"href":"https:\/\/www.lgcge.fr\/en\/wp-json\/wp\/v2\/users\/15305"}],"replies":[{"embeddable":true,"href":"https:\/\/www.lgcge.fr\/en\/wp-json\/wp\/v2\/comments?post=350"}],"version-history":[{"count":4,"href":"https:\/\/www.lgcge.fr\/en\/wp-json\/wp\/v2\/pages\/350\/revisions"}],"predecessor-version":[{"id":3323,"href":"https:\/\/www.lgcge.fr\/en\/wp-json\/wp\/v2\/pages\/350\/revisions\/3323"}],"wp:attachment":[{"href":"https:\/\/www.lgcge.fr\/en\/wp-json\/wp\/v2\/media?parent=350"}],"curies":[{"name":"wp","href":"https:\/\/api.w.org\/{rel}","templated":true}]}}