{"id":352,"date":"2018-02-05T16:34:29","date_gmt":"2018-02-05T15:34:29","guid":{"rendered":"https:\/\/www.lgcge.fr\/?page_id=352"},"modified":"2022-05-06T15:53:04","modified_gmt":"2022-05-06T13:53:04","slug":"projets-et-collaborations","status":"publish","type":"page","link":"https:\/\/www.lgcge.fr\/en\/recherches\/projets-et-collaborations\/","title":{"rendered":"Research projects and collaborations"},"content":{"rendered":"<p class=\"translation-block\">The <strong><span style=\"color: #54368a\">LGCgE<\/span><\/strong> teams are involved in various collaborative projects and partnerships carried out at the regional, national, European and international levels.<\/p>\n<p>Collaborative research projects have been set up in response to calls for projects launched by different devices such as :<\/p>\n<ul>\n<li class=\"translation-block\">the <strong>Actions of regional initiatives for research<\/strong> (Hauts de France region), the <strong>citizen researcher program<\/strong> of the Nord Pas-de-Calais region, the <strong>Ademe-Region Framework<\/strong> agreement on Housing and Urban Planning in the fight against climate change, the Nord-Pas de Calais Region framework agreement and the Foundation for Research on Biodiversity (FRB), ARS\u2026.<\/li>\n<li class=\"translation-block\">national calls for projects launched by the <strong>National Research Agency<\/strong> (ANR) or <strong>ADEME<\/strong>, etc.<\/li>\n<li class=\"translation-block\">calls for projects from <strong>European research funding programs<\/strong> such as Horizon 2020 or European territorial cooperation programs (<strong>Interreg<\/strong>)<\/li>\n<\/ul>\n<p>Work is also carried out within the framework of international collaborations such as chairs or other specific programs.<\/p>\n<p>Finally, numerous works are also carried out in partnerships with manufacturers, territories and communities, companies, social landlords, associations, etc\u2026<\/p>\n<p><\/p>\n\n\n<div class=\"wp-block-buttons is-horizontal is-content-justification-center is-layout-flex wp-container-core-buttons-is-layout-03627597 wp-block-buttons-is-layout-flex\">\n<div class=\"wp-block-button has-custom-width wp-block-button__width-75 has-custom-font-size has-x-large-font-size\"><a class=\"wp-block-button__link has-background\" href=\"https:\/\/www.lgcge.fr\/en\/recherches\/projets-et-collaborations\/contrats-er1\/\" style=\"background-color:#a6033f\" target=\"_blank\" rel=\"noreferrer noopener\"><strong>Multi-scale modeling and characterization of coupled problems<\/strong><\/a><\/div>\n<\/div>\n\n\n\n<hr class=\"wp-block-separator\"\/>\n\n\n\n<div class=\"wp-block-buttons is-content-justification-center is-layout-flex wp-container-core-buttons-is-layout-a89b3969 wp-block-buttons-is-layout-flex\">\n<div class=\"wp-block-button has-custom-width wp-block-button__width-75 has-custom-font-size is-style-fill has-x-large-font-size\"><a class=\"wp-block-button__link has-background\" href=\"https:\/\/www.lgcge.fr\/en\/recherches\/projets-et-collaborations\/contrats-er2\/\" style=\"background-color:#cf3275\" target=\"_blank\" rel=\"noreferrer noopener\"><strong>Innovative materials<\/strong><\/a><\/div>\n<\/div>\n\n\n\n<hr class=\"wp-block-separator\"\/>\n\n\n\n<div class=\"wp-block-buttons is-horizontal is-content-justification-center is-layout-flex wp-container-core-buttons-is-layout-03627597 wp-block-buttons-is-layout-flex\">\n<div class=\"wp-block-button has-custom-width wp-block-button__width-75 has-custom-font-size has-x-large-font-size\"><a class=\"wp-block-button__link has-background\" href=\"https:\/\/www.lgcge.fr\/en\/recherches\/projets-et-collaborations\/contrats-er3\/\" style=\"background-color:#f2594b\" target=\"_blank\" rel=\"noreferrer noopener\"> <strong>Concrete &amp; Composite Materials<\/strong> <\/a><\/div>\n<\/div>\n\n\n\n<hr class=\"wp-block-separator\"\/>\n\n\n\n<div class=\"wp-block-buttons is-horizontal is-content-justification-center is-layout-flex wp-container-core-buttons-is-layout-03627597 wp-block-buttons-is-layout-flex\">\n<div class=\"wp-block-button has-custom-width wp-block-button__width-75 has-custom-font-size has-x-large-font-size\"><a class=\"wp-block-button__link has-background\" href=\"https:\/\/www.lgcge.fr\/en\/recherches\/projets-et-collaborations\/contrats-er4\/\" style=\"background-color:#82c341\" target=\"_blank\" rel=\"noreferrer noopener\"> <strong>Functionality of anthropized systems<\/strong> <\/a><\/div>\n<\/div>\n\n\n\n<hr class=\"wp-block-separator\"\/>\n\n\n\n<div class=\"wp-block-buttons is-horizontal is-content-justification-center is-layout-flex wp-container-core-buttons-is-layout-03627597 wp-block-buttons-is-layout-flex\">\n<div class=\"wp-block-button has-custom-width wp-block-button__width-75 has-custom-font-size has-x-large-font-size\"><a class=\"wp-block-button__link has-background\" href=\"https:\/\/www.lgcge.fr\/en\/recherches\/projets-et-collaborations\/contrats-er5\/\" style=\"background-color:#62bcda\" target=\"_blank\" rel=\"noreferrer noopener\"> <strong>Habitat &amp; Smart city<\/strong> <\/a><\/div>\n<\/div>","protected":false},"excerpt":{"rendered":"<p>Les \u00e9quipes du LGCgE sont impliqu\u00e9es dans diff\u00e9rents projets collaboratifs et partenariats men\u00e9s \u00e0 l&#8217;\u00e9chelle r\u00e9gionale, nationale, europ\u00e9enne et internationale. Les projets collaboratifs de recherche ont \u00e9t\u00e9 mont\u00e9s en r\u00e9ponse aux appels \u00e0 projets lanc\u00e9s par diff\u00e9rents dispositifs tels que : les Actions d&#8217;initiatives r\u00e9gionales pour la recherche (R\u00e9gion Hauts [&hellip;]<\/p>\n","protected":false},"author":15305,"featured_media":0,"parent":350,"menu_order":3,"comment_status":"closed","ping_status":"closed","template":"","meta":{"_acf_changed":false,"_bbp_topic_count":0,"_bbp_reply_count":0,"_bbp_total_topic_count":0,"_bbp_total_reply_count":0,"_bbp_voice_count":0,"_bbp_anonymous_reply_count":0,"_bbp_topic_count_hidden":0,"_bbp_reply_count_hidden":0,"_bbp_forum_subforum_count":0,"footnotes":""},"class_list":["post-352","page","type-page","status-publish","hentry"],"acf":[],"_links":{"self":[{"href":"https:\/\/www.lgcge.fr\/en\/wp-json\/wp\/v2\/pages\/352","targetHints":{"allow":["GET"]}}],"collection":[{"href":"https:\/\/www.lgcge.fr\/en\/wp-json\/wp\/v2\/pages"}],"about":[{"href":"https:\/\/www.lgcge.fr\/en\/wp-json\/wp\/v2\/types\/page"}],"author":[{"embeddable":true,"href":"https:\/\/www.lgcge.fr\/en\/wp-json\/wp\/v2\/users\/15305"}],"replies":[{"embeddable":true,"href":"https:\/\/www.lgcge.fr\/en\/wp-json\/wp\/v2\/comments?post=352"}],"version-history":[{"count":16,"href":"https:\/\/www.lgcge.fr\/en\/wp-json\/wp\/v2\/pages\/352\/revisions"}],"predecessor-version":[{"id":5040,"href":"https:\/\/www.lgcge.fr\/en\/wp-json\/wp\/v2\/pages\/352\/revisions\/5040"}],"up":[{"embeddable":true,"href":"https:\/\/www.lgcge.fr\/en\/wp-json\/wp\/v2\/pages\/350"}],"wp:attachment":[{"href":"https:\/\/www.lgcge.fr\/en\/wp-json\/wp\/v2\/media?parent=352"}],"curies":[{"name":"wp","href":"https:\/\/api.w.org\/{rel}","templated":true}]}}