{"id":384,"date":"2018-02-05T17:37:38","date_gmt":"2018-02-05T16:37:38","guid":{"rendered":"https:\/\/www.lgcge.fr\/?page_id=384"},"modified":"2022-05-05T15:10:27","modified_gmt":"2022-05-05T13:10:27","slug":"er1","status":"publish","type":"page","link":"https:\/\/www.lgcge.fr\/en\/recherches\/equipes-de-recherche\/er1\/","title":{"rendered":"Research Team 1 \u2013 Multi-scale modeling and characterization of coupled problems"},"content":{"rendered":"<h4 style=\"text-align: right;\">Responsible : <strong><a href=\"https:\/\/www.lgcge.fr\/en\/membre\/ali.zaoui\/\">Ali ZAOUI<\/a><\/strong><\/h4>\n<blockquote><p>The research of this team deals with the development and use of modeling at several scales with the aim of improving the understanding of the behavior of geomaterials and infrastructures by taking into account the multi-scale nature of the problems encountered. It is a question of modeling the behavior and of characterizing materials by going from the nanoscale to the macroscopic scale<\/p><\/blockquote>\n<p><img loading=\"lazy\" decoding=\"async\" src=\"https:\/\/www.lgcge.fr\/wp-content\/uploads\/2021\/01\/ER1-image-1.jpg\" alt=\"\" width=\"580\" height=\"435\" class=\"aligncenter\" \/><\/p>\n<p class=\"translation-block\">Three main topics are considered in this team: <strong>topic 1<\/strong> focuses exclusively on studies at the nanoscale (modeling at small scales), <strong>topic 2<\/strong> is based on the different scales ranging from nano to macro and finally the <strong>topic 3<\/strong> focuses on modeling at the macroscopic scale.<\/p>\n<p>The subjects considered are mainly devoted to geomaterials at all scales up to that of the infrastructure, the various couplings (hydro-thermo-mechanical, physico-chemical ...) and the interaction of the structure with its environment.<\/p>\n<p>On the other hand, the characterization of the various materials (including geomaterials) constitutes the main subject of topic 2 where we can note, in particular, experimental work based on instrumented indentation as well as its development.<\/p>\n<p>The works are classified into three topics:<\/p>\n\t\t\t\t\t\t<style>\n\t\t\t\t#wpsm_accordion_3020 .wpsm_panel-heading{\n\tpadding:0px !important;\n}\n#wpsm_accordion_3020 .wpsm_panel-title {\n\tmargin:0px !important; \n\ttext-transform:none !important;\n\tline-height: 1 !important;\n}\n#wpsm_accordion_3020 .wpsm_panel-title a{\n\ttext-decoration:none;\n\toverflow:hidden;\n\tdisplay:block;\n\tpadding:0px;\n\tfont-family: myriad-pro-condensed, sans-serif!important;\n\tcolor:#a6033f !important;\n\tborder-bottom:0px !important;\n}\n#wpsm_accordion_3020 .wpsm_panel-title a span{\n\tfont-size: 14px !important;\n}\n\n#wpsm_accordion_3020 .wpsm_panel-title a:focus {\noutline: 0px !important;\n}\n\n#wpsm_accordion_3020 .wpsm_panel-title a:hover, #wpsm_accordion_3020 .wpsm_panel-title a:focus {\n\tcolor:#a6033f !important;\n}\n#wpsm_accordion_3020 .acc-a{\n\tcolor: #a6033f !important;\n\tbackground-color:#ffffff !important;\n\tborder-color: #ddd;\n}\n#wpsm_accordion_3020 .wpsm_panel-default > .wpsm_panel-heading{\n\tcolor: #a6033f !important;\n\tbackground-color: #ffffff !important;\n\tborder-color: #ffffff !important;\n\tborder-top-left-radius: 0px;\n\tborder-top-right-radius: 0px;\n}\n#wpsm_accordion_3020 .wpsm_panel-default {\n\t\tborder:1px solid transparent !important;\n\t}\n#wpsm_accordion_3020 {\n\tmargin-bottom: 20px;\n\toverflow: hidden;\n\tfloat: none;\n\twidth: 100%;\n\tdisplay: block;\n}\n#wpsm_accordion_3020 .ac_title_class{\n\tdisplay: block;\n\tpadding-top: 12px;\n\tpadding-bottom: 12px;\n\tpadding-left: 15px;\n\tpadding-right: 15px;\n}\n#wpsm_accordion_3020  .wpsm_panel {\n\toverflow:hidden;\n\t-webkit-box-shadow: 0 0px 0px rgba(0, 0, 0, .05);\n\tbox-shadow: 0 0px 0px rgba(0, 0, 0, .05);\n\t\tborder-radius: 4px;\n\t}\n#wpsm_accordion_3020  .wpsm_panel + .wpsm_panel {\n\t\tmargin-top: 5px;\n\t}\n#wpsm_accordion_3020  .wpsm_panel-body{\n\tbackground-color:#ffffff !important;\n\tcolor:#000000 !important;\n\tborder-top-color: #ffffff !important;\n\tfont-size:14px !important;\n\tfont-family: myriad-pro-condensed, sans-serif!important;\n\toverflow: hidden;\n\t\tborder: 2px solid #ffffff !important;\n\t}\n\n#wpsm_accordion_3020 .ac_open_cl_icon{\n\tbackground-color:#ffffff !important;\n\tcolor: #a6033f !important;\n\tfloat:left !important;\n\tpadding-top: 12px !important;\n\tpadding-bottom: 12px !important;\n\tline-height: 1.0 !important;\n\tpadding-left: 15px !important;\n\tpadding-right: 15px !important;\n\tdisplay: inline-block !important;\n}\n\n\t\t\t\n\t\t\t\t\n\n\t\n\t\t\t<\/style>\n\t\t\t<div class=\"wpsm_panel-group\" id=\"wpsm_accordion_3020\" >\n\t\t\t\t\t\t\t\t\n\t\t\t\t\t<!-- Inner panel Start -->\n\t\t\t\t\t<div class=\"wpsm_panel wpsm_panel-default\">\n\t\t\t\t\t\t<div class=\"wpsm_panel-heading\" role=\"tab\" >\n\t\t\t\t\t\t  <h4 class=\"wpsm_panel-title\">\n\t\t\t\t\t\t\t<a  class=\"\"  data-toggle=\"collapse\" data-parent=\"#wpsm_accordion_3020 \" href=\"#ac_3020_collapse1\"  >\n\t\t\t\t\t\t\t\t\t\t\t\t\t\t\t\t\t<span class=\"ac_open_cl_icon fa fa-plus\"><\/span>\n\t\t\t\t\t\t\t\t\t\n\t\t\t\t\t\t\t\t \n\t\t\t\t\t\t\t\t<span class=\"ac_title_class\">\n\t\t\t\t\t\t\t\t\tTopic 1: Nanomaterial modeling of geomaterials\t\t\t\t\t\t\t\t<\/span>\n\t\t\t\t\t\t\t<\/a>\n\t\t\t\t\t\t  <\/h4>\n\t\t\t\t\t\t<\/div>\n\t\t\t\t\t\t<div id=\"ac_3020_collapse1\" class=\"wpsm_panel-collapse collapse\"  >\n\t\t\t\t\t\t  <div class=\"wpsm_panel-body translation-block\">This topic aims to study the properties of geomaterials at the nanoscale in variable environments of temperature, pressure, fluid and contaminants both in volume and on surface. We use in particular atomistic modeling and simulation methods including first-principles methods (ab initio), molecular dynamics and Monte Carlo. The corresponding works cover a wide range of systems including rocks, clays and concrete. The originality lies in the pioneering role of LGCgE in this area. It makes it possible to position it at the best levels on the international level with both fundamental and applied aspects.\nThis topic benefits from close international collaborations with colleagues from Sweden, the United States, Austria, China and England. An <a href=\"http:\/\/master-nngc.univ-lille1.fr\" target=\"_self\" rel=\"noopener\">international master course<\/a> on nanoscience and nanotechnology in civil engineering has been created. It opens the door to new PhD students to be specialized in this field.<\/div>\n\t\t\t\t\t\t<\/div>\n\t\t\t\t\t<\/div>\n\t\t\t\t\t<!-- Inner panel End -->\n\t\t\t\t\t\n\t\t\t\t\t\t\t\t\n\t\t\t\t\t<!-- Inner panel Start -->\n\t\t\t\t\t<div class=\"wpsm_panel wpsm_panel-default\">\n\t\t\t\t\t\t<div class=\"wpsm_panel-heading\" role=\"tab\" >\n\t\t\t\t\t\t  <h4 class=\"wpsm_panel-title\">\n\t\t\t\t\t\t\t<a  class=\"collapsed\"  data-toggle=\"collapse\" data-parent=\"#wpsm_accordion_3020 \" href=\"#ac_3020_collapse2\"  >\n\t\t\t\t\t\t\t\t\t\t\t\t\t\t\t\t\t<span class=\"ac_open_cl_icon fa fa-plus\"><\/span>\n\t\t\t\t\t\t\t\t\t\n\t\t\t\t\t\t\t\t \n\t\t\t\t\t\t\t\t<span class=\"ac_title_class\">\n\t\t\t\t\t\t\t\t\tTopic 2: Multi-scale mechanical characterization of materials\t\t\t\t\t\t\t\t<\/span>\n\t\t\t\t\t\t\t<\/a>\n\t\t\t\t\t\t  <\/h4>\n\t\t\t\t\t\t<\/div>\n\t\t\t\t\t\t<div id=\"ac_3020_collapse2\" class=\"wpsm_panel-collapse collapse\"  >\n\t\t\t\t\t\t  <div class=\"wpsm_panel-body\">\n\t\t\t\t\t\t\tThis topic is interested in all types of materials: massive homogeneous or heterogeneous materials, metallic, ceramic or polymers, coated or not. The main objective is the determination of their mechanical properties on local and global scales and the identification of their behavior laws in small and large deformations according to their properties. This theme is addressed with an emphasis on the relationship between modeling and experimentation. This is why, a first axis concerns the use of instrumented indentation for the mechanical characterization of materials. This approach makes it possible to consider a wide variety of properties and therefore to be interested in purely elastoplastic materials, such as metals and ceramics, or in polymeric materials for which the viscous aspect can be taken into account. With regard to polymer systems, an emphasis is under development and experimental verification of behavioral models and criteria of fatigue and rupture.\r\n\r\n<img loading=\"lazy\" decoding=\"async\" src=\"https:\/\/www.lgcge.fr\/wp-content\/uploads\/2020\/03\/ER1-Theme-2.jpg\" alt=\"\" width=\"482\" height=\"357\" class=\"wp-image-3023 aligncenter\" \/>\r\n\r\n<strong>Mechanical characterization by multiscale indentation<\/strong><div>\r\n\r\nIn general, we are interested in the mechanical characterization of materials, mainly by indentation, with a materials approach taking into account various parameters (multiphasic, heterogeneous, porous, coated ...) and an approach rather oriented towards the development of the technique of indentation. All measurement scales are covered, from nano to macro, different modes are used (classic, CSM and multi-cyclic) and different properties are studied.\nIn addition to the mechanical characterization of materials, we are interested in the development of instrumented indentation at different measurement scales for the determination of mechanical surface properties. It is mainly a question of hardness but also of the modulus of elasticity, the toughness and the mechanical properties of traction by inverse methods, the laws of behavior in creep and in relaxation. Our goal is to deepen our knowledge of the methodology, its contours and its limits for obtaining reliable and relevant properties. This is why we are studying a wide variety of materials in massive forms with different mechanical behaviors (<em>from metals to ceramics<\/em>), highly heterogeneous materials such as geomaterials (<em>concretes<\/em>), materials coated with thin films (&lt;10 \u03bcm) or thicker (some 100 \u03bcm), homogeneous or heterogeneous structures or materials with a gradient of surface properties obtained by mechanical or thermochemical treatments. This diversity of case studies has allowed us to make good progress on the knowledge of new materials. However, there are still scientific barrier to be overcome, such as the taking into account of experimental parameters (rigidity of the machine, tip defect ...), the effect of size in indentation, the modeling of the mechanical properties of coated or gradient materials and finally the search for relevant parameters to characterize highly heterogeneous materials such as those of civil engineering.\r\n\r\n<img loading=\"lazy\" decoding=\"async\" src=\"https:\/\/www.lgcge.fr\/wp-content\/uploads\/2020\/03\/ER1-Theme-2-suite.jpg\" alt=\"\" width=\"572\" height=\"392\" class=\"wp-image-3024 aligncenter\" \/>\t\t\t\t\t\t  <\/div>\n\t\t\t\t\t\t<\/div>\n\t\t\t\t\t<\/div>\n\t\t\t\t\t<!-- Inner panel End -->\n\t\t\t\t\t\n\t\t\t\t\t\t\t\t\n\t\t\t\t\t<!-- Inner panel Start -->\n\t\t\t\t\t<div class=\"wpsm_panel wpsm_panel-default\">\n\t\t\t\t\t\t<div class=\"wpsm_panel-heading\" role=\"tab\" >\n\t\t\t\t\t\t  <h4 class=\"wpsm_panel-title\">\n\t\t\t\t\t\t\t<a  class=\"collapsed\"  data-toggle=\"collapse\" data-parent=\"#wpsm_accordion_3020 \" href=\"#ac_3020_collapse3\"  >\n\t\t\t\t\t\t\t\t\t\t\t\t\t\t\t\t\t<span class=\"ac_open_cl_icon fa fa-plus\"><\/span>\n\t\t\t\t\t\t\t\t\t\n\t\t\t\t\t\t\t\t \n\t\t\t\t\t\t\t\t<span class=\"ac_title_class\">\n\t\t\t\t\t\t\t\t\tTopic 3: Large-scale modeling of soil-structure interactions\t\t\t\t\t\t\t\t<\/span>\n\t\t\t\t\t\t\t<\/a>\n\t\t\t\t\t\t  <\/h4>\n\t\t\t\t\t\t<\/div>\n\t\t\t\t\t\t<div id=\"ac_3020_collapse3\" class=\"wpsm_panel-collapse collapse\"  >\n\t\t\t\t\t\t  <div class=\"wpsm_panel-body\">\n\t\t\t\t\t\t\tThe problematic dealt with in this theme concerns the modeling and forecasting of the behavior of complex structures by taking into account different couplings (mechanical, thermal, hydraulic, soil-atmosphere, soil-structure), complex loads, such as seismic loading or movement of soil linked to excavations or deformations of thermal or water origin and complex geometries (3D, evolutionary or fractured environments ...).\r\n\r\n<div><strong>Originality and positioning<\/strong><div>\r\n\r\nThe originality of the work lies in the use of a global numerical approach integrating the different elements of complexity (3D geometry, non-linear behavior, different coupling of phenomena ...) to analyze the behavior of structures with different types of stresses, including the stresses imposed by the environment of the structure. Integrated modeling often leads to simpler models and\/or practical recommendations for the design, rehabilitation and or operation of the structure.\r\n\r\n<div><strong>Approach and actions undertaken<\/strong><div>\r\n\r\nThe approach is based on new digital developments, the integration of part of these developments in existing software or platforms, the validation of models on tests or observations and their applications to the analysis of the behavior of works under different types of stress.\r\n\r\n<img loading=\"lazy\" decoding=\"async\" src=\"https:\/\/www.lgcge.fr\/wp-content\/uploads\/2020\/03\/ER1-Theme-3.jpg\" alt=\"\" width=\"494\" height=\"322\" class=\"alignnone wp-image-3025 aligncenter\" \/>\t\t\t\t\t\t  <\/div>\n\t\t\t\t\t\t<\/div>\n\t\t\t\t\t<\/div>\n\t\t\t\t\t<!-- Inner panel End -->\n\t\t\t\t\t\n\t\t\t\t\t\t\t<\/div>","protected":false},"excerpt":{"rendered":"<p>Responsable de l&#8217;\u00e9quipe : Ali ZAOUI Les recherches de cette \u00e9quipe concernent le d\u00e9veloppement et l\u2019utilisation de la mod\u00e9lisation \u00e0 plusieurs \u00e9chelles dans l\u2019objectif d\u2019am\u00e9liorer la compr\u00e9hension du comportement des g\u00e9omat\u00e9riaux et des ouvrages en prenant en compte le caract\u00e8re multi-\u00e9chelle des probl\u00e8mes rencontr\u00e9s. Il s\u2019agit de mod\u00e9liser le comportement [&hellip;]<\/p>\n","protected":false},"author":15305,"featured_media":0,"parent":257,"menu_order":1,"comment_status":"closed","ping_status":"closed","template":"equipe-recherche.php","meta":{"_acf_changed":false,"_bbp_topic_count":0,"_bbp_reply_count":0,"_bbp_total_topic_count":0,"_bbp_total_reply_count":0,"_bbp_voice_count":0,"_bbp_anonymous_reply_count":0,"_bbp_topic_count_hidden":0,"_bbp_reply_count_hidden":0,"_bbp_forum_subforum_count":0,"footnotes":""},"class_list":["post-384","page","type-page","status-publish","hentry"],"acf":[],"_links":{"self":[{"href":"https:\/\/www.lgcge.fr\/en\/wp-json\/wp\/v2\/pages\/384","targetHints":{"allow":["GET"]}}],"collection":[{"href":"https:\/\/www.lgcge.fr\/en\/wp-json\/wp\/v2\/pages"}],"about":[{"href":"https:\/\/www.lgcge.fr\/en\/wp-json\/wp\/v2\/types\/page"}],"author":[{"embeddable":true,"href":"https:\/\/www.lgcge.fr\/en\/wp-json\/wp\/v2\/users\/15305"}],"replies":[{"embeddable":true,"href":"https:\/\/www.lgcge.fr\/en\/wp-json\/wp\/v2\/comments?post=384"}],"version-history":[{"count":28,"href":"https:\/\/www.lgcge.fr\/en\/wp-json\/wp\/v2\/pages\/384\/revisions"}],"predecessor-version":[{"id":5022,"href":"https:\/\/www.lgcge.fr\/en\/wp-json\/wp\/v2\/pages\/384\/revisions\/5022"}],"up":[{"embeddable":true,"href":"https:\/\/www.lgcge.fr\/en\/wp-json\/wp\/v2\/pages\/257"}],"wp:attachment":[{"href":"https:\/\/www.lgcge.fr\/en\/wp-json\/wp\/v2\/media?parent=384"}],"curies":[{"name":"wp","href":"https:\/\/api.w.org\/{rel}","templated":true}]}}