{"id":389,"date":"2018-02-05T17:39:40","date_gmt":"2018-02-05T16:39:40","guid":{"rendered":"https:\/\/www.lgcge.fr\/?page_id=389"},"modified":"2024-05-13T11:13:20","modified_gmt":"2024-05-13T09:13:20","slug":"er3","status":"publish","type":"page","link":"https:\/\/www.lgcge.fr\/en\/recherches\/equipes-de-recherche\/er3\/","title":{"rendered":"Research Team 3 (ER3) \u2013 Concrete &amp; Composite Materials"},"content":{"rendered":"<h4 style=\"text-align: right;\">Responsible : <strong><a href=\"https:\/\/www.lgcge.fr\/en\/membre\/chafika.dantec\/\">Chafika DJELAL-DANTEC<\/a><\/strong><\/h4>\n<blockquote><p>The research of this team concerns the development and use of experimental and digital tools for the formulation and characterization of materials. The work is based on a strong multidisciplinarity and mainly concerns the materials science of civil engineering.<\/p><\/blockquote>\n<p>The fields of competence relate to:<\/p>\n<ul>\n<li>The development and characterization of new materials based on industrial by-products.<\/li>\n<li>The development of tools for the characterization of materials in situ.<\/li>\n<li>Helping to understand the behavior of concrete during its implementation on site (formwork, foundation concrete).<\/li>\n<li>The development of new methods for reinforcing concrete or masonry structures.<\/li>\n<li>Aging and durability of structures.<\/li>\n<\/ul>\n<p>The team is very involved in industrial research. It has developed partnerships with major industrial groups. The team has acquired skills in the field of repair using composite materials from end-of-life structures. These works were carried out within the framework of partnerships with industrialists or internationals concerning the coupling of a repair method with the laser shock technique, the development of a process for the repair of sanitation works, as well as the development of a process for strengthening port walls.<\/p>\n<p>The works are classified into three topics :<\/p>\n<ul>\n<li>Th\u00e8me 1 : Tribologie et Rh\u00e9ologie des b\u00e9tons<\/li>\n<li>Th\u00e8me 2 : Valorisation des sous-produits industriels et mat\u00e9riaux biosourc\u00e9s pour l&#8217;habitat<\/li>\n<li>Th\u00e8me 3 : Vieillissement et durabilit\u00e9 des structures<\/li>\n<\/ul>","protected":false},"excerpt":{"rendered":"<p>Responsable de l&#8217;\u00e9quipe : Chafika DJELAL-DANTEC Les recherches de cette \u00e9quipe concernent le d\u00e9veloppement et l&#8217;utilisation d&#8217;outils exp\u00e9rimentaux et num\u00e9riques pour la formulation et la caract\u00e9risation des mat\u00e9riaux. Les travaux reposent sur une forte pluridisciplinarit\u00e9 et concernent principalement les sciences des mat\u00e9riaux du g\u00e9nie civil. Les champs de comp\u00e9tences portent [&hellip;]<\/p>\n","protected":false},"author":15305,"featured_media":0,"parent":257,"menu_order":3,"comment_status":"closed","ping_status":"closed","template":"equipe-recherche.php","meta":{"_acf_changed":false,"_bbp_topic_count":0,"_bbp_reply_count":0,"_bbp_total_topic_count":0,"_bbp_total_reply_count":0,"_bbp_voice_count":0,"_bbp_anonymous_reply_count":0,"_bbp_topic_count_hidden":0,"_bbp_reply_count_hidden":0,"_bbp_forum_subforum_count":0,"footnotes":""},"class_list":["post-389","page","type-page","status-publish","hentry"],"acf":[],"_links":{"self":[{"href":"https:\/\/www.lgcge.fr\/en\/wp-json\/wp\/v2\/pages\/389","targetHints":{"allow":["GET"]}}],"collection":[{"href":"https:\/\/www.lgcge.fr\/en\/wp-json\/wp\/v2\/pages"}],"about":[{"href":"https:\/\/www.lgcge.fr\/en\/wp-json\/wp\/v2\/types\/page"}],"author":[{"embeddable":true,"href":"https:\/\/www.lgcge.fr\/en\/wp-json\/wp\/v2\/users\/15305"}],"replies":[{"embeddable":true,"href":"https:\/\/www.lgcge.fr\/en\/wp-json\/wp\/v2\/comments?post=389"}],"version-history":[{"count":15,"href":"https:\/\/www.lgcge.fr\/en\/wp-json\/wp\/v2\/pages\/389\/revisions"}],"predecessor-version":[{"id":6885,"href":"https:\/\/www.lgcge.fr\/en\/wp-json\/wp\/v2\/pages\/389\/revisions\/6885"}],"up":[{"embeddable":true,"href":"https:\/\/www.lgcge.fr\/en\/wp-json\/wp\/v2\/pages\/257"}],"wp:attachment":[{"href":"https:\/\/www.lgcge.fr\/en\/wp-json\/wp\/v2\/media?parent=389"}],"curies":[{"name":"wp","href":"https:\/\/api.w.org\/{rel}","templated":true}]}}