{"id":391,"date":"2018-02-05T17:40:33","date_gmt":"2018-02-05T16:40:33","guid":{"rendered":"https:\/\/www.lgcge.fr\/?page_id=391"},"modified":"2025-03-17T10:56:58","modified_gmt":"2025-03-17T09:56:58","slug":"er4","status":"publish","type":"page","link":"https:\/\/www.lgcge.fr\/en\/recherches\/equipes-de-recherche\/er4\/","title":{"rendered":"Research Team 4 (ER4) \u2013 Functionality of anthropized systems"},"content":{"rendered":"<h4 style=\"text-align: right;\">Responsibles : <a href=\"https:\/\/www.lgcge.fr\/en\/membre\/christophe.waterlot\/\"><strong>Christophe WATERLOT<\/strong><\/a> and <strong><a href=\"https:\/\/www.lgcge.fr\/en\/membre\/annabelle.deram\/\">Annabelle DERAM<\/a><\/strong><\/h4>\n<blockquote><p>Anthropogenic and degraded ecosystems are characterized by contamination events, which can be historical, complex and in very close proximity to the human population. In these contexts, it is necessary to have a large range of complementary approaches to improve knowledge about contamination and the fate of pollutants and their dispersion in ecosystems. The aim is to improve the functionality of degraded environments and to prevent and reduce environmental and health risks. This work responds to recent and important societal expectations, as well as to economic issues in urban, agricultural and forest environments.<\/p><\/blockquote>\n<p>To meet these scientific and societal challenges, the research of ER 4 focuses on diagnosing and assessing the state of ecosystems, defining new indicators of exposure and\/or effects of pollutants, managing biodiversity, and ecological engineering. The problem also requires the development of a multi-scale approach, from the molecular to the landscape level, and is based on experiments in microcosms, mesocosms, and in situ. <strong>approche multi-\u00e9chelle<\/strong>, du <strong>mol\u00e9culaire au paysage<\/strong> et s\u2019appuie sur des <strong>exp\u00e9rimentations en microcosmes, en m\u00e9socosmes, en sites ateliers et <em>in situ<\/em><\/strong>.<\/p>\n<p><strong><em>The team's fields of expertise are varied and complementary :<\/em><\/strong><\/p>\n<ul>\n<li>characterization and analysis of soils and sediments in agricultural, urban and forest environments,<\/li>\n<li>taxonomic and functional characterization of soil fungal, floristic and faunistic communities (meso and macrofauna),<\/li>\n<li>measurement of biological activities in soils and of biomarkers of toxicity (macrofauna and plants),<\/li>\n<li>assessment of the impregnation of vegetation (natural and cultivated) and soil fauna by pollutants (inorganic and organic pollutants),<\/li>\n<li>determination of functional traits,<\/li>\n<li>plant and fungal biomonitoring of air quality,<\/li>\n<li>assessment of population exposure in relation to the ingestion and inhalation of contaminated soil particles and dust, consumption of foodstuffs produced on polluted sites,<\/li>\n<li>the study of territorial health, social and environmental inequalities through statistical and geostatistical analyses.<\/li>\n<\/ul>\n<p><strong><em>The research of the ER4 are structured around 4 main topics : <\/em><\/strong><\/p>\n\t\t\t\t\t\t<style>\n\t\t\t\t#wpsm_accordion_1625 .wpsm_panel-heading{\n\tpadding:0px !important;\n}\n#wpsm_accordion_1625 .wpsm_panel-title {\n\tmargin:0px !important; \n\ttext-transform:none !important;\n\tline-height: 1 !important;\n}\n#wpsm_accordion_1625 .wpsm_panel-title a{\n\ttext-decoration:none;\n\toverflow:hidden;\n\tdisplay:block;\n\tpadding:0px;\n\tfont-family: myriad-pro-condensed, sans-serif!important;\n\tcolor:#82c341 !important;\n\tborder-bottom:0px !important;\n}\n#wpsm_accordion_1625 .wpsm_panel-title a span{\n\tfont-size: 14px !important;\n}\n\n#wpsm_accordion_1625 .wpsm_panel-title a:focus {\noutline: 0px !important;\n}\n\n#wpsm_accordion_1625 .wpsm_panel-title a:hover, #wpsm_accordion_1625 .wpsm_panel-title a:focus {\n\tcolor:#82c341 !important;\n}\n#wpsm_accordion_1625 .acc-a{\n\tcolor: #82c341 !important;\n\tbackground-color:#ffffff !important;\n\tborder-color: #ddd;\n}\n#wpsm_accordion_1625 .wpsm_panel-default > .wpsm_panel-heading{\n\tcolor: #82c341 !important;\n\tbackground-color: #ffffff !important;\n\tborder-color: #ffffff !important;\n\tborder-top-left-radius: 0px;\n\tborder-top-right-radius: 0px;\n}\n#wpsm_accordion_1625 .wpsm_panel-default {\n\t\tborder:1px solid transparent !important;\n\t}\n#wpsm_accordion_1625 {\n\tmargin-bottom: 20px;\n\toverflow: hidden;\n\tfloat: none;\n\twidth: 100%;\n\tdisplay: block;\n}\n#wpsm_accordion_1625 .ac_title_class{\n\tdisplay: block;\n\tpadding-top: 12px;\n\tpadding-bottom: 12px;\n\tpadding-left: 15px;\n\tpadding-right: 15px;\n}\n#wpsm_accordion_1625  .wpsm_panel {\n\toverflow:hidden;\n\t-webkit-box-shadow: 0 0px 0px rgba(0, 0, 0, .05);\n\tbox-shadow: 0 0px 0px rgba(0, 0, 0, .05);\n\t\tborder-radius: 0px;\n\t}\n#wpsm_accordion_1625  .wpsm_panel + .wpsm_panel {\n\t\tmargin-top: 5px;\n\t}\n#wpsm_accordion_1625  .wpsm_panel-body{\n\tbackground-color:#ffffff !important;\n\tcolor:#000000 !important;\n\tborder-top-color: #ffffff !important;\n\tfont-size:14px !important;\n\tfont-family: myriad-pro-condensed, sans-serif!important;\n\toverflow: hidden;\n\t\tborder: 2px solid transparent !important;\n\t}\n\n#wpsm_accordion_1625 .ac_open_cl_icon{\n\tbackground-color:#ffffff !important;\n\tcolor: #82c341 !important;\n\tfloat:left !important;\n\tpadding-top: 12px !important;\n\tpadding-bottom: 12px !important;\n\tline-height: 1.0 !important;\n\tpadding-left: 15px !important;\n\tpadding-right: 15px !important;\n\tdisplay: inline-block !important;\n}\n\n\t\t\t\n\t\t\t\t\n\n\t\n\t\t\t<\/style>\n\t\t\t<div class=\"wpsm_panel-group\" id=\"wpsm_accordion_1625\" >\n\t\t\t\t\t\t\t\t\n\t\t\t\t\t<!-- Inner panel Start -->\n\t\t\t\t\t<div class=\"wpsm_panel wpsm_panel-default\">\n\t\t\t\t\t\t<div class=\"wpsm_panel-heading\" role=\"tab\" >\n\t\t\t\t\t\t  <h4 class=\"wpsm_panel-title\">\n\t\t\t\t\t\t\t<a  class=\"\"  data-toggle=\"collapse\" data-parent=\"#wpsm_accordion_1625 \" href=\"#ac_1625_collapse1\"  >\n\t\t\t\t\t\t\t\t\t\t\t\t\t\t\t\t\t<span class=\"ac_open_cl_icon fa fa-plus\"><\/span>\n\t\t\t\t\t\t\t\t\t\n\t\t\t\t\t\t\t\t \n\t\t\t\t\t\t\t\t<span class=\"ac_title_class\">\n\t\t\t\t\t\t\t\t\tTopic 1 : Diagnosis and assessment of the state of functionality of disturbed ecosystems\t\t\t\t\t\t\t\t<\/span>\n\t\t\t\t\t\t\t<\/a>\n\t\t\t\t\t\t  <\/h4>\n\t\t\t\t\t\t<\/div>\n\t\t\t\t\t\t<div id=\"ac_1625_collapse1\" class=\"wpsm_panel-collapse collapse\"  >\n\t\t\t\t\t\t  <div class=\"wpsm_panel-body\">\n\t\t\t\t\t\t\tThis topic aims to assess the functioning of degraded terrestrial ecosystems at different scales of observation. The approach is based on :\r\n<ul>\r\n \t<li>monitoring and bioindication of ecosystems, taking into account their degree of contamination, changes in territories and their uses, and climate change,<\/li>\r\n \t<li>characterisation of the interactions between various compartments of biodiversity,<\/li>\r\n \t<li>the definition of environmental quality indices, in interaction with natural environment managers and relevant organizations,<\/li>\r\n \t<li>a contribution to establishing links between the toxic effects observed on soil organisms, via biomarkers, and those observed on populations and ecosystems (functional and biofunctional indices).<\/li>\r\n<\/ul>\r\nOne aim is to provide information on the functioning of ecosystems and their evolution through the cross-analysis of data from the characterization of environments (soil, air, water, pedo-fauna, plants, fungi) and their uses. The approach is primarily based on the use of tools such as geomatics, statistical analysis, bioinformatics and modelling.\t\t\t\t\t\t  <\/div>\n\t\t\t\t\t\t<\/div>\n\t\t\t\t\t<\/div>\n\t\t\t\t\t<!-- Inner panel End -->\n\t\t\t\t\t\n\t\t\t\t\t\t\t\t\n\t\t\t\t\t<!-- Inner panel Start -->\n\t\t\t\t\t<div class=\"wpsm_panel wpsm_panel-default\">\n\t\t\t\t\t\t<div class=\"wpsm_panel-heading\" role=\"tab\" >\n\t\t\t\t\t\t  <h4 class=\"wpsm_panel-title\">\n\t\t\t\t\t\t\t<a  class=\"collapsed\"  data-toggle=\"collapse\" data-parent=\"#wpsm_accordion_1625 \" href=\"#ac_1625_collapse2\"  >\n\t\t\t\t\t\t\t\t\t\t\t\t\t\t\t\t\t<span class=\"ac_open_cl_icon fa fa-plus\"><\/span>\n\t\t\t\t\t\t\t\t\t\n\t\t\t\t\t\t\t\t \n\t\t\t\t\t\t\t\t<span class=\"ac_title_class\">\n\t\t\t\t\t\t\t\t\tTopic 2 : Study of the behaviour and fate of pollutants in disturbed ecosystems\t\t\t\t\t\t\t\t<\/span>\n\t\t\t\t\t\t\t<\/a>\n\t\t\t\t\t\t  <\/h4>\n\t\t\t\t\t\t<\/div>\n\t\t\t\t\t\t<div id=\"ac_1625_collapse2\" class=\"wpsm_panel-collapse collapse\"  >\n\t\t\t\t\t\t  <div class=\"wpsm_panel-body\">\n\t\t\t\t\t\t\tThis research focuses on the study of the behaviour of pollutants in soils by considering physico-chemical and biological parameters and the nature and degree of evolution of organic matter. It also aims to develop a mechanistic approach to the interactions between mixed pollutants and plant and animal organisms, through the joint observation of the bioavailability of pollutants and the functioning of organisms (toxicology, life traits). \nRegarding the rise of multiple contaminants, it is necessary to amplify the study of emerging pollutant transfer (nanoparticles), to develop that of organic pollutants (pesticides, particularly in urban soils) and to integrate new concerns (such as micro-plastics).\t\t\t\t\t\t  <\/div>\n\t\t\t\t\t\t<\/div>\n\t\t\t\t\t<\/div>\n\t\t\t\t\t<!-- Inner panel End -->\n\t\t\t\t\t\n\t\t\t\t\t\t\t\t\n\t\t\t\t\t<!-- Inner panel Start -->\n\t\t\t\t\t<div class=\"wpsm_panel wpsm_panel-default\">\n\t\t\t\t\t\t<div class=\"wpsm_panel-heading\" role=\"tab\" >\n\t\t\t\t\t\t  <h4 class=\"wpsm_panel-title\">\n\t\t\t\t\t\t\t<a  class=\"collapsed\"  data-toggle=\"collapse\" data-parent=\"#wpsm_accordion_1625 \" href=\"#ac_1625_collapse3\"  >\n\t\t\t\t\t\t\t\t\t\t\t\t\t\t\t\t\t<span class=\"ac_open_cl_icon fa fa-plus\"><\/span>\n\t\t\t\t\t\t\t\t\t\n\t\t\t\t\t\t\t\t \n\t\t\t\t\t\t\t\t<span class=\"ac_title_class\">\n\t\t\t\t\t\t\t\t\tTopic 3 : Development of molecular tools\t\t\t\t\t\t\t\t<\/span>\n\t\t\t\t\t\t\t<\/a>\n\t\t\t\t\t\t  <\/h4>\n\t\t\t\t\t\t<\/div>\n\t\t\t\t\t\t<div id=\"ac_1625_collapse3\" class=\"wpsm_panel-collapse collapse\"  >\n\t\t\t\t\t\t  <div class=\"wpsm_panel-body\">\n\t\t\t\t\t\t\tIn addition to traditional taxonomic tools, this research aims to develop, using molecular tools, the capacity to identify soil organisms (fauna and fungi). The approach also defines the relationships between the responses of biomarkers and life traits while at the same time considering the variability in the expression of biomarkers or batteries of biomarkers in model organisms. The development of diagnostic tools, ecotoxicological monitoring, assessment and characterization of biodiversity should make it possible to establish recommendations in terms of the diagnosis and management of disturbed ecosystems.\t\t\t\t\t\t  <\/div>\n\t\t\t\t\t\t<\/div>\n\t\t\t\t\t<\/div>\n\t\t\t\t\t<!-- Inner panel End -->\n\t\t\t\t\t\n\t\t\t\t\t\t\t\t\n\t\t\t\t\t<!-- Inner panel Start -->\n\t\t\t\t\t<div class=\"wpsm_panel wpsm_panel-default\">\n\t\t\t\t\t\t<div class=\"wpsm_panel-heading\" role=\"tab\" >\n\t\t\t\t\t\t  <h4 class=\"wpsm_panel-title\">\n\t\t\t\t\t\t\t<a  class=\"collapsed\"  data-toggle=\"collapse\" data-parent=\"#wpsm_accordion_1625 \" href=\"#ac_1625_collapse4\"  >\n\t\t\t\t\t\t\t\t\t\t\t\t\t\t\t\t\t<span class=\"ac_open_cl_icon fa fa-plus\"><\/span>\n\t\t\t\t\t\t\t\t\t\n\t\t\t\t\t\t\t\t \n\t\t\t\t\t\t\t\t<span class=\"ac_title_class\">\n\t\t\t\t\t\t\t\t\tTopic 4 : Assessment of population exposure and territorial inequalities in terms of health\/environment\t\t\t\t\t\t\t\t<\/span>\n\t\t\t\t\t\t\t<\/a>\n\t\t\t\t\t\t  <\/h4>\n\t\t\t\t\t\t<\/div>\n\t\t\t\t\t\t<div id=\"ac_1625_collapse4\" class=\"wpsm_panel-collapse collapse\"  >\n\t\t\t\t\t\t  <div class=\"wpsm_panel-body\">\n\t\t\t\t\t\t\tThe first challenge is to identify and understand the mechanisms of the transfer of pollutants to humans, in order to develop realistic methods for measuring their bioaccessibility and to specify the exposure routes. This work uses statistical and geostatistical tools to analyze the links between health and the environment at the territorial level, based on the development of aggregate, composite or integrated indices. When confronted with socio-economic indicators, the linking of environment-health data can highlight territorial inequalities and propose decision support tools for managers.\t\t\t\t\t\t  <\/div>\n\t\t\t\t\t\t<\/div>\n\t\t\t\t\t<\/div>\n\t\t\t\t\t<!-- Inner panel End -->\n\t\t\t\t\t\n\t\t\t\t\t\t\t<\/div>","protected":false},"excerpt":{"rendered":"<p>Responsables de l&#8217;\u00e9quipe : Christophe WATERLOT et Annabelle DERAM Les \u00e9cosyst\u00e8mes anthropis\u00e9s et d\u00e9grad\u00e9s se caract\u00e9risent notamment par des contaminations qui peuvent \u00eatre historiques, complexes et \u00e0 tr\u00e8s grande proximit\u00e9 de la population. Dans ces contextes, il est n\u00e9cessaire de disposer d\u2019un panel d\u2019approches compl\u00e9mentaires afin d\u2019am\u00e9liorer les connaissances sur [&hellip;]<\/p>\n","protected":false},"author":15305,"featured_media":0,"parent":257,"menu_order":4,"comment_status":"closed","ping_status":"closed","template":"equipe-recherche.php","meta":{"_acf_changed":false,"_bbp_topic_count":0,"_bbp_reply_count":0,"_bbp_total_topic_count":0,"_bbp_total_reply_count":0,"_bbp_voice_count":0,"_bbp_anonymous_reply_count":0,"_bbp_topic_count_hidden":0,"_bbp_reply_count_hidden":0,"_bbp_forum_subforum_count":0,"footnotes":""},"class_list":["post-391","page","type-page","status-publish","hentry"],"acf":[],"_links":{"self":[{"href":"https:\/\/www.lgcge.fr\/en\/wp-json\/wp\/v2\/pages\/391","targetHints":{"allow":["GET"]}}],"collection":[{"href":"https:\/\/www.lgcge.fr\/en\/wp-json\/wp\/v2\/pages"}],"about":[{"href":"https:\/\/www.lgcge.fr\/en\/wp-json\/wp\/v2\/types\/page"}],"author":[{"embeddable":true,"href":"https:\/\/www.lgcge.fr\/en\/wp-json\/wp\/v2\/users\/15305"}],"replies":[{"embeddable":true,"href":"https:\/\/www.lgcge.fr\/en\/wp-json\/wp\/v2\/comments?post=391"}],"version-history":[{"count":24,"href":"https:\/\/www.lgcge.fr\/en\/wp-json\/wp\/v2\/pages\/391\/revisions"}],"predecessor-version":[{"id":7209,"href":"https:\/\/www.lgcge.fr\/en\/wp-json\/wp\/v2\/pages\/391\/revisions\/7209"}],"up":[{"embeddable":true,"href":"https:\/\/www.lgcge.fr\/en\/wp-json\/wp\/v2\/pages\/257"}],"wp:attachment":[{"href":"https:\/\/www.lgcge.fr\/en\/wp-json\/wp\/v2\/media?parent=391"}],"curies":[{"name":"wp","href":"https:\/\/api.w.org\/{rel}","templated":true}]}}