{"id":3932,"date":"2020-10-13T11:37:40","date_gmt":"2020-10-13T09:37:40","guid":{"rendered":"https:\/\/www.lgcge.fr\/?page_id=3932"},"modified":"2022-05-10T10:51:54","modified_gmt":"2022-05-10T08:51:54","slug":"projet-abiobat","status":"publish","type":"page","link":"https:\/\/www.lgcge.fr\/en\/recherches\/projets-et-collaborations\/contrats-er2\/projet-abiobat\/","title":{"rendered":"ABIOBAT project \u2013 Biosourced admixture for insulating foam in the building industry"},"content":{"rendered":"<p><\/p>\n\n\n\n<figure class=\"wp-block-table\"><table><tbody><tr><td>Type of project :<\/td><td>Hauts de France region call for projects STIMULE<\/td><\/tr><tr><td>Dates :<\/td><td>01\/12\/2020 &#8211; 30\/06\/2023<\/td><\/tr><tr><td>Research team concerned :<\/td><td><a href=\"https:\/\/www.lgcge.fr\/en\/recherches\/equipes-de-recherche\/er2\/\" target=\"_blank\" rel=\"noreferrer noopener\">ER2<\/a><\/td><\/tr><tr><td>Project manager :<\/td><td><a href=\"https:\/\/www.lgcge.fr\/en\/membre\/vincent.dubois\/\">Vincent DUBOIS<\/a><\/td><\/tr><tr><td>Centers concerned :<\/td><td>University of Artois<\/td><\/tr><tr><td>Partners :<\/td><td>Unit\u00e9 Transformations &amp; Agroressources, ULR 7519, Universit\u00e9 d\u2019Artois, Equipe VAM2IN Valorisation des Agro-ressources en Mol\u00e9cules et Mat\u00e9riaux Innovants<br>Unit\u00e9 G\u00e9nie Enzymatique et Cellulaire, UMR-CNRS 7025, Universit\u00e9 de Picardie Jules Verne<br>Laboratoire de la Barri\u00e8re H\u00e9mato-Enc\u00e9phalique, ULR 2465, Universit\u00e9 d\u2019Artois<br>Roquette Fr\u00e8res, Lestrem<br>CODEM, Amiens<\/td><\/tr><\/tbody><\/table><\/figure>\n\n\n\n<h3 class=\"wp-block-heading\"><strong>Project description<\/strong><\/h3>\n\n\n\n<p>In the field of construction, the 2020 environmental regulations are based on E+ C- criteria to promote the construction of buildings that consume little or no energy with a low environmental impact, from the production of raw materials to demolition. The use of local resources from biomass is a response and would boost the local economic fabric, by promoting the development and structuring of eco-industries in the territories. In this context, the Civil Engineering and Geo-Environment Laboratory has developed an insulating foam made from flax shives. The porosity of the foam, which gives it its thermophysical properties, is achieved by a petro-based foaming agent. The amount of water incorporated during the production of the foam must be sufficient to promote foaming.<\/p>\n\n\n\n<div class=\"wp-block-columns is-layout-flex wp-container-core-columns-is-layout-28f84493 wp-block-columns-is-layout-flex\">\n<div class=\"wp-block-column is-layout-flow wp-block-column-is-layout-flow\">\n<figure class=\"wp-block-image size-large\"><img loading=\"lazy\" decoding=\"async\" width=\"1024\" height=\"768\" src=\"https:\/\/www.lgcge.fr\/wp-content\/uploads\/2020\/10\/mousse-anas-lin-web-1024x768.jpg\" alt=\"\" class=\"wp-image-3958\" srcset=\"https:\/\/www.lgcge.fr\/wp-content\/uploads\/2020\/10\/mousse-anas-lin-web-1024x768.jpg 1024w, https:\/\/www.lgcge.fr\/wp-content\/uploads\/2020\/10\/mousse-anas-lin-web-300x225.jpg 300w, https:\/\/www.lgcge.fr\/wp-content\/uploads\/2020\/10\/mousse-anas-lin-web-768x576.jpg 768w, https:\/\/www.lgcge.fr\/wp-content\/uploads\/2020\/10\/mousse-anas-lin-web-1536x1152.jpg 1536w, https:\/\/www.lgcge.fr\/wp-content\/uploads\/2020\/10\/mousse-anas-lin-web-2048x1536.jpg 2048w, https:\/\/www.lgcge.fr\/wp-content\/uploads\/2020\/10\/mousse-anas-lin-web-16x12.jpg 16w, https:\/\/www.lgcge.fr\/wp-content\/uploads\/2020\/10\/mousse-anas-lin-web-1320x990.jpg 1320w\" sizes=\"auto, (max-width: 1024px) 100vw, 1024px\" \/><figcaption><em><center>Insulating foam made from flax shives <\/center><\/em><\/figcaption><\/figure>\n<\/div>\n\n\n\n<div class=\"wp-block-column is-layout-flow wp-block-column-is-layout-flow\">\n<figure class=\"wp-block-image size-large\"><img loading=\"lazy\" decoding=\"async\" width=\"1024\" height=\"768\" src=\"https:\/\/www.lgcge.fr\/wp-content\/uploads\/2020\/10\/mousse-echelle-macroscopique-web-1024x768.jpg\" alt=\"\" class=\"wp-image-3967\" srcset=\"https:\/\/www.lgcge.fr\/wp-content\/uploads\/2020\/10\/mousse-echelle-macroscopique-web-1024x768.jpg 1024w, https:\/\/www.lgcge.fr\/wp-content\/uploads\/2020\/10\/mousse-echelle-macroscopique-web-300x225.jpg 300w, https:\/\/www.lgcge.fr\/wp-content\/uploads\/2020\/10\/mousse-echelle-macroscopique-web-768x576.jpg 768w, https:\/\/www.lgcge.fr\/wp-content\/uploads\/2020\/10\/mousse-echelle-macroscopique-web-1536x1153.jpg 1536w, https:\/\/www.lgcge.fr\/wp-content\/uploads\/2020\/10\/mousse-echelle-macroscopique-web-2048x1537.jpg 2048w, https:\/\/www.lgcge.fr\/wp-content\/uploads\/2020\/10\/mousse-echelle-macroscopique-web-16x12.jpg 16w, https:\/\/www.lgcge.fr\/wp-content\/uploads\/2020\/10\/mousse-echelle-macroscopique-web-1320x990.jpg 1320w\" sizes=\"auto, (max-width: 1024px) 100vw, 1024px\" \/><figcaption><em><center>Macroscale Moss<\/center><\/em><\/figcaption><\/figure>\n<\/div>\n<\/div>\n\n\n\n<p>The objective of the project is to replace the petro-based foaming agent and reduce the amount of water entering the composition of the foam by developing a high water reducing foaming agent (HRAM). This AMHRE will be developed by UTA using co-products from the food industry and will have to meet the performance needs of the foam. Roquette will make some of its products available to study their suitability with the target foam. Key admixture properties influencing foam behavior will be identified. Threshold values \u200b\u200bwill be defined to obtain the best performance of the foam in the fresh state (rheological properties) and after stiffening (thermo-acoustic performance, durability). The synthesis process will be optimized to promote production with low environmental impact. The harmlessness of the adjuvant vis-\u00e0-vis the people producing or using the product as well as the non-proliferation of fungi on the scale of the foam during the life of the building will be studied by the GEC and the LBHE.<\/p>\n\n\n\n<h3 class=\"wp-block-heading\"><strong>Scientific contributions from the laboratory<\/strong><\/h3>\n\n\n\n<p>The Civil Engineering and Geo-Environment Laboratory (LGCgE) of the University of Artois, project leader, will be in charge of the coordination between partners, the administrative follow-up as well as the foam formulation studies and the physical and mechanical characterization , thermal, acoustic of the formulas developed in order to validate or invalidate the biosourced adjuvants developed by UTA. The objective is thus to develop a foam with low environmental impact and high multi-physical performance.<\/p>\n\n\n\n<figure class=\"wp-block-image size-large\"><img loading=\"lazy\" decoding=\"async\" width=\"1024\" height=\"205\" src=\"https:\/\/www.lgcge.fr\/wp-content\/uploads\/2020\/10\/bandeau-partenaires-abiobat-1024x205.jpg\" alt=\"\" class=\"wp-image-3961\" srcset=\"https:\/\/www.lgcge.fr\/wp-content\/uploads\/2020\/10\/bandeau-partenaires-abiobat-1024x205.jpg 1024w, https:\/\/www.lgcge.fr\/wp-content\/uploads\/2020\/10\/bandeau-partenaires-abiobat-300x60.jpg 300w, https:\/\/www.lgcge.fr\/wp-content\/uploads\/2020\/10\/bandeau-partenaires-abiobat-768x154.jpg 768w, https:\/\/www.lgcge.fr\/wp-content\/uploads\/2020\/10\/bandeau-partenaires-abiobat-1536x307.jpg 1536w, https:\/\/www.lgcge.fr\/wp-content\/uploads\/2020\/10\/bandeau-partenaires-abiobat-2048x410.jpg 2048w, https:\/\/www.lgcge.fr\/wp-content\/uploads\/2020\/10\/bandeau-partenaires-abiobat-16x3.jpg 16w, https:\/\/www.lgcge.fr\/wp-content\/uploads\/2020\/10\/bandeau-partenaires-abiobat-1320x264.jpg 1320w\" sizes=\"auto, (max-width: 1024px) 100vw, 1024px\" \/><\/figure>","protected":false},"excerpt":{"rendered":"<p>Type de projet : R\u00e9gion Hauts de France appel \u00e0 projet STIMULE Dates : 01\/12\/2020 &#8211; 30\/06\/2023 Equipe de recherche concern\u00e9e : ER2 Responsable du projet : Vincent DUBOIS Centres concern\u00e9s : Universit\u00e9 d&#8217;Artois Partenaires : Unit\u00e9 Transformations &amp; Agroressources, ULR 7519, Universit\u00e9 d\u2019Artois, Equipe VAM2IN Valorisation des Agro-ressources en [&hellip;]<\/p>\n","protected":false},"author":15305,"featured_media":0,"parent":2965,"menu_order":0,"comment_status":"closed","ping_status":"closed","template":"","meta":{"_acf_changed":false,"_bbp_topic_count":0,"_bbp_reply_count":0,"_bbp_total_topic_count":0,"_bbp_total_reply_count":0,"_bbp_voice_count":0,"_bbp_anonymous_reply_count":0,"_bbp_topic_count_hidden":0,"_bbp_reply_count_hidden":0,"_bbp_forum_subforum_count":0,"footnotes":""},"class_list":["post-3932","page","type-page","status-publish","hentry"],"acf":[],"_links":{"self":[{"href":"https:\/\/www.lgcge.fr\/en\/wp-json\/wp\/v2\/pages\/3932","targetHints":{"allow":["GET"]}}],"collection":[{"href":"https:\/\/www.lgcge.fr\/en\/wp-json\/wp\/v2\/pages"}],"about":[{"href":"https:\/\/www.lgcge.fr\/en\/wp-json\/wp\/v2\/types\/page"}],"author":[{"embeddable":true,"href":"https:\/\/www.lgcge.fr\/en\/wp-json\/wp\/v2\/users\/15305"}],"replies":[{"embeddable":true,"href":"https:\/\/www.lgcge.fr\/en\/wp-json\/wp\/v2\/comments?post=3932"}],"version-history":[{"count":15,"href":"https:\/\/www.lgcge.fr\/en\/wp-json\/wp\/v2\/pages\/3932\/revisions"}],"predecessor-version":[{"id":5232,"href":"https:\/\/www.lgcge.fr\/en\/wp-json\/wp\/v2\/pages\/3932\/revisions\/5232"}],"up":[{"embeddable":true,"href":"https:\/\/www.lgcge.fr\/en\/wp-json\/wp\/v2\/pages\/2965"}],"wp:attachment":[{"href":"https:\/\/www.lgcge.fr\/en\/wp-json\/wp\/v2\/media?parent=3932"}],"curies":[{"name":"wp","href":"https:\/\/api.w.org\/{rel}","templated":true}]}}