{"id":474,"date":"2018-02-07T11:42:15","date_gmt":"2018-02-07T10:42:15","guid":{"rendered":"https:\/\/www.lgcge.fr\/?page_id=474"},"modified":"2020-06-11T11:24:55","modified_gmt":"2020-06-11T09:24:55","slug":"projet-teste","status":"publish","type":"page","link":"https:\/\/www.lgcge.fr\/en\/recherches\/projets-et-collaborations\/contrats-er5\/projet-teste\/","title":{"rendered":"Projet TESTE &#8211; Textile \u00e0 capacit\u00e9 de stockage d&#8217;\u00e9nergie am\u00e9lior\u00e9e pour le b\u00e2timent"},"content":{"rendered":"<p>&nbsp;<\/p>\n<table style=\"width: 100%; height: 391px; border-width: 1px; border-color: #000000;\">\n<tbody>\n<tr>\n<td>Type of project :<\/td>\n<td>R\u00e9gion &#8211; Actions d&#8217;Initiatives R\u00e9gionales pour la Recherche (AIRR), volet &#8220;Start-AIRR&#8221;<\/td>\n<\/tr>\n<tr>\n<td>Dates :<\/td>\n<td>D\u00e9cembre 2016 &#8211; Janvier 2018<\/td>\n<\/tr>\n<tr>\n<td>Research team concerned :<\/td>\n<td><a href=\"https:\/\/www.lgcge.fr\/en\/recherches\/equipes-de-recherche\/er5\/\">ER 5<\/a><\/td>\n<\/tr>\n<tr>\n<td>Project manager :<\/td>\n<td><a href=\"https:\/\/www.lgcge.fr\/en\/membre\/laurent-zalewski\/\">Laurent Zalewski<\/a><\/td>\n<\/tr>\n<tr>\n<td>Centers concerned :<\/td>\n<td>University of Artois<\/td>\n<\/tr>\n<tr>\n<td>Partners :<\/td>\n<td>GEMTEX<br \/>\nP\u00f4le de comp\u00e9titivit\u00e9 Up-tex<\/td>\n<\/tr>\n<\/tbody>\n<\/table>\n<h2><\/h2>\n<h3><strong>Project description<\/strong><\/h3>\n<p>Dans ce projet, nous souhaitons aborder l&#8217;int\u00e9gration de MCP (Mat\u00e9riaux \u00e0 Changement de Phase) dans les \u00e9crans sous toiture pour le cas de b\u00e2timents comportant des combles am\u00e9nag\u00e9s ainsi que des b\u00e2timents avec des toitures en bac acier pour lesquels des surchauffes importantes peuvent survenir en \u00e9t\u00e9 et en intersaison. L&#8217;aspect &#8220;\u00e9conomie d&#8217;\u00e9nergie&#8221; en p\u00e9riode hivernale sera \u00e9galement trait\u00e9.<\/p>\n<p>L\u2019objectif premier est de permettre par cette collaboration de valider la faisabilit\u00e9 technique de l&#8217;int\u00e9gration de MCP dans des \u00e9crans sous toiture tout en optimisant leur performance selon des sc\u00e9narios d\u2019usage d\u00e9finis. Pour atteindre cet objectif, plusieurs \u00e9tapes seront n\u00e9cessaires. Il sera, en premier lieu, n\u00e9cessaire de valider la faisabilit\u00e9 d&#8217;int\u00e9gration d&#8217;un MCP microencapsul\u00e9 dans un mat\u00e9riau textile qui aurait la fonction d&#8217;\u00e9cran sous toiture.<\/p>\n<p>Pour cela, il faudra identifier par mod\u00e9lisation quelles seraient les caract\u00e9ristiques d&#8217;un MCP pouvant bloquer les apports de chaleur dans un b\u00e2timent sous des conditions m\u00e9t\u00e9o pr\u00e9d\u00e9finies. Ensuite, il faudra d\u00e9velopper le mat\u00e9riau r\u00e9pondant au mieux au cahier des charges d\u00e9fini par la mod\u00e9lisation. Une fois le prototype fabriqu\u00e9, le mat\u00e9riau sera caract\u00e9ris\u00e9 afin de conna\u00eetre ses propri\u00e9t\u00e9s thermophysiques indispensables \u00e0 la r\u00e9alisation de simulations num\u00e9riques fiables. La derni\u00e8re \u00e9tape consistera \u00e0 simuler l&#8217;effet de l&#8217;int\u00e9gration de ce mat\u00e9riau \u00e0 l&#8217;\u00e9chelle du b\u00e2timent.<\/p>\n<h3><strong>Scientific contributions from the laboratory<\/strong><\/h3>\n<ul>\n<li>D\u00e9velopper des structures textiles int\u00e9grant un MCP pour contr\u00f4ler les \u00e9changes thermiques et mod\u00e9liser leur comportement pour des applications li\u00e9es \u00e0 l\u2019isolation des b\u00e2timents.<\/li>\n<li>Mod\u00e9liser les propri\u00e9t\u00e9s thermiques des mat\u00e9riaux afin de d\u00e9finir un cahier des charges, dimensionner au mieux les structures et valider ou non l\u2019int\u00e9r\u00eat d\u2019incorporer des MCP dans les applications d\u2019isolation dans le b\u00e2timent.<\/li>\n<li>Valider des hypoth\u00e8ses par la recherche et d&#8217;obtenir des r\u00e9sultats pr\u00e9liminaires sous la forme d&#8217;un mat\u00e9riau prototype, caract\u00e9ris\u00e9 exp\u00e9rimentalement et \u00e9valu\u00e9 num\u00e9riquement en fin de projet.<\/li>\n<\/ul>\n<p>&nbsp;<\/p>","protected":false},"excerpt":{"rendered":"<p>&nbsp; Type de projet : R\u00e9gion &#8211; Actions d&#8217;Initiatives R\u00e9gionales pour la Recherche (AIRR), volet &#8220;Start-AIRR&#8221; Dates : D\u00e9cembre 2016 &#8211; Janvier 2018 Equipe de recherche concern\u00e9e : ER 5 Responsable du projet : Laurent Zalewski Centres concern\u00e9s : Universit\u00e9 d&#8217;Artois Partenaires : GEMTEX P\u00f4le de comp\u00e9titivit\u00e9 Up-tex Description du [&hellip;]<\/p>\n","protected":false},"author":15305,"featured_media":0,"parent":265,"menu_order":0,"comment_status":"closed","ping_status":"closed","template":"","meta":{"_acf_changed":false,"_bbp_topic_count":0,"_bbp_reply_count":0,"_bbp_total_topic_count":0,"_bbp_total_reply_count":0,"_bbp_voice_count":0,"_bbp_anonymous_reply_count":0,"_bbp_topic_count_hidden":0,"_bbp_reply_count_hidden":0,"_bbp_forum_subforum_count":0,"footnotes":""},"class_list":["post-474","page","type-page","status-publish","hentry"],"acf":[],"_links":{"self":[{"href":"https:\/\/www.lgcge.fr\/en\/wp-json\/wp\/v2\/pages\/474","targetHints":{"allow":["GET"]}}],"collection":[{"href":"https:\/\/www.lgcge.fr\/en\/wp-json\/wp\/v2\/pages"}],"about":[{"href":"https:\/\/www.lgcge.fr\/en\/wp-json\/wp\/v2\/types\/page"}],"author":[{"embeddable":true,"href":"https:\/\/www.lgcge.fr\/en\/wp-json\/wp\/v2\/users\/15305"}],"replies":[{"embeddable":true,"href":"https:\/\/www.lgcge.fr\/en\/wp-json\/wp\/v2\/comments?post=474"}],"version-history":[{"count":6,"href":"https:\/\/www.lgcge.fr\/en\/wp-json\/wp\/v2\/pages\/474\/revisions"}],"predecessor-version":[{"id":3359,"href":"https:\/\/www.lgcge.fr\/en\/wp-json\/wp\/v2\/pages\/474\/revisions\/3359"}],"up":[{"embeddable":true,"href":"https:\/\/www.lgcge.fr\/en\/wp-json\/wp\/v2\/pages\/265"}],"wp:attachment":[{"href":"https:\/\/www.lgcge.fr\/en\/wp-json\/wp\/v2\/media?parent=474"}],"curies":[{"name":"wp","href":"https:\/\/api.w.org\/{rel}","templated":true}]}}