{"id":477,"date":"2018-02-07T11:49:48","date_gmt":"2018-02-07T10:49:48","guid":{"rendered":"https:\/\/www.lgcge.fr\/?page_id=477"},"modified":"2020-10-02T15:16:05","modified_gmt":"2020-10-02T13:16:05","slug":"projet-p2ar","status":"publish","type":"page","link":"https:\/\/www.lgcge.fr\/en\/recherches\/projets-et-collaborations\/contrats-er5\/projet-p2ar\/","title":{"rendered":"Projet P2AR &#8211; Paille Anas pour la R\u00e9habilitation"},"content":{"rendered":"<table style=\"width: 100%; height: 343px; border-width: 1px; border-color: #000000;\">\n<tbody>\n<tr>\n<td>Type of project :<\/td>\n<td>Region<\/td>\n<\/tr>\n<tr>\n<td>Dates :<\/td>\n<td>D\u00e9cembre 2014 &#8211; D\u00e9cembre 2017<\/td>\n<\/tr>\n<tr>\n<td>Research team concerned :<\/td>\n<td><a href=\"https:\/\/www.lgcge.fr\/en\/recherches\/equipes-de-recherche\/er5\/\">ER 5<\/a><\/td>\n<\/tr>\n<tr>\n<td>Project manager :<\/td>\n<td><a href=\"https:\/\/www.lgcge.fr\/en\/membre\/emmanuel-antczak\/\">Emmanuel ANTCZAK<\/a><\/td>\n<\/tr>\n<tr>\n<td>Centers concerned :<\/td>\n<td>Universit\u00e9 d&#8217;Artois &#8211; Junia<\/td>\n<\/tr>\n<tr>\n<td>Partners :<\/td>\n<td>cd2e, Yser Houck (association), Solvay<\/td>\n<\/tr>\n<\/tbody>\n<\/table>\n<h3><strong>Project description<\/strong><\/h3>\n<p>Le projet P2AR (Paille Anas pour la R\u00e9habilitation) est financ\u00e9 par la r\u00e9gion Hauts de France (appel \u00e0 projets \u00ab\u00a0Chercheur citoyen\u00a0\u00bb). Son objectif est de d\u00e9velopper une solution d&#8217;isolation abordable des combles perdus de l&#8217;habitat existant dans un secteur o\u00f9 la mati\u00e8re premi\u00e8re, bio-sourc\u00e9e, se trouve \u00e0 proximit\u00e9. La zone g\u00e9ographique cibl\u00e9e est celle de la Flandre, situ\u00e9e entre Bailleul et Dunkerque, o\u00f9 la culture du lin est importante et l\u2019habitat traditionnel ancien prot\u00e9g\u00e9. Le mat\u00e9riau \u00e9tudi\u00e9 est issu du lin qui demeure une culture r\u00e9gionale dont la reconnaissance et le march\u00e9 s&#8217;appuient principalement sur le textile. Les anas, &#8220;\u00e9corce&#8221; du lin, repr\u00e9sentent 50% de la production. Le projet P2AR a pour but d\u2019orienter, par l\u2019action de chacun des acteurs, les anas de lin vers la r\u00e9novation thermique des b\u00e2timents anciens dans leur forme la plus basique, en vrac, dans le cadre des contraintes constructives s\u00e9curitaires n\u00e9cessaires\u00a0: protection incendie, performances thermiques minimales, transferts hygrothermiques ma\u00eetris\u00e9s, durabilit\u00e9\u2026 Deux habitations ont servi de d\u00e9monstrateurs, elles ont \u00e9t\u00e9 isol\u00e9es et instrument\u00e9es pour suivre les performances hygrothermiques des anas en conditions r\u00e9elles d\u2019utilisation.<\/p>\n<table>\n<tbody>\n<tr>\n<td><img loading=\"lazy\" decoding=\"async\" src=\"https:\/\/www.lgcge.fr\/wp-content\/uploads\/2017\/10\/P2AR-anas-lin.jpg\" alt=\"\" width=\"253\" height=\"153\" class=\"wp-image-289 aligncenter\" \/><\/p>\n<p style=\"text-align: center;\"><span style=\"font-size: 10pt;\"><em>Anas de lin en vrac<\/em><\/span><\/p>\n<\/td>\n<td><img loading=\"lazy\" decoding=\"async\" src=\"https:\/\/www.lgcge.fr\/wp-content\/uploads\/2017\/10\/P2AR-ans-combles.jpg\" alt=\"\" width=\"259\" height=\"195\" class=\"wp-image-291 aligncenter\" srcset=\"https:\/\/www.lgcge.fr\/wp-content\/uploads\/2017\/10\/P2AR-ans-combles.jpg 1417w, https:\/\/www.lgcge.fr\/wp-content\/uploads\/2017\/10\/P2AR-ans-combles-300x225.jpg 300w, https:\/\/www.lgcge.fr\/wp-content\/uploads\/2017\/10\/P2AR-ans-combles-768x576.jpg 768w, https:\/\/www.lgcge.fr\/wp-content\/uploads\/2017\/10\/P2AR-ans-combles-1024x768.jpg 1024w, https:\/\/www.lgcge.fr\/wp-content\/uploads\/2017\/10\/P2AR-ans-combles-1320x990.jpg 1320w\" sizes=\"auto, (max-width: 259px) 100vw, 259px\" \/><\/p>\n<p style=\"text-align: center;\"><em><span style=\"font-size: 10pt;\">Anas mis en \u0153uvre dans les combles<\/span><\/em><\/p>\n<\/td>\n<\/tr>\n<\/tbody>\n<\/table>\n<h3><strong>Scientific contributions from the laboratory<\/strong><\/h3>\n<p>L\u2019objectif scientifique de ce projet est de conna\u00eetre les caract\u00e9ristiques du mat\u00e9riau en laboratoire et en conditions de mise en \u0153uvre in situ, en fonction des sollicitations micro-climatiques. Cela concerne les caract\u00e9ristiques physiques (constitution, densit\u00e9, tassement) thermiques (conductivit\u00e9, chaleur sp\u00e9cifique), hydriques (capacit\u00e9 d\u2019adsorption et de d\u00e9sorption d\u2019humidit\u00e9) et de durabilit\u00e9 (d\u00e9veloppement de moisissures).<\/p>\n<p style=\"text-align: center;\"><img loading=\"lazy\" decoding=\"async\" src=\"https:\/\/www.lgcge.fr\/wp-content\/uploads\/2018\/02\/courbe-HR-annuelles_p2ar.jpg\" alt=\"\" width=\"962\" height=\"471\" class=\"alignnone size-full wp-image-478\" srcset=\"https:\/\/www.lgcge.fr\/wp-content\/uploads\/2018\/02\/courbe-HR-annuelles_p2ar.jpg 962w, https:\/\/www.lgcge.fr\/wp-content\/uploads\/2018\/02\/courbe-HR-annuelles_p2ar-300x147.jpg 300w, https:\/\/www.lgcge.fr\/wp-content\/uploads\/2018\/02\/courbe-HR-annuelles_p2ar-768x376.jpg 768w\" sizes=\"auto, (max-width: 962px) 100vw, 962px\" \/><em style=\"text-align: center;\"><span style=\"font-size: 10pt;\">Evolution de l\u2019humidit\u00e9 relative au sein des anas de lin<\/span><\/em><\/p>\n<p>L\u2019origine naturelle du mat\u00e9riau le rend sensible \u00e0 la pr\u00e9sence d\u2019eau sous forme liquide mais le pr\u00e9dispose \u00e0 une capacit\u00e9 de r\u00e9gulation lorsque l\u2019eau se trouve sous forme de vapeur. Les courbes de sorption\/d\u00e9sorption des anas ont \u00e9t\u00e9 \u00e9tablies en laboratoire, en parall\u00e8le des caract\u00e9ristiques thermiques en fonction de leur teneur en eau. Les mesures effectu\u00e9es in situ mettent en \u00e9vidence l\u2019adaptation du mat\u00e9riau aux variations saisonni\u00e8res et ce malgr\u00e9 une teneur en eau massique \u00e9lev\u00e9e au d\u00e9part, li\u00e9e au protocole d\u2019ignifugation du mat\u00e9riau. D\u2019un point de vue thermique, l\u2019amortissement et le d\u00e9phasage des sollicitations induits par le mat\u00e9riau le positionnent favorablement par rapport au isolants traditionnellement utilis\u00e9s dans la construction.<\/p>\n<p><a href=\"https:\/\/www.lgcge.fr\/wp-content\/uploads\/2018\/04\/brochure_p2ar.pdf\" target=\"_blank\" rel=\"noopener noreferrer\">Brochure pr\u00e9sentation du projet P2AR<\/a><\/p>","protected":false},"excerpt":{"rendered":"<p>Type de projet : R\u00e9gion Dates : D\u00e9cembre 2014 &#8211; D\u00e9cembre 2017 Equipe de recherche concern\u00e9e : ER 5 Responsable du projet : Emmanuel ANTCZAK Centres concern\u00e9s : Universit\u00e9 d&#8217;Artois &#8211; Junia Partenaires : cd2e, Yser Houck (association), Solvay Description du projet Le projet P2AR (Paille Anas pour la R\u00e9habilitation) [&hellip;]<\/p>\n","protected":false},"author":15305,"featured_media":0,"parent":265,"menu_order":0,"comment_status":"closed","ping_status":"closed","template":"","meta":{"_acf_changed":false,"_bbp_topic_count":0,"_bbp_reply_count":0,"_bbp_total_topic_count":0,"_bbp_total_reply_count":0,"_bbp_voice_count":0,"_bbp_anonymous_reply_count":0,"_bbp_topic_count_hidden":0,"_bbp_reply_count_hidden":0,"_bbp_forum_subforum_count":0,"footnotes":""},"class_list":["post-477","page","type-page","status-publish","hentry"],"acf":[],"_links":{"self":[{"href":"https:\/\/www.lgcge.fr\/en\/wp-json\/wp\/v2\/pages\/477","targetHints":{"allow":["GET"]}}],"collection":[{"href":"https:\/\/www.lgcge.fr\/en\/wp-json\/wp\/v2\/pages"}],"about":[{"href":"https:\/\/www.lgcge.fr\/en\/wp-json\/wp\/v2\/types\/page"}],"author":[{"embeddable":true,"href":"https:\/\/www.lgcge.fr\/en\/wp-json\/wp\/v2\/users\/15305"}],"replies":[{"embeddable":true,"href":"https:\/\/www.lgcge.fr\/en\/wp-json\/wp\/v2\/comments?post=477"}],"version-history":[{"count":9,"href":"https:\/\/www.lgcge.fr\/en\/wp-json\/wp\/v2\/pages\/477\/revisions"}],"predecessor-version":[{"id":3894,"href":"https:\/\/www.lgcge.fr\/en\/wp-json\/wp\/v2\/pages\/477\/revisions\/3894"}],"up":[{"embeddable":true,"href":"https:\/\/www.lgcge.fr\/en\/wp-json\/wp\/v2\/pages\/265"}],"wp:attachment":[{"href":"https:\/\/www.lgcge.fr\/en\/wp-json\/wp\/v2\/media?parent=477"}],"curies":[{"name":"wp","href":"https:\/\/api.w.org\/{rel}","templated":true}]}}