{"id":484,"date":"2018-02-07T11:56:07","date_gmt":"2018-02-07T10:56:07","guid":{"rendered":"https:\/\/www.lgcge.fr\/?page_id=484"},"modified":"2020-10-02T15:14:09","modified_gmt":"2020-10-02T13:14:09","slug":"projet-mischar","status":"publish","type":"page","link":"https:\/\/www.lgcge.fr\/en\/recherches\/projets-et-collaborations\/contrats-er4\/projet-mischar\/","title":{"rendered":"Projet MisChar &#8211; Refonctionalisation de sols multicontamin\u00e9s au moyen d\u2019un biochar de miscanthus : viabilit\u00e9 \u00e9cologique et int\u00e9r\u00eat socio-\u00e9conomique de modes de gestion en milieux urbain et agricole"},"content":{"rendered":"<table style=\"width: 100%; height: 391px; border-width: 1px; border-color: #000000;\">\n<tbody>\n<tr>\n<td>Type of project :<\/td>\n<td>ADEME<\/td>\n<\/tr>\n<tr>\n<td>Dates :<\/td>\n<td>Novembre 2016 &#8211; Novembre 2020<\/td>\n<\/tr>\n<tr>\n<td>Research team concerned :<\/td>\n<td><a href=\"https:\/\/www.lgcge.fr\/en\/recherches\/equipes-de-recherche\/er4\/\">ER 4<\/a><\/td>\n<\/tr>\n<tr>\n<td>Project manager :<\/td>\n<td><a href=\"https:\/\/www.lgcge.fr\/en\/membre\/francis-douay\/\">Francis Douay<\/a><\/td>\n<\/tr>\n<tr>\n<td>Center concerned :<\/td>\n<td>Junia, Universit\u00e9 de Lille<\/td>\n<\/tr>\n<tr>\n<td>Partners :<\/td>\n<td>Universit\u00e9 de Lille, INRA, Universit\u00e9 catholique de Louvain, EPF Nord-Pas-de-Calais, Chambre r\u00e9gionale d\u2019agriculture du Nord-Pas de Calais, AGRIOPALE, EACM, Norenvert, N\u00e9o-Eco d\u00e9veloppement,<br \/>\nTeam\u00b2<\/td>\n<\/tr>\n<tr>\n<td>Website :<\/td>\n<td><a href=\"https:\/\/mischar-43.webself.net\/\" target=\"_blank\" rel=\"noopener noreferrer\">https:\/\/mischar-43.webself.net\/<\/a><\/td>\n<\/tr>\n<\/tbody>\n<\/table>\n<p><strong>Project description<\/strong><\/p>\n<p>Bas\u00e9 sur des dispositifs exp\u00e9rimentaux\u00a0<em>in situ<\/em>\u00a0et une d\u00e9marche pluridisciplinaire, le projet MisChar \u00e9value l\u2019int\u00e9r\u00eat d\u2019un charbon v\u00e9g\u00e9tal (biochar) comme amendement pour\u00a0:<\/p>\n<ul>\n<li>\u00a0Restaurer la fonctionnalit\u00e9 de sols urbains et agricoles affect\u00e9s par des activit\u00e9s industrielles pass\u00e9es,<\/li>\n<li>\u00a0R\u00e9duire durablement la mobilit\u00e9 et la biodisponibilit\u00e9 de polluants inorganiques et organiques (phytostabilisation et phyto\/rhizod\u00e9gradation assist\u00e9es),<\/li>\n<li>\u00a0R\u00e9pondre \u00e0 des attentes socio-\u00e9conomiques.<\/li>\n<\/ul>\n<p>La production de biochar s\u2019inscrit dans le cadre d\u2019une \u00e9conomie circulaire en utilisant une biomasse v\u00e9g\u00e9tale,\u00a0<em>Miscanthus x giganteus<\/em>, cultiv\u00e9e sur des sols agricoles fortement contamin\u00e9s par des m\u00e9taux.<\/p>\n<p>Le biochar est un des produits issus de la pyrolyse d\u2019une biomasse. Cet amendement est connu pour apporter des \u00e9l\u00e9ments nutritifs aux plantes, cr\u00e9er des micro-habitats pour les microorganismes du sol, am\u00e9liorer les potentialit\u00e9s agronomiques de celui-ci, influer sur le comportement des polluants.<\/p>\n<p><em>Miscanthus x giganteus<\/em>\u00a0est une gramin\u00e9e, robuste, originaire d\u2019Asie, n\u00e9cessitant peu d\u2019intrants, peu sensible aux maladies et d\u2019une croissance importante et rapide. Cette esp\u00e8ce hybride est aujourd\u2019hui consid\u00e9r\u00e9e avec int\u00e9r\u00eat notamment pour la production d\u2019une biomasse lignocellulosique. En accumulant peu le cadmium et le plomb dans ses parties a\u00e9riennes, elle repr\u00e9sente une culture alternative sur des sols contamin\u00e9s par les activit\u00e9s industrielles.<\/p>\n<p>En s\u2019inscrivant dans les probl\u00e9matiques de l\u2019ancien bassin minier du Nord \u2013 Pas de Calais, Mischar int\u00e8gre deux volets compl\u00e9mentaires, lesquels sont des enjeux majeurs pour les collectivit\u00e9s et les services de l\u2019Etat.<\/p>\n<p>La requalification des espaces urbains contamin\u00e9s vise aussi \u00e0 r\u00e9pondre \u00e0 des attentes en termes de besoins de nature et d\u2019espaces de proximit\u00e9 des habitants, d\u2019am\u00e9lioration de la qualit\u00e9 des paysages, de maintien et de r\u00e9alisation de continuit\u00e9s \u00e9cologiques et paysag\u00e8res, de gestion et de restauration de sites \u00e0 haute valeur \u00e9cologique tout en prot\u00e9geant les ressources naturelles.<\/p>\n<p>La reconversion de territoires agricoles massivement contamin\u00e9s en contribuant au d\u00e9veloppement de biomasses v\u00e9g\u00e9tales non alimentaires r\u00e9pondant \u00e0 des attentes soci\u00e9tales et \u00e9conomiques. Parmi ces biomasses, le chanvre industriel pr\u00e9sente des d\u00e9bouch\u00e9s \u00e9conomiques int\u00e9ressants. Il pourrait constituer une culture alternative n\u00e9cessitant toutefois d\u2019adapter les pratiques culturales pour tenir compte de la capacit\u00e9 du chanvre \u00e0 accumuler les m\u00e9taux dans ses parties a\u00e9riennes.<\/p>\n<p>Dans ce contexte, l\u2019int\u00e9r\u00eat du biochar de miscanthus m\u00e9rite d\u2019\u00eatre \u00e9tudi\u00e9 avec pour objectif de mettre en place des d\u00e9monstrateurs techniques et financiers pour mieux conna\u00eetre et promouvoir les modes de gestion des sols multicontamin\u00e9s aupr\u00e8s des acteurs des territoires concern\u00e9s (collectivit\u00e9s, bureaux d\u2019\u00e9tudes, entreprises sp\u00e9cialis\u00e9es dans la r\u00e9alisation et la gestion d\u2019espaces v\u00e9g\u00e9talis\u00e9s urbains, profession agricole, utilisateurs de biomasses v\u00e9g\u00e9tales, associations\u2026).<\/p>\n<p><strong>Scientific contributions from the laboratory<\/strong><\/p>\n<p>L\u2019apport scientifique r\u00e9side dans la mise en place d\u2019une d\u00e9marche pluridisciplinaire d\u00e9di\u00e9e \u00e0 apporter des \u00e9l\u00e9ments de r\u00e9ponse sur l\u2019int\u00e9r\u00eat de modes de gestion de sols multicontamin\u00e9s avec pour finalit\u00e9 de r\u00e9duire les dangers environnementaux et sanitaires tout en contribuant \u00e0 r\u00e9pondre \u00e0 des attentes soci\u00e9tales et \u00e9conomiques.<\/p>","protected":false},"excerpt":{"rendered":"<p>Type de projet : ADEME Dates : Novembre 2016 &#8211; Novembre 2020 Equipe de recherche concern\u00e9e : ER 4 Responsable du projet : Francis Douay Centre concern\u00e9 : Junia, Universit\u00e9 de Lille Partenaires : Universit\u00e9 de Lille, INRA, Universit\u00e9 catholique de Louvain, EPF Nord-Pas-de-Calais, Chambre r\u00e9gionale d\u2019agriculture du Nord-Pas de [&hellip;]<\/p>\n","protected":false},"author":15305,"featured_media":0,"parent":368,"menu_order":0,"comment_status":"closed","ping_status":"closed","template":"","meta":{"_acf_changed":false,"_bbp_topic_count":0,"_bbp_reply_count":0,"_bbp_total_topic_count":0,"_bbp_total_reply_count":0,"_bbp_voice_count":0,"_bbp_anonymous_reply_count":0,"_bbp_topic_count_hidden":0,"_bbp_reply_count_hidden":0,"_bbp_forum_subforum_count":0,"footnotes":""},"class_list":["post-484","page","type-page","status-publish","hentry"],"acf":[],"_links":{"self":[{"href":"https:\/\/www.lgcge.fr\/en\/wp-json\/wp\/v2\/pages\/484","targetHints":{"allow":["GET"]}}],"collection":[{"href":"https:\/\/www.lgcge.fr\/en\/wp-json\/wp\/v2\/pages"}],"about":[{"href":"https:\/\/www.lgcge.fr\/en\/wp-json\/wp\/v2\/types\/page"}],"author":[{"embeddable":true,"href":"https:\/\/www.lgcge.fr\/en\/wp-json\/wp\/v2\/users\/15305"}],"replies":[{"embeddable":true,"href":"https:\/\/www.lgcge.fr\/en\/wp-json\/wp\/v2\/comments?post=484"}],"version-history":[{"count":8,"href":"https:\/\/www.lgcge.fr\/en\/wp-json\/wp\/v2\/pages\/484\/revisions"}],"predecessor-version":[{"id":3860,"href":"https:\/\/www.lgcge.fr\/en\/wp-json\/wp\/v2\/pages\/484\/revisions\/3860"}],"up":[{"embeddable":true,"href":"https:\/\/www.lgcge.fr\/en\/wp-json\/wp\/v2\/pages\/368"}],"wp:attachment":[{"href":"https:\/\/www.lgcge.fr\/en\/wp-json\/wp\/v2\/media?parent=484"}],"curies":[{"name":"wp","href":"https:\/\/api.w.org\/{rel}","templated":true}]}}