{"id":7467,"date":"2025-07-16T15:15:53","date_gmt":"2025-07-16T13:15:53","guid":{"rendered":"https:\/\/www.lgcge.fr\/?page_id=7467"},"modified":"2025-07-16T16:21:03","modified_gmt":"2025-07-16T14:21:03","slug":"projet-coron","status":"publish","type":"page","link":"https:\/\/www.lgcge.fr\/en\/projet-coron\/","title":{"rendered":"Projet CORON"},"content":{"rendered":"<table width=\"896\" height=\"410\">\n<tbody>\n<tr>\n<td><img loading=\"lazy\" decoding=\"async\" width=\"150\" height=\"150\" src=\"https:\/\/www.lgcge.fr\/wp-content\/uploads\/2024\/12\/LOGO-CORON-150x150.png\" alt=\"\" srcset=\"https:\/\/www.lgcge.fr\/wp-content\/uploads\/2024\/12\/LOGO-CORON-150x150.png 150w, https:\/\/www.lgcge.fr\/wp-content\/uploads\/2024\/12\/LOGO-CORON-300x300.png 300w, https:\/\/www.lgcge.fr\/wp-content\/uploads\/2024\/12\/LOGO-CORON-12x12.png 12w, https:\/\/www.lgcge.fr\/wp-content\/uploads\/2024\/12\/LOGO-CORON.png 500w\" sizes=\"auto, (max-width: 150px) 100vw, 150px\" \/><\/td>\n<td>\n<h1 style=\"text-align: left;\">DESCRIPTION DU PROJET<\/h1>\n<\/td>\n<\/tr>\n<tr>\n<td colspan=\"2\" style=\"background-color: #1a3253;\">\n<p><strong><span data-buffer=\"&lt;!--(Adobe)%7B%22type%22%3A%22horizonObject%22%2C%22payload%22%3A%7B%22docId%22%3A%22urn%3Aaaid%3Asc%3AEU%3A755cd732-16f0-56f2-af67-26425af04aa2%22%2C%22repositoryId%22%3A%2263BAE1CE543E7D1D0A4C98A5%40AdobeOrg%22%2C%22copyClientId%22%3A%228bafdad9-fd4b-4276-a3cd-12647bedf216%22%2C%22docModel%22%3A%7B%22isFullDocument%22%3Afalse%2C%22serializedECS%22%3A%7B%22AssetInfo%22%3A%7B%22ComponentWithTrait%22%3A%7B%7D%2C%22Persistable%22%3A%7B%7D%7D%2C%22BitmapReference%22%3A%7B%22ComponentWithTrait%22%3A%7B%7D%2C%22Persistable%22%3A%7B%7D%2C%22ForwardReference%22%3A%7B%7D%7D%2C%22BitmapRole%22%3A%7B%22ComponentWithTrait%22%3A%7B%7D%2C%22Persistable%22%3A%7B%7D%7D%2C%22BlendMode%22%3A%7B%22ComponentWithTrait%22%3A%7B%7D%2C%22Persistable%22%3A%7B%7D%7D%2C%22CanvasColor%22%3A%7B%22ComponentWithTrait%22%3A%7B%7D%2C%22Persistable%22%3A%7B%7D%7D%2C%22ContentCredentialsMetadata%22%3A%7B%22ComponentWithTrait%22%3A%7B%7D%2C%22Persistable%22%3A%7B%7D%7D%2C%22LinkedAssetMetadata%22%3A%7B%22ComponentWithTrait%22%3A%7B%7D%2C%22Persistable%22%3A%7B%7D%7D%2C%22EllipseGeometry%22%3A%7B%22ComponentWithTrait%22%3A%7B%7D%2C%22Persistable%22%3A%7B%7D%7D%2C%22FillChildOf%22%3A%7B%22ComponentWithTrait%22%3A%7B%7D%2C%22Persistable%22%3A%7B%7D%2C%22ChildOf%22%3A%7B%7D%7D%2C%22FillColor%22%3A%7B%22ComponentWithTrait%22%3A%7B%7D%2C%22Persistable%22%3A%7B%7D%2C%22IsColor%22%3A%7B%7D%7D%2C%22FillTransform%22%3A%7B%22ComponentWithTrait%22%3A%7B%7D%2C%22Persistable%22%3A%7B%7D%7D%2C%22FillType%22%3A%7B%22ComponentWithTrait%22%3A%7B%7D%2C%22Persistable%22%3A%7B%7D%7D%2C%22ImageSaliencyMetadata%22%3A%7B%22ComponentWithTrait%22%3A%7B%7D%2C%22Persistable%22%3A%7B%7D%7D%2C%22InvisibleBoundingBox%22%3A%7B%22ComponentWithTrait%22%3A%7B%7D%2C%22Persistable%22%3A%7B%7D%7D%2C%22IsCropGroup%22%3A%7B%22ComponentWithTrait%22%3A%7B%7D%2C%22Persistable%22%3A%7B%7D%7D%2C%22LineGeometry%22%3A%7B%22ComponentWithTrait%22%3A%7B%7D%2C%22Persistable%22%3A%7B%7D%7D%2C%22MarkedForImport%22%3A%7B%22ComponentWithTrait%22%3A%7B%7D%2C%22Persistable%22%3A%7B%7D%7D%2C%22ObjectFit%22%3A%7B%22ComponentWithTrait%22%3A%7B%7D%2C%22Persistable%22%3A%7B%7D%7D%2C%22PixelInformation%22%3A%7B%22ComponentWithTrait%22%3A%7B%7D%2C%22Persistable%22%3A%7B%7D%7D%2C%22RectangleCornerRadii%22%3A%7B%22ComponentWithTrait%22%3A%7B%7D%2C%22Persistable%22%3A%7B%7D%7D%2C%22RectangleGeometry%22%3A%7B%22ComponentWithTrait%22%3A%7B%7D%2C%22Persistable%22%3A%7B%7D%7D%2C%22ResourceAvailability%22%3A%7B%22ComponentWithTrait%22%3A%7B%7D%2C%22Persistable%22%3A%7B%7D%7D%2C%22ResourceHasCaiData%22%3A%7B%22ComponentWithTrait%22%3A%7B%7D%2C%22Persistable%22%3A%7B%7D%7D%2C%22ResourceChildOf%22%3A%7B%22ComponentWithTrait%22%3A%7B%7D%2C%22Persistable%22%3A%7B%7D%2C%22ChildOf%22%3A%7B%7D%7D%2C%22ResourceCollectionChildOf%22%3A%7B%22ComponentWithTrait%22%3A%7B%7D%2C%22Persistable%22%3A%7B%7D%2C%22ChildOf%22%3A%7B%7D%2C%22WeakChildOf%22%3A%7B%7D%7D%2C%22ResourceCollectionInfo%22%3A%7B%22ComponentWithTrait%22%3A%7B%7D%2C%22Persistable%22%3A%7B%7D%7D%2C%22ResourceCollectionOriginalContentHashSHA1%22%3A%7B%22ComponentWithTrait%22%3A%7B%7D%2C%22Persistable%22%3A%7B%7D%7D%2C%22ResourceCollectionOriginalFileName%22%3A%7B%22ComponentWithTrait%22%3A%7B%7D%2C%22Persistable%22%3A%7B%7D%7D%2C%22ResourceCollectionOriginalMimeType%22%3A%7B%22ComponentWithTrait%22%3A%7B%7D%2C%22Persistable%22%3A%7B%7D%7D%2C%22ResourceCollectionOriginalResourceSize%22%3A%7B%22ComponentWithTrait%22%3A%7B%7D%2C%22Persistable%22%3A%7B%7D%7D%2C%22ResourceDimensions%22%3A%7B%22ComponentWithTrait%22%3A%7B%7D%2C%22Persistable%22%3A%7B%7D%7D%2C%22ResourceInfo%22%3A%7B%22ComponentWithTrait%22%3A%7B%7D%2C%22Persistable%22%3A%7B%7D%7D%2C%22ResourceNeedsPublishing%22%3A%7B%22ComponentWithTrait%22%3A%7B%7D%2C%22Persistable%22%3A%7B%7D%7D%2C%22ResourcePreferredPixelFormat%22%3A%7B%22ComponentWithTrait%22%3A%7B%7D%2C%22Persistable%22%3A%7B%7D%7D%2C%22ResourceUrl%22%3A%7B%22ComponentWithTrait%22%3A%7B%7D%2C%22Persistable%22%3A%7B%7D%7D%2C%22SceneNodeAspectLock%22%3A%7B%22ComponentWithTrait%22%3A%7B%7D%2C%22Persistable%22%3A%7B%7D%7D%2C%22SceneNodeChildOf%22%3A%7B%22ComponentWithTrait%22%3A%7B%7D%2C%22Persistable%22%3A%7B%7D%2C%22ChildOf%22%3A%7B%7D%7D%2C%22SceneNodeLockCurrent%22%3A%7B%22ComponentWithTrait%22%3A%7B%7D%2C%22Persistable%22%3A%7B%7D%2C%22AffectsEditabilityTrait%22%3A%7B%7D%7D%2C%22SceneNodeLockMinimum%22%3A%7B%22ComponentWithTrait%22%3A%7B%7D%2C%22Persistable%22%3A%7B%7D%7D%2C%22SceneNodeLockUponRemix%22%3A%7B%22ComponentWithTrait%22%3A%7B%7D%2C%22Persistable%22%3A%7B%7D%7D%2C%22SceneNodeName%22%3A%7B%22ComponentWithTrait%22%3A%7B%7D%2C%22Persistable%22%3A%7B%7D%7D%2C%22SceneNodeOpacity%22%3A%7B%22ComponentWithTrait%22%3A%7B%7D%2C%22Persistable%22%3A%7B%7D%7D%2C%22SceneNodeTransform%22%3A%7B%22ComponentWithTrait%22%3A%7B%7D%2C%22Persistable%22%3A%7B%7D%7D%2C%22SceneNodeType%22%3A%7B%22ComponentWithTrait%22%3A%7B%7D%2C%22Persistable%22%3A%7B%7D%7D%2C%22slot%22%3A%7B%22ComponentWithTrait%22%3A%7B%7D%2C%22Persistable%22%3A%7B%7D%7D%2C%22StrokeCap%22%3A%7B%22ComponentWithTrait%22%3A%7B%7D%2C%22Persistable%22%3A%7B%7D%7D%2C%22StrokeChildOf%22%3A%7B%22ComponentWithTrait%22%3A%7B%7D%2C%22Persistable%22%3A%7B%7D%2C%22ChildOf%22%3A%7B%7D%7D%2C%22StrokeColor%22%3A%7B%22ComponentWithTrait%22%3A%7B%7D%2C%22Persistable%22%3A%7B%7D%2C%22IsColor%22%3A%7B%7D%7D%2C%22StrokeDashGeometry%22%3A%7B%22ComponentWithTrait%22%3A%7B%7D%2C%22Persistable%22%3A%7B%7D%7D%2C%22StrokeJoin%22%3A%7B%22ComponentWithTrait%22%3A%7B%7D%2C%22Persistable%22%3A%7B%7D%7D%2C%22StrokeMiter%22%3A%7B%22ComponentWithTrait%22%3A%7B%7D%2C%22Persistable%22%3A%7B%7D%7D%2C%22StrokePosition%22%3A%7B%22ComponentWithTrait%22%3A%7B%7D%2C%22Persistable%22%3A%7B%7D%7D%2C%22StrokeType%22%3A%7B%22ComponentWithTrait%22%3A%7B%7D%2C%22Persistable%22%3A%7B%7D%7D%2C%22StrokeWidth%22%3A%7B%22ComponentWithTrait%22%3A%7B%7D%2C%22Persistable%22%3A%7B%7D%7D%2C%22SourceAssetIdentifier%22%3A%7B%22ComponentWithTrait%22%3A%7B%7D%2C%22Persistable%22%3A%7B%7D%7D%2C%22TimingInfo%22%3A%7B%22ComponentWithTrait%22%3A%7B%7D%2C%22Persistable%22%3A%7B%7D%7D%2C%22VisibleBoundingBox%22%3A%7B%22ComponentWithTrait%22%3A%7B%7D%2C%22Persistable%22%3A%7B%7D%7D%2C%22BatchCreateDataMapping%22%3A%7B%22ComponentWithTrait%22%3A%7B%7D%2C%22Persistable%22%3A%7B%7D%7D%2C%22SceneNodeAncestorLockState%22%3A%7B%22ComponentWithTrait%22%3A%7B%7D%2C%22AffectsEditabilityTrait%22%3A%7B%7D%7D%2C%22%23decoration%22%3A%7B%22NonPersistable%22%3A%7B%7D%7D%2C%22%23canvas%22%3A%7B%22NonPersistable%22%3A%7B%7D%7D%2C%22%23effects%22%3A%7B%22NonPersistable%22%3A%7B%7D%7D%2C%22ResourceIsUploading%22%3A%7B%22ComponentWithTrait%22%3A%7B%7D%2C%22PendingSave%22%3A%7B%7D%7D%2C%22ResourceCollectionIsStoringInIDB%22%3A%7B%22ComponentWithTrait%22%3A%7B%7D%2C%22PendingSave%22%3A%7B%7D%7D%2C%2286450b1b-dc07-4bc8-802f-4299d5fbd9aa%22%3A%7B%22SceneNodeTransform%22%3A%7B%22x%22%3A1571.25830078125%2C%22y%22%3A1213.7398681640625%2C%22rotation%22%3A0%2C%22scaleX%22%3A4.166666666666667%2C%22scaleY%22%3A4.166666666666667%7D%2C%22SceneNodeType%22%3A%7B%22type%22%3A%22Text%22%7D%2C%22TextType%22%3A%7B%22allowMultiframe%22%3Afalse%7D%2C%22TextAlignment%22%3A%7B%22alignment%22%3A4%7D%2C%22TextGeometry%22%3A%7B%22type%22%3A2%2C%22damaged%22%3Atrue%2C%22width%22%3A389.37890625%2C%22height%22%3A157.3468017578125%2C%22baselineOffset%22%3A0%7D%2C%22TextModel%22%3A%7B%22text%22%3A%22OBJECTIF%5CrApporter%20des%20r%C3%A9ponses%20sur%20l%E2%80%99am%C3%A9lioration%20de%20la%20qualit%C3%A9%20de%20l%E2%80%99air%2C%20du%20confort%20thermique%20et%20la%20baisse%20des%20consommations%20%C3%A9nerg%C3%A9tiques%20%C3%A0%20partir%20de%20bio%2Fg%C3%A9oressources.%5Cr%C3%89valuation%20du%20confort%20voire%20des%20plaisirs%20thermohydriques%20ressentis%20par%20les%20habitants%2C%20puis%20de%20l%E2%80%99acceptabilit%C3%A9%20et%20de%20l%E2%80%99%C3%A9volution%20des%20pratiques%20habitantes%20vis-%C3%A0-vis%20des%20am%C3%A9nagements.%22%2C%22styles%22%3A%7B%22ranges%22%3A%5B%7B%22charStyle%22%3A%7B%22assigned%22%3A493%2C%22font%22%3A%7B%22source%22%3A%22AF%22%2C%22id%22%3A%22TkD-47089-9e6fd2cc22399bdd23496c6d562c89b9751a4283%22%2C%22postscriptName%22%3A%22SourceSans3-Bold%22%2C%22family%22%3A%22Source%20Sans%203%22%2C%22style%22%3A%22Bold%22%7D%2C%22originalFont%22%3A%7B%22source%22%3A%22AF%22%2C%22id%22%3A%22TkD-47089-9e6fd2cc22399bdd23496c6d562c89b9751a4283%22%2C%22postscriptName%22%3A%22SourceSans3-Bold%22%2C%22family%22%3A%22Source%20Sans%203%22%2C%22style%22%3A%22Bold%22%7D%2C%22fontSize%22%3A16.332454681396484%2C%22color%22%3A%7B%22a%22%3A1%2C%22r%22%3A0.12156862765550613%2C%22g%22%3A0.19607843458652496%2C%22b%22%3A0.32156863808631897%7D%2C%22strikethrough%22%3Afalse%2C%22tracking%22%3A0%2C%22underline%22%3Afalse%2C%22features%22%3A%5B%5D%2C%22textScript%22%3A0%7D%2C%22length%22%3A9%7D%2C%7B%22charStyle%22%3A%7B%22assigned%22%3A493%2C%22font%22%3A%7B%22source%22%3A%22AF%22%2C%22id%22%3A%22TkD-47081-83341dae76d9d03b3fe8b27115fa8f94eff9b1d1%22%2C%22postscriptName%22%3A%22SourceSans3-Regular%22%2C%22family%22%3A%22Source%20Sans%203%22%2C%22style%22%3A%22Regular%22%7D%2C%22originalFont%22%3A%7B%22source%22%3A%22AF%22%2C%22id%22%3A%22TkD-47081-83341dae76d9d03b3fe8b27115fa8f94eff9b1d1%22%2C%22postscriptName%22%3A%22SourceSans3-Regular%22%2C%22family%22%3A%22Source%20Sans%203%22%2C%22style%22%3A%22Regular%22%7D%2C%22fontSize%22%3A15.3324556350708%2C%22color%22%3A%7B%22a%22%3A1%2C%22r%22%3A0.12156862765550613%2C%22g%22%3A0.19607843458652496%2C%22b%22%3A0.32156863808631897%7D%2C%22strikethrough%22%3Afalse%2C%22tracking%22%3A0%2C%22underline%22%3Afalse%2C%22features%22%3A%5B%5D%2C%22textScript%22%3A0%7D%2C%22length%22%3A341%7D%5D%2C%22paragraphs%22%3A%5B%7B%22style%22%3A%7B%22leading%22%3A%7B%22amount%22%3A1.2000000476837158%2C%22type%22%3A1%7D%2C%22listStyle%22%3A%7B%22listId%22%3A%22%22%2C%22listLevel%22%3A0%7D%2C%22direction%22%3A0%2C%22spaceAfter%22%3A0%2C%22spaceBefore%22%3A0%2C%22assigned%22%3A15%7D%2C%22length%22%3A9%7D%2C%7B%22style%22%3A%7B%22leading%22%3A%7B%22amount%22%3A1.2000000476837158%2C%22type%22%3A1%7D%2C%22listStyle%22%3A%7B%22listId%22%3A%22%22%2C%22listLevel%22%3A0%7D%2C%22direction%22%3A0%2C%22spaceAfter%22%3A10%2C%22spaceBefore%22%3A0%2C%22assigned%22%3A15%7D%2C%22length%22%3A161%7D%2C%7B%22style%22%3A%7B%22leading%22%3A%7B%22amount%22%3A1.2000000476837158%2C%22type%22%3A1%7D%2C%22listStyle%22%3A%7B%22listId%22%3A%22%22%2C%22listLevel%22%3A0%7D%2C%22direction%22%3A0%2C%22spaceAfter%22%3A10%2C%22spaceBefore%22%3A0%2C%22assigned%22%3A15%7D%2C%22length%22%3A180%7D%5D%2C%22listStyles%22%3A%5B%5D%7D%2C%22objectStyle%22%3A%7B%22languageLayoutProfile%22%3A%7B%22name%22%3A%22langDefault%22%2C%22version%22%3A1%7D%7D%7D%2C%22TextDefaultValueChanged%22%3A%7B%7D%2C%22TextForwardReferencesMap%22%3A%7B%22entityIdMapping%22%3A%7B%7D%7D%2C%22ArtboardRelativeSceneNodeTransform%22%3A%7B%22x%22%3A1571.25830078125%2C%22y%22%3A1213.7398681640625%2C%22rotation%22%3A0%7D%2C%22CopyPastePixelInformation%22%3A%7B%22density%22%3A300%7D%7D%7D%2C%22version%22%3A329%2C%22draftDocumentModels%22%3A%22%22%7D%2C%22entityIds%22%3A%5B%2286450b1b-dc07-4bc8-802f-4299d5fbd9aa%22%5D%7D%2C%22metadata%22%3A%7B%22sourceContext%22%3A%2228dba14c-be9e-441f-ac41-20209c33db8d%22%7D%7D(\/Adobe)--&gt;\" style=\"color: #ffffff;\">OBJECTIFS<\/span><\/strong><\/p>\n<p data-pm-slice=\"1 1 []\"><span style=\"color: #ffffff;\">Le projet CORON vise \u00e0 <strong>d\u00e9montrer l\u2019efficacit\u00e9 des mati\u00e8res vivantes<\/strong> comme les v\u00e9g\u00e9taux (bioressources), et des substances min\u00e9rales (g\u00e9oressources) <strong>dans la r\u00e9novation l\u00e9g\u00e8re de logements anciens<\/strong>, en particulier des maisons ouvri\u00e8res du bassin minier du Pas-de-Calais.<\/span><\/p>\n<p><span style=\"color: #ffffff;\">En associant recherches en laboratoire et interventions sur le terrain, il \u00e9value ces solutions \u00e0 la fois sur leurs performances techniques et leur acceptabilit\u00e9 aupr\u00e8s des habitants au regard de leurs croyances et de leurs habitudes.<\/span><\/p>\n<p><span style=\"color: #ffffff;\">Parall\u00e8lement, le projet accompagne les habitants en leur apprenant \u00e0 mieux g\u00e9rer leur consommation \u00e0 travers des ateliers, pour utiliser les ressources de mani\u00e8re plus responsable et r\u00e9sonn\u00e9e.<\/span><\/p>\n<\/td>\n<\/tr>\n<\/tbody>\n<\/table>\n<h2><\/h2>\n\n\n<figure class=\"wp-block-image size-large is-resized\"><img loading=\"lazy\" decoding=\"async\" width=\"1024\" height=\"437\" src=\"https:\/\/www.lgcge.fr\/wp-content\/uploads\/2025\/07\/Rue-Harnes-1024x437.png\" alt=\"\" class=\"wp-image-7484\" style=\"width:804px;height:auto\" srcset=\"https:\/\/www.lgcge.fr\/wp-content\/uploads\/2025\/07\/Rue-Harnes-1024x437.png 1024w, https:\/\/www.lgcge.fr\/wp-content\/uploads\/2025\/07\/Rue-Harnes-300x128.png 300w, https:\/\/www.lgcge.fr\/wp-content\/uploads\/2025\/07\/Rue-Harnes-768x327.png 768w, https:\/\/www.lgcge.fr\/wp-content\/uploads\/2025\/07\/Rue-Harnes-1536x655.png 1536w, https:\/\/www.lgcge.fr\/wp-content\/uploads\/2025\/07\/Rue-Harnes-18x8.png 18w, https:\/\/www.lgcge.fr\/wp-content\/uploads\/2025\/07\/Rue-Harnes-1320x563.png 1320w, https:\/\/www.lgcge.fr\/wp-content\/uploads\/2025\/07\/Rue-Harnes.png 1862w\" sizes=\"auto, (max-width: 1024px) 100vw, 1024px\" \/><\/figure>\n\n\n\n<div style=\"height:50px\" aria-hidden=\"true\" class=\"wp-block-spacer\"><\/div>\n\n\n\n<p><strong><mark style=\"background-color:#1A3253\" class=\"has-inline-color has-white-color\">CONSTATS ET QUESTIONNEMENT<\/mark><\/strong><\/p>\n\n\n\n<ul class=\"wp-block-list\">\n<li>\u00c9tudier comment les mat\u00e9riaux naturels, comme la terre, g\u00e8rent l&#8217;humidit\u00e9 et la chaleur.,<\/li>\n\n\n\n<li><strong>Voir comment les mat\u00e9riaux naturels utilis\u00e9s pour les finitions et l&#8217;isolation peuvent aider les habitants \u00e0 adopter de meilleures habitudes de consommation,<\/strong><\/li>\n\n\n\n<li>Mesurer le confort ressenti : relation entre mat\u00e9riaux\/produits\/dispositifs constructifs et les multiples profils d\u2019usagers,<\/li>\n\n\n\n<li><strong>Tester aupr\u00e8s de la population pour comprendre comment les gens per\u00e7oivent les mat\u00e9riaux naturels comme la terre crue.<\/strong><\/li>\n<\/ul>\n\n\n\n<figure class=\"wp-block-image size-large\"><img loading=\"lazy\" decoding=\"async\" width=\"2560\" height=\"1439\" src=\"https:\/\/www.lgcge.fr\/wp-content\/uploads\/2025\/07\/DSC04300-edited-scaled.jpg\" alt=\"\" class=\"wp-image-7494\" srcset=\"https:\/\/www.lgcge.fr\/wp-content\/uploads\/2025\/07\/DSC04300-edited-scaled.jpg 2560w, https:\/\/www.lgcge.fr\/wp-content\/uploads\/2025\/07\/DSC04300-edited-300x169.jpg 300w, https:\/\/www.lgcge.fr\/wp-content\/uploads\/2025\/07\/DSC04300-edited-1024x576.jpg 1024w, https:\/\/www.lgcge.fr\/wp-content\/uploads\/2025\/07\/DSC04300-edited-768x432.jpg 768w, https:\/\/www.lgcge.fr\/wp-content\/uploads\/2025\/07\/DSC04300-edited-1536x863.jpg 1536w, https:\/\/www.lgcge.fr\/wp-content\/uploads\/2025\/07\/DSC04300-edited-2048x1151.jpg 2048w, https:\/\/www.lgcge.fr\/wp-content\/uploads\/2025\/07\/DSC04300-edited-18x10.jpg 18w, https:\/\/www.lgcge.fr\/wp-content\/uploads\/2025\/07\/DSC04300-edited-128x72.jpg 128w, https:\/\/www.lgcge.fr\/wp-content\/uploads\/2025\/07\/DSC04300-edited-1320x742.jpg 1320w\" sizes=\"auto, (max-width: 2560px) 100vw, 2560px\" \/><\/figure>\n\n\n\n<div style=\"height:65px\" aria-hidden=\"true\" class=\"wp-block-spacer\"><\/div>\n\n\n\n<p>Un projet financ\u00e9 par l&#8217;Agence Nationale de la recherche, et port\u00e9 par l&#8217;Universit\u00e9 d&#8217;Artois, le Laboratoire de G\u00e9nie Civil et g\u00e9o-Environnement, l\u2019Institut parisien de recherche architecture urbanistiqe soci\u00e9t\u00e9, l&#8217;Ecole nationale sup\u00e9rieure d&#8217;architecture et la Mission Bassin Minier.<\/p>\n\n\n\n<figure class=\"wp-block-image size-large\"><img loading=\"lazy\" decoding=\"async\" width=\"1024\" height=\"128\" src=\"https:\/\/www.lgcge.fr\/wp-content\/uploads\/2025\/07\/Ban-partenaires-1024x128.png\" alt=\"\" class=\"wp-image-7489\" srcset=\"https:\/\/www.lgcge.fr\/wp-content\/uploads\/2025\/07\/Ban-partenaires-1024x128.png 1024w, https:\/\/www.lgcge.fr\/wp-content\/uploads\/2025\/07\/Ban-partenaires-300x38.png 300w, https:\/\/www.lgcge.fr\/wp-content\/uploads\/2025\/07\/Ban-partenaires-768x96.png 768w, https:\/\/www.lgcge.fr\/wp-content\/uploads\/2025\/07\/Ban-partenaires-1536x192.png 1536w, https:\/\/www.lgcge.fr\/wp-content\/uploads\/2025\/07\/Ban-partenaires-2048x256.png 2048w, https:\/\/www.lgcge.fr\/wp-content\/uploads\/2025\/07\/Ban-partenaires-18x2.png 18w, https:\/\/www.lgcge.fr\/wp-content\/uploads\/2025\/07\/Ban-partenaires-1320x165.png 1320w\" sizes=\"auto, (max-width: 1024px) 100vw, 1024px\" \/><\/figure>","protected":false},"excerpt":{"rendered":"<p>DESCRIPTION DU PROJET OBJECTIFS Le projet CORON vise \u00e0 d\u00e9montrer l\u2019efficacit\u00e9 des mati\u00e8res vivantes comme les v\u00e9g\u00e9taux (bioressources), et des substances min\u00e9rales (g\u00e9oressources) dans la r\u00e9novation l\u00e9g\u00e8re de logements anciens, en particulier des maisons ouvri\u00e8res du bassin minier du Pas-de-Calais. En associant recherches en laboratoire et interventions sur le terrain, [&hellip;]<\/p>\n","protected":false},"author":15305,"featured_media":0,"parent":0,"menu_order":0,"comment_status":"closed","ping_status":"closed","template":"","meta":{"_acf_changed":false,"_bbp_topic_count":0,"_bbp_reply_count":0,"_bbp_total_topic_count":0,"_bbp_total_reply_count":0,"_bbp_voice_count":0,"_bbp_anonymous_reply_count":0,"_bbp_topic_count_hidden":0,"_bbp_reply_count_hidden":0,"_bbp_forum_subforum_count":0,"footnotes":""},"class_list":["post-7467","page","type-page","status-publish","hentry"],"acf":[],"_links":{"self":[{"href":"https:\/\/www.lgcge.fr\/en\/wp-json\/wp\/v2\/pages\/7467","targetHints":{"allow":["GET"]}}],"collection":[{"href":"https:\/\/www.lgcge.fr\/en\/wp-json\/wp\/v2\/pages"}],"about":[{"href":"https:\/\/www.lgcge.fr\/en\/wp-json\/wp\/v2\/types\/page"}],"author":[{"embeddable":true,"href":"https:\/\/www.lgcge.fr\/en\/wp-json\/wp\/v2\/users\/15305"}],"replies":[{"embeddable":true,"href":"https:\/\/www.lgcge.fr\/en\/wp-json\/wp\/v2\/comments?post=7467"}],"version-history":[{"count":18,"href":"https:\/\/www.lgcge.fr\/en\/wp-json\/wp\/v2\/pages\/7467\/revisions"}],"predecessor-version":[{"id":7500,"href":"https:\/\/www.lgcge.fr\/en\/wp-json\/wp\/v2\/pages\/7467\/revisions\/7500"}],"wp:attachment":[{"href":"https:\/\/www.lgcge.fr\/en\/wp-json\/wp\/v2\/media?parent=7467"}],"curies":[{"name":"wp","href":"https:\/\/api.w.org\/{rel}","templated":true}]}}